{"id":24396,"date":"2018-10-16T12:07:34","date_gmt":"2018-10-16T12:07:34","guid":{"rendered":"http:\/\/travelsafe.nl\/privacybeleid\/"},"modified":"2023-05-30T13:56:09","modified_gmt":"2023-05-30T13:56:09","slug":"privacybeleid","status":"publish","type":"page","link":"https:\/\/travelsafe.nl\/de\/privacybeleid\/","title":{"rendered":"Datenschutzerkl\u00e4rung"},"content":{"rendered":"<p>Datenschutzerkl\u00e4rung von TravelSafe \/ Van bergen Sports Int BV<\/p>\n<p>Wir sind uns bewusst dass Sie uns vertrauen. Wir sehen es daher als unsere Verantwortung an Ihre Privatsph\u00e4re zu sch\u00fctzen. Auf dieser Seite teilen wir Ihnen mit welche Informationen wir sammeln, wenn Sie unsere Website nutzen warum wir diese Informationen sammeln und wie wir diese Informationen verwenden um Ihre Benutzererfahrung zu verbessern. Auf diese Weise verstehen Sie genau wie wir arbeiten.<\/p>\n<p>Diese Datenschutzerkl\u00e4rung gilt f\u00fcr die Dienste der TravelSafe \/ Van Bergen Sports Int BV. Sie sollten sich bewusst sein dass TravelSafe \/ Van Bergen Sports Int BV nicht f\u00fcr die Datenschutzrichtlinien anderer Websites und Quellen verantwortlich sind. Durch die Nutzung dieser Website erkl\u00e4ren Sie sich mit unseren Datenschutzbestimmungen einverstanden.<\/p>\n<p>TravelSafe \/ Van Bergen Sports Int BV respektieren die Privatsph\u00e4re aller Benutzer ihrer Website und stellen sicher dass die von Ihnen angegebenen pers\u00f6nlichen Daten vertraulich behandelt werden.<\/p>\n<p><strong style=\"font-style: inherit;\">Kommunikation<\/strong><\/p>\n<p>Wenn Sie uns E-Mails oder andere Nachrichten senden werden diese m\u00f6glicherweise gespeichert. Manchmal bitten wir Sie um Ihre pers\u00f6nlichen Daten die f\u00fcr die jeweilige Situation relevant sind. Dies erm\u00f6glicht es Ihre Fragen zu bearbeiten und Ihre Anfragen zu beantworten. Die Daten werden auf sicheren Servern der TravelSafe \/ Van Bergen Sports Int BV gespeichert. Wir werden diese Informationen nicht mit anderen pers\u00f6nlichen Informationen die wir haben kombinieren.<\/p>\n<p><strong style=\"font-style: inherit;\">Cookies<\/strong><\/p>\n<p>Wenn Sie einen Kommentar auf unserer Seite hinterlassen, k\u00f6nnen Sie angeben, ob Ihr Name, Ihre E-Mail-Adresse und Ihre Website in einem Cookie gespeichert werden d\u00fcrfen. Wir tun dies f\u00fcr Sie, damit Sie diese Informationen f\u00fcr eine neue Antwort nicht erneut eingeben m\u00fcssen. Diese Cookies sind ein Jahr lang g\u00fcltig.<\/p>\n<p>Wenn Sie ein Konto haben und sich auf dieser Website anmelden, setzen wir ein tempor\u00e4res Cookie, um festzustellen, ob Ihr Browser Cookies akzeptiert. Dieses Cookie enth\u00e4lt keine personenbezogenen Daten und wird gel\u00f6scht, wenn Sie Ihren Browser schlie\u00dfen.<\/p>\n<p>Sobald Sie sich anmelden, speichern wir einige Cookies im Zusammenhang mit Ihren Anmeldeinformationen und Bildschirmanzeigeoptionen. Login-Cookies sind 2 Tage g\u00fcltig und Cookies f\u00fcr Bildschirmoptionen sind 1 Jahr g\u00fcltig. Wenn Sie \u201eAngemeldet bleiben\u201c ausw\u00e4hlen, wird Ihr Login 2 Wochen lang gespeichert. Sobald Sie sich von Ihrem Konto abmelden, werden Anmeldecookies gel\u00f6scht.<\/p>\n<p>Wenn Sie eine Nachricht bearbeiten oder ver\u00f6ffentlichen, wird ein zus\u00e4tzlicher Cookie von Ihrem Browser gespeichert. Dieses Cookie enth\u00e4lt keine personenbezogenen Daten und enth\u00e4lt lediglich die Beitrags-ID des von Ihnen bearbeiteten Artikels. Dieses Cookie l\u00e4uft nach einem Tag ab.<\/p>\n<p><strong style=\"font-style: inherit;\">Dritte<\/strong><\/p>\n<p>Die Informationen werden nicht an Dritte weitergegeben. Unsere Mitarbeiter sind verpflichtet die Vertraulichkeit Ihrer Daten zu respektieren.<\/p>\n<p><strong style=\"font-style: inherit;\">\u00c4nderungen<\/strong><\/p>\n<p>Diese Datenschutzerkl\u00e4rung ist auf die Nutzung und die M\u00f6glichkeiten dieser Website zugeschnitten. Anpassungen und \/ oder \u00c4nderungen an dieser Website k\u00f6nnen zu \u00c4nderungen in dieser Datenschutzerkl\u00e4rung f\u00fchren. Es ist daher ratsam diese Datenschutzerkl\u00e4rung regelm\u00e4\u00dfig zu konsultieren.<\/p>\n<p><strong style=\"font-style: inherit;\">Auswahlm\u00f6glichkeiten f\u00fcr pers\u00f6nliche Informationen<\/strong><\/p>\n<p>Wir bieten allen Besuchern die M\u00f6glichkeit alle uns derzeit zur Verf\u00fcgung gestellten pers\u00f6nlichen Daten anzuzeigen, zu \u00e4ndern oder zu l\u00f6schen.<\/p>\n<p><strong>Analytik, Mit wem wir Ihre Daten teilen, Wie lange wir Ihre Daten aufbewahren<\/strong><\/p>\n<p>Wenn Sie einen Kommentar hinterlassen, werden dieser Kommentar und die Metadaten dieses Kommentars f\u00fcr immer gespeichert. Auf diese Weise k\u00f6nnen wir Folgekommentare automatisch erkennen und freigeben, anstatt sie moderieren zu m\u00fcssen.<\/p>\n<p>F\u00fcr Nutzer, die sich auf unserer Website registrieren, speichern wir ggf. auch personenbezogene Daten in ihrem Nutzerprofil. Alle Benutzer k\u00f6nnen ihre pers\u00f6nlichen Daten jederzeit einsehen, \u00e4ndern oder l\u00f6schen (der Benutzername kann nicht ge\u00e4ndert werden). Auch Website-Administratoren k\u00f6nnen diese Informationen einsehen und \u00e4ndern.<\/p>\n<p><strong style=\"font-style: inherit;\">Cookies ausschalten<\/strong><\/p>\n<p>Die meisten Browser akzeptieren standardm\u00e4\u00dfig Cookies. Sie k\u00f6nnen Ihren Browser jedoch zur\u00fccksetzen um alle Cookies abzulehnen oder anzugeben wann ein Cookie gesendet wird. Einige Funktionen und Dienste auf unseren und anderen Websites funktionieren jedoch m\u00f6glicherweise nicht ordnungsgem\u00e4\u00df, wenn Cookies in Ihrem Browser deaktiviert sind.<\/p>\n<p><strong style=\"font-style: inherit;\">Fragen und Feedback<\/strong><\/p>\n<p>Wenn Sie Fragen zu dieser Datenschutzrichtlinie haben, wenden Sie sich bitte an uns:<\/p>\n<p>TravelSafe \/ Van Bergen Sports Int BV<br \/>\nPostfach 131<br \/>\n3641 AC MIjdrecht<br \/>\nNiederlande<br \/>\nInfo@travelsafe.nl<\/p>\n<p>&nbsp;<\/p>\n","protected":false},"excerpt":{"rendered":"<p>Datenschutzerkl\u00e4rung von TravelSafe \/ Van bergen Sports Int BV Wir sind uns bewusst dass Sie uns vertrauen. Wir sehen es daher als&hellip;<\/p>\n","protected":false},"author":1,"featured_media":0,"parent":0,"menu_order":0,"comment_status":"closed","ping_status":"closed","template":"","meta":{"_acf_changed":false,"footnotes":""},"class_list":["post-24396","page","type-page","status-publish","hentry"],"acf":[],"_links":{"self":[{"href":"https:\/\/travelsafe.nl\/de\/wp-json\/wp\/v2\/pages\/24396","targetHints":{"allow":["GET"]}}],"collection":[{"href":"https:\/\/travelsafe.nl\/de\/wp-json\/wp\/v2\/pages"}],"about":[{"href":"https:\/\/travelsafe.nl\/de\/wp-json\/wp\/v2\/types\/page"}],"author":[{"embeddable":true,"href":"https:\/\/travelsafe.nl\/de\/wp-json\/wp\/v2\/users\/1"}],"replies":[{"embeddable":true,"href":"https:\/\/travelsafe.nl\/de\/wp-json\/wp\/v2\/comments?post=24396"}],"version-history":[{"count":3,"href":"https:\/\/travelsafe.nl\/de\/wp-json\/wp\/v2\/pages\/24396\/revisions"}],"predecessor-version":[{"id":45180,"href":"https:\/\/travelsafe.nl\/de\/wp-json\/wp\/v2\/pages\/24396\/revisions\/45180"}],"wp:attachment":[{"href":"https:\/\/travelsafe.nl\/de\/wp-json\/wp\/v2\/media?parent=24396"}],"curies":[{"name":"wp","href":"https:\/\/api.w.org\/{rel}","templated":true}]}}