{"id":29754,"date":"2019-06-10T23:22:00","date_gmt":"2019-06-10T23:22:00","guid":{"rendered":"http:\/\/travelsafe.nl\/assortiment\/unkategorisiert\/sting-bis-kit\/"},"modified":"2023-04-07T14:01:02","modified_gmt":"2023-04-07T14:01:02","slug":"sting-bis-kit","status":"publish","type":"product","link":"https:\/\/travelsafe.nl\/de\/assortiment\/apotheker\/erste-hilfe-sets\/sting-bis-kit\/","title":{"rendered":"Stiche &#038; Bisse Kit \u2013Erste-Hilfe-Set"},"content":{"rendered":"<p>Stechende oder bei\u00dfende Insekten sind Ruhest\u00f6rer und k\u00f6nnen einem die Laune ganz sch\u00f6n verderben! Dieses neue Sting &amp; Bite Relief-Set wurde speziell f\u00fcr die Erste Hilfe bei Insekten-Stichen und -Bissen entwickelt. Der ideale Begleiter f\u00fcr Urlaub, Wanderungen, Fernreisen oder einfach f\u00fcr Zuhause. Hiermit k\u00f6nnen Sie Stiche oder Bisse sofort behandeln, um sich die negativen Folgen weitestgehend zu ersparen.<\/p>\n<p>Wenn Sie unter Umst\u00e4nden nicht direkt ad\u00e4quate medizinische Hilfe erhalten k\u00f6nnen, kann dies zu gef\u00e4hrlichen Situationen f\u00fchren. Darum sollten Sie eine gute Ausr\u00fcstung mit sich f\u00fchren.\u00a0TravelSafe\u00a0hat f\u00fcr jedes Reiseziel und jede Aktivit\u00e4t ein kompaktes und handliches Erste-Hilfe-Set entwickelt, wenn n\u00f6tig sogar mit der passenden Arzterkl\u00e4rung. Reisen Sie in ein Land ohne Risiko auf Hepatitis B\/HIV (dies sind namentlich die europ\u00e4ischen L\u00e4nder), dann gen\u00fcgt das blaue\/ rotes Erste-Hilfe-Set. Das orange\/Fluor-gelb\u00a0Sterile-Set ist anzuraten, wenn Sie L\u00e4nder mit Risiko auf Hepatitis B\/HIV bereisen. Hierbei sollte man an Afrika, S\u00fcdamerika und Asien, also die Sub-Tropen denken.<\/p>\n<p>Abmessungen: 18,5 x 9 x 3,5 cm<br \/>\nGewicht:\u00a0 \u00a0 \u00a0 \u00a0 \u00a0 \u00a0100 g<br \/>\nMaterial:\u00a0 \u00a0 \u00a0 \u00a0 \u00a0 \u00a0100% Polyester<br \/>\nArtikel:\u00a0 \u00a0 \u00a0 \u00a0 \u00a0 \u00a0 \u00a0 11<\/p>\n<p>Inhalt:<br \/>\n1 X Extraktor mit 1 Saug-D\u00fcsen.<br \/>\n1 x Reise sicher Biss Relief lotion<br \/>\n4 x wasserdichte Pflaster<br \/>\n4 x Alkoholtupfer<br \/>\nPraktische Aufbewahrungstasche<\/p>\n","protected":false},"excerpt":{"rendered":"<p>Stechende oder bei\u00dfende Insekten sind Ruhest\u00f6rer und k\u00f6nnen einem die Laune ganz sch\u00f6n verderben! Dieses neue Sting &amp; Bite Relief-Set wurde speziell&hellip;<\/p>\n","protected":false},"featured_media":36679,"template":"","meta":{"_acf_changed":false},"product_brand":[],"product_cat":[2361,2512,2289],"product_tag":[],"class_list":{"0":"post-29754","1":"product","2":"type-product","3":"status-publish","4":"has-post-thumbnail","6":"product_cat-apotheker","7":"product_cat-erste-hilfe-sets","8":"product_cat-ehbo-kits","10":"first","11":"instock","12":"purchasable","13":"product-type-simple"},"acf":[],"_links":{"self":[{"href":"https:\/\/travelsafe.nl\/de\/wp-json\/wp\/v2\/product\/29754","targetHints":{"allow":["GET"]}}],"collection":[{"href":"https:\/\/travelsafe.nl\/de\/wp-json\/wp\/v2\/product"}],"about":[{"href":"https:\/\/travelsafe.nl\/de\/wp-json\/wp\/v2\/types\/product"}],"wp:featuredmedia":[{"embeddable":true,"href":"https:\/\/travelsafe.nl\/de\/wp-json\/wp\/v2\/media\/36679"}],"wp:attachment":[{"href":"https:\/\/travelsafe.nl\/de\/wp-json\/wp\/v2\/media?parent=29754"}],"wp:term":[{"taxonomy":"product_brand","embeddable":true,"href":"https:\/\/travelsafe.nl\/de\/wp-json\/wp\/v2\/product_brand?post=29754"},{"taxonomy":"product_cat","embeddable":true,"href":"https:\/\/travelsafe.nl\/de\/wp-json\/wp\/v2\/product_cat?post=29754"},{"taxonomy":"product_tag","embeddable":true,"href":"https:\/\/travelsafe.nl\/de\/wp-json\/wp\/v2\/product_tag?post=29754"}],"curies":[{"name":"wp","href":"https:\/\/api.w.org\/{rel}","templated":true}]}}