{"id":35721,"date":"2019-06-10T23:22:00","date_gmt":"2019-06-10T23:22:00","guid":{"rendered":"http:\/\/travelsafe.nl\/assortiment\/unkategorisiert\/kopf-moskitonetz-grn\/"},"modified":"2023-04-07T14:01:03","modified_gmt":"2023-04-07T14:01:03","slug":"kopf-moskitonetz-grn","status":"publish","type":"product","link":"https:\/\/travelsafe.nl\/de\/assortiment\/insektenschutz\/kopfnetze\/kopf-moskitonetz-grn\/","title":{"rendered":"Mini Moskitonetz Hauptnetz &#8211; Basic"},"content":{"rendered":"<p>Dieses Mini-Kopfnetz ist ideal f\u00fcr Bereiche, in denen Sie unter \u00a0kleinen Insekten leiden. Das Netz ist am bequemsten, wenn es \u00fcber Ihrer eigenen M\u00fctze oder Ihre Hut getragen, kann aber auch ohne Kappe oder Hut getragen werden. Diese Hauptnetz ist ideal f\u00fcr Wanderer und Fischer, aber auch kein unn\u00f6tiger Luxus, wenn Sie nach Skandinavien reisen. Aufgrund seiner geringen Gr\u00f6\u00dfe ist es leicht zu tragen. Und weil es auf die Haut so nah verwendet wird, wird es nicht impr\u00e4gniert.<\/p>\n<p>Abmessungen: Eine Gr\u00f6\u00dfe<br \/>\nGewicht:\u00a0 \u00a0 \u00a0 \u00a0 \u00a0 \u00a0 45 g<br \/>\nMaterial:\u00a0 \u00a0 \u00a0 \u00a0 \u00a0 \u00a0100% Polyester<br \/>\nDichte:\u00a0 \u00a0 \u00a0 \u00a0 \u00a0 \u00a0 \u00a0 800 L\u00f6cher \/ Inch\u00b2<\/p>\n","protected":false},"excerpt":{"rendered":"<p>Dieses Mini-Kopfnetz ist ideal f\u00fcr Bereiche, in denen Sie unter \u00a0kleinen Insekten leiden. Das Netz ist am bequemsten, wenn es \u00fcber Ihrer&hellip;<\/p>\n","protected":false},"featured_media":32118,"template":"","meta":{"_acf_changed":false},"product_brand":[],"product_cat":[2362,2525],"product_tag":[],"class_list":{"0":"post-35721","1":"product","2":"type-product","3":"status-publish","4":"has-post-thumbnail","6":"product_cat-insektenschutz","7":"product_cat-kopfnetze","9":"first","10":"instock","11":"purchasable","12":"product-type-simple"},"acf":[],"_links":{"self":[{"href":"https:\/\/travelsafe.nl\/de\/wp-json\/wp\/v2\/product\/35721","targetHints":{"allow":["GET"]}}],"collection":[{"href":"https:\/\/travelsafe.nl\/de\/wp-json\/wp\/v2\/product"}],"about":[{"href":"https:\/\/travelsafe.nl\/de\/wp-json\/wp\/v2\/types\/product"}],"wp:featuredmedia":[{"embeddable":true,"href":"https:\/\/travelsafe.nl\/de\/wp-json\/wp\/v2\/media\/32118"}],"wp:attachment":[{"href":"https:\/\/travelsafe.nl\/de\/wp-json\/wp\/v2\/media?parent=35721"}],"wp:term":[{"taxonomy":"product_brand","embeddable":true,"href":"https:\/\/travelsafe.nl\/de\/wp-json\/wp\/v2\/product_brand?post=35721"},{"taxonomy":"product_cat","embeddable":true,"href":"https:\/\/travelsafe.nl\/de\/wp-json\/wp\/v2\/product_cat?post=35721"},{"taxonomy":"product_tag","embeddable":true,"href":"https:\/\/travelsafe.nl\/de\/wp-json\/wp\/v2\/product_tag?post=35721"}],"curies":[{"name":"wp","href":"https:\/\/api.w.org\/{rel}","templated":true}]}}