{"id":35722,"date":"2019-06-10T23:22:03","date_gmt":"2019-06-10T23:22:03","guid":{"rendered":"http:\/\/travelsafe.nl\/assortiment\/unkategorisiert\/netcap\/"},"modified":"2023-04-07T14:01:03","modified_gmt":"2023-04-07T14:01:03","slug":"netcap","status":"publish","type":"product","link":"https:\/\/travelsafe.nl\/de\/assortiment\/insektenschutz\/kopfnetze\/netcap\/","title":{"rendered":"Netcap &#8211; Insektenschutzkappe"},"content":{"rendered":"<p>Ein modernes Cape, das immer getragen werden kann und im Handumdrehen als Schutz gegen alle stechenden und bei\u00dfenden Insekten dienen kann. Durch die Velcro ist die Kappe leicht in der Gr\u00f6\u00dfe anpassen. Genau wie das Kopf-M\u00fcckennetz sch\u00fctzt auch das Netcap den ganzen Kopf und, da Sie die B\u00e4nder unter Ihren Armen befestigen, auch Ihren Nacken.<\/p>\n<p>Abmessungen: Eine Gr\u00f6\u00dfe<br \/>\nGewicht:\u00a0 \u00a0 \u00a0 \u00a0 \u00a0 \u00a095 g<br \/>\nMaterial:\u00a0 \u00a0 \u00a0 \u00a0 \u00a0 \u00a0Polycotton\/Mesh<\/p>\n","protected":false},"excerpt":{"rendered":"<p>Ein modernes Cape, das immer getragen werden kann und im Handumdrehen als Schutz gegen alle stechenden und bei\u00dfenden Insekten dienen kann. Durch&hellip;<\/p>\n","protected":false},"featured_media":37063,"template":"","meta":{"_acf_changed":false},"product_brand":[],"product_cat":[2362,2525],"product_tag":[],"class_list":{"0":"post-35722","1":"product","2":"type-product","3":"status-publish","4":"has-post-thumbnail","6":"product_cat-insektenschutz","7":"product_cat-kopfnetze","9":"first","10":"onbackorder","11":"purchasable","12":"product-type-simple"},"acf":[],"_links":{"self":[{"href":"https:\/\/travelsafe.nl\/de\/wp-json\/wp\/v2\/product\/35722","targetHints":{"allow":["GET"]}}],"collection":[{"href":"https:\/\/travelsafe.nl\/de\/wp-json\/wp\/v2\/product"}],"about":[{"href":"https:\/\/travelsafe.nl\/de\/wp-json\/wp\/v2\/types\/product"}],"wp:featuredmedia":[{"embeddable":true,"href":"https:\/\/travelsafe.nl\/de\/wp-json\/wp\/v2\/media\/37063"}],"wp:attachment":[{"href":"https:\/\/travelsafe.nl\/de\/wp-json\/wp\/v2\/media?parent=35722"}],"wp:term":[{"taxonomy":"product_brand","embeddable":true,"href":"https:\/\/travelsafe.nl\/de\/wp-json\/wp\/v2\/product_brand?post=35722"},{"taxonomy":"product_cat","embeddable":true,"href":"https:\/\/travelsafe.nl\/de\/wp-json\/wp\/v2\/product_cat?post=35722"},{"taxonomy":"product_tag","embeddable":true,"href":"https:\/\/travelsafe.nl\/de\/wp-json\/wp\/v2\/product_tag?post=35722"}],"curies":[{"name":"wp","href":"https:\/\/api.w.org\/{rel}","templated":true}]}}