{"id":35723,"date":"2019-06-10T23:22:03","date_gmt":"2019-06-10T23:22:03","guid":{"rendered":"http:\/\/travelsafe.nl\/assortiment\/unkategorisiert\/headmosquitonet-gummiring\/"},"modified":"2023-04-07T14:01:03","modified_gmt":"2023-04-07T14:01:03","slug":"headmosquitonet-gummiring","status":"publish","type":"product","link":"https:\/\/travelsafe.nl\/de\/assortiment\/insektenschutz\/kopfnetze\/headmosquitonet-gummiring\/","title":{"rendered":"Kopf-M\u00fcckennetz mit Gummiring"},"content":{"rendered":"<p>TravelSafe hat speziell das Kopf-M\u00fcckennetz entwickelt. Dieses Kopf-M\u00fcckennetz sch\u00fctzt den ganzen Kopf und einen Teil des Nackens gegen alle Insekten mit Hilfe eines Gummirings, der verhindert, dass das Netz am Gesicht haftet. Ein unentbehrlicher Artikel f\u00fcr z. B. Teilnehmer von Dschungelreisen oder in der Umgebung wasserreicher Gebiete, wie in Skandinavien.<\/p>\n<p>Abmessungen: \u00a0Eine Gr\u00f6\u00dfe<br \/>\nGewicht:\u00a0 \u00a0 \u00a0 \u00a0 \u00a0 \u00a038 g<br \/>\nMaterial:\u00a0 \u00a0 \u00a0 \u00a0 \u00a0 \u00a0Polyester\/Mesh<\/p>\n","protected":false},"excerpt":{"rendered":"<p>TravelSafe hat speziell das Kopf-M\u00fcckennetz entwickelt. Dieses Kopf-M\u00fcckennetz sch\u00fctzt den ganzen Kopf und einen Teil des Nackens gegen alle Insekten mit Hilfe&hellip;<\/p>\n","protected":false},"featured_media":32151,"template":"","meta":{"_acf_changed":false},"product_brand":[],"product_cat":[2288,2525],"product_tag":[],"class_list":{"0":"post-35723","1":"product","2":"type-product","3":"status-publish","4":"has-post-thumbnail","6":"product_cat-ehbo-kit","7":"product_cat-kopfnetze","9":"first","10":"instock","11":"purchasable","12":"product-type-simple"},"acf":[],"_links":{"self":[{"href":"https:\/\/travelsafe.nl\/de\/wp-json\/wp\/v2\/product\/35723","targetHints":{"allow":["GET"]}}],"collection":[{"href":"https:\/\/travelsafe.nl\/de\/wp-json\/wp\/v2\/product"}],"about":[{"href":"https:\/\/travelsafe.nl\/de\/wp-json\/wp\/v2\/types\/product"}],"wp:featuredmedia":[{"embeddable":true,"href":"https:\/\/travelsafe.nl\/de\/wp-json\/wp\/v2\/media\/32151"}],"wp:attachment":[{"href":"https:\/\/travelsafe.nl\/de\/wp-json\/wp\/v2\/media?parent=35723"}],"wp:term":[{"taxonomy":"product_brand","embeddable":true,"href":"https:\/\/travelsafe.nl\/de\/wp-json\/wp\/v2\/product_brand?post=35723"},{"taxonomy":"product_cat","embeddable":true,"href":"https:\/\/travelsafe.nl\/de\/wp-json\/wp\/v2\/product_cat?post=35723"},{"taxonomy":"product_tag","embeddable":true,"href":"https:\/\/travelsafe.nl\/de\/wp-json\/wp\/v2\/product_tag?post=35723"}],"curies":[{"name":"wp","href":"https:\/\/api.w.org\/{rel}","templated":true}]}}