{"id":35726,"date":"2019-06-10T23:22:05","date_gmt":"2019-06-10T23:22:05","guid":{"rendered":"http:\/\/travelsafe.nl\/assortiment\/unkategorisiert\/mckennetz-2-pers-boxstijl\/"},"modified":"2023-05-11T08:13:48","modified_gmt":"2023-05-11T08:13:48","slug":"mckennetz-2-pers-boxstijl","status":"publish","type":"product","link":"https:\/\/travelsafe.nl\/de\/assortiment\/moskitonetz\/basic-moskitonetz\/zwei-personen\/mckennetz-2-pers-boxstijl\/","title":{"rendered":"Moskitonetz Box Modell \u2013 2-Personen"},"content":{"rendered":"<p>Diese Serie rechteckiger Moskitonetze (Modell Box) wird mit einer Abdeckung und einem Aufh\u00e4ngesystem geliefert. Dieser besteht aus 20 Meter Befestigungsdraht und Montagehaken. Dieses Modell f\u00fcr Doppelbetten ist auch auf dem Campingplatz oder zu Hause weit verbreitet und wird nicht impr\u00e4gniert.<\/p>\n<p>TravelSafe bietet ein komplettes Sortiment an Moskitonetzen. F\u00fcr jede Kategorie von Reisenden hat TravelSafe das passende Moskitonetz. F\u00fcr Reisen in die Tropen sollten Sie sich immer f\u00fcr das Tropical Moskitonetz entscheiden. Bleiben Sie in Europa, w\u00e4hlen Sie das klassische Moskitonetz, und wenn Sie in Richtung Skandinavien \/ Schottland verreisen, ist ein besonders feinmaschiges Moskitonetz das Richtige. Alle Netze von TravelSafe erf\u00fcllen die h\u00f6chsten Qualit\u00e4tsanforderungen, sind rundum geschlossen und feinmaschig, und bestimmte Modelle verf\u00fcgen \u00fcberdies \u00fcber einen besonders robusten Einstiegsstreifen.<br \/>\nDas einzigartige Farbcodesystem erleichtert Ihnen die Wahl. Bei den in blauen Taschen verpackten Netzen handelt es sich um die klassischen Moskitonetze f\u00fcr Reisen innerhalb Europas; die in gr\u00fcnen Taschen verpackten Netze sind besonders feinmaschig und sch\u00fctzen Sie vor den allerkleinsten Insekten, wie die Midges, die in Skandinavien\/Schottland vorkommen. Die in orangefarbenen Taschen verpackten Netze sind speziell f\u00fcr die Benutzung in den Tropen konzipiert.<\/p>\n<p>Abmessungen: \u00a0220 x 200 x 200 cm<br \/>\nGewicht:\u00a0 \u00a0 \u00a0 \u00a0 \u00a0 \u00a0750 g<br \/>\nMaterial:\u00a0 \u00a0 \u00a0 \u00a0 \u00a0 \u00a0100% Polyester \/ Mesh<br \/>\nPersonen:\u00a0 \u00a0 \u00a0 \u00a0 \u00a0 2<br \/>\nDichte:\u00a0 \u00a0 \u00a0 \u00a0 \u00a0 \u00a0 \u00a0 225 L\u00f6cher \/ Inch\u00b2<\/p>\n","protected":false},"excerpt":{"rendered":"<p>Diese Serie rechteckiger Moskitonetze (Modell Box) wird mit einer Abdeckung und einem Aufh\u00e4ngesystem geliefert. Dieser besteht aus 20 Meter Befestigungsdraht und Montagehaken.&hellip;<\/p>\n","protected":false},"featured_media":32183,"template":"","meta":{"_acf_changed":false},"product_brand":[],"product_cat":[2526,2306,2363,2529],"product_tag":[],"class_list":{"0":"post-35726","1":"product","2":"type-product","3":"status-publish","4":"has-post-thumbnail","6":"product_cat-basic-moskitonetz","7":"product_cat-basic","8":"product_cat-moskitonetz","9":"product_cat-zwei-personen","11":"first","12":"instock","13":"purchasable","14":"product-type-simple"},"acf":[],"_links":{"self":[{"href":"https:\/\/travelsafe.nl\/de\/wp-json\/wp\/v2\/product\/35726","targetHints":{"allow":["GET"]}}],"collection":[{"href":"https:\/\/travelsafe.nl\/de\/wp-json\/wp\/v2\/product"}],"about":[{"href":"https:\/\/travelsafe.nl\/de\/wp-json\/wp\/v2\/types\/product"}],"wp:featuredmedia":[{"embeddable":true,"href":"https:\/\/travelsafe.nl\/de\/wp-json\/wp\/v2\/media\/32183"}],"wp:attachment":[{"href":"https:\/\/travelsafe.nl\/de\/wp-json\/wp\/v2\/media?parent=35726"}],"wp:term":[{"taxonomy":"product_brand","embeddable":true,"href":"https:\/\/travelsafe.nl\/de\/wp-json\/wp\/v2\/product_brand?post=35726"},{"taxonomy":"product_cat","embeddable":true,"href":"https:\/\/travelsafe.nl\/de\/wp-json\/wp\/v2\/product_cat?post=35726"},{"taxonomy":"product_tag","embeddable":true,"href":"https:\/\/travelsafe.nl\/de\/wp-json\/wp\/v2\/product_tag?post=35726"}],"curies":[{"name":"wp","href":"https:\/\/api.w.org\/{rel}","templated":true}]}}