{"id":35727,"date":"2019-06-10T23:22:05","date_gmt":"2019-06-10T23:22:05","guid":{"rendered":"http:\/\/travelsafe.nl\/assortiment\/unkategorisiert\/pyramide-mosquitonet-1-pers-pyramide-stil\/"},"modified":"2023-05-11T08:15:18","modified_gmt":"2023-05-11T08:15:18","slug":"pyramide-mosquitonet-1-pers-pyramide-stil","status":"publish","type":"product","link":"https:\/\/travelsafe.nl\/de\/assortiment\/moskitonetz\/basic-moskitonetz\/1-2-person-basic-moskitonetz\/pyramide-mosquitonet-1-pers-pyramide-stil\/","title":{"rendered":"Moskitonetz Pyramide Modell \u2013 1-Person"},"content":{"rendered":"<p>Diese Serie Pyramidenmodellen wird mit einem Abdeckungs- und Aufh\u00e4ngesystem geliefert, das aus 10 Metern Befestigungsdraht und Montagehaken besteht. Dieses Modell l\u00e4sst sich leicht an einem Ring aufh\u00e4ngen und die Konstruktion sorgt daf\u00fcr, dass sich das Moskitonetz gut \u00fcber Ihren Schlafplatz ausbreitet. Diese Version ist f\u00fcr ein Einzelbett geeignet und wird nicht impr\u00e4gniert.<\/p>\n<p>TravelSafe bietet ein komplettes Sortiment an Moskitonetzen. F\u00fcr jede Kategorie von Reisenden hat TravelSafe das passende Moskitonetz. F\u00fcr Reisen in die Tropen sollten Sie sich immer f\u00fcr das Tropical Moskitonetz entscheiden. Bleiben Sie in Europa, w\u00e4hlen Sie das klassische Moskitonetz, und wenn Sie in Richtung Skandinavien \/ Schottland verreisen, ist ein besonders feinmaschiges Moskitonetz das Richtige. Alle Netze von TravelSafe erf\u00fcllen die h\u00f6chsten Qualit\u00e4tsanforderungen, sind rundum geschlossen und feinmaschig, und bestimmte Modelle verf\u00fcgen \u00fcberdies \u00fcber einen besonders robusten Einstiegsstreifen.<br \/>\nDas einzigartige Farbcodesystem erleichtert Ihnen die Wahl. Bei den in blauen Taschen verpackten Netzen handelt es sich um die klassischen Moskitonetze f\u00fcr Reisen innerhalb Europas; die in gr\u00fcnen Taschen verpackten Netze sind besonders feinmaschig und sch\u00fctzen Sie vor den allerkleinsten Insekten, wie die Midges, die in Skandinavien\/Schottland vorkommen. Die in orangefarbenen Taschen verpackten Netze sind speziell f\u00fcr die Benutzung in den Tropen konzipiert.<\/p>\n<p>Abmessungen: \u00a0\u00d8 800 x 240 cm<br \/>\nGewicht:\u00a0 \u00a0 \u00a0 \u00a0 \u00a0 \u00a0445 g<br \/>\nMaterial:\u00a0 \u00a0 \u00a0 \u00a0 \u00a0 \u00a0100% Polyester \/ Mesh<br \/>\nPersonen:\u00a0 \u00a0 \u00a0 \u00a0 \u00a0 1<br \/>\nDichte:\u00a0 \u00a0 \u00a0 \u00a0 \u00a0 \u00a0 \u00a0 \u00a0225 L\u00f6cher \/ Inch\u00b2<\/p>\n<p>&nbsp;<\/p>\n","protected":false},"excerpt":{"rendered":"<p>Diese Serie Pyramidenmodellen wird mit einem Abdeckungs- und Aufh\u00e4ngesystem geliefert, das aus 10 Metern Befestigungsdraht und Montagehaken besteht. Dieses Modell l\u00e4sst sich&hellip;<\/p>\n","protected":false},"featured_media":32192,"template":"","meta":{"_acf_changed":false},"product_brand":[],"product_cat":[2530,2526,2306,2363],"product_tag":[],"class_list":{"0":"post-35727","1":"product","2":"type-product","3":"status-publish","4":"has-post-thumbnail","6":"product_cat-1-2-person-basic-moskitonetz","7":"product_cat-basic-moskitonetz","8":"product_cat-basic","9":"product_cat-moskitonetz","11":"first","12":"instock","13":"purchasable","14":"product-type-simple"},"acf":[],"_links":{"self":[{"href":"https:\/\/travelsafe.nl\/de\/wp-json\/wp\/v2\/product\/35727","targetHints":{"allow":["GET"]}}],"collection":[{"href":"https:\/\/travelsafe.nl\/de\/wp-json\/wp\/v2\/product"}],"about":[{"href":"https:\/\/travelsafe.nl\/de\/wp-json\/wp\/v2\/types\/product"}],"wp:featuredmedia":[{"embeddable":true,"href":"https:\/\/travelsafe.nl\/de\/wp-json\/wp\/v2\/media\/32192"}],"wp:attachment":[{"href":"https:\/\/travelsafe.nl\/de\/wp-json\/wp\/v2\/media?parent=35727"}],"wp:term":[{"taxonomy":"product_brand","embeddable":true,"href":"https:\/\/travelsafe.nl\/de\/wp-json\/wp\/v2\/product_brand?post=35727"},{"taxonomy":"product_cat","embeddable":true,"href":"https:\/\/travelsafe.nl\/de\/wp-json\/wp\/v2\/product_cat?post=35727"},{"taxonomy":"product_tag","embeddable":true,"href":"https:\/\/travelsafe.nl\/de\/wp-json\/wp\/v2\/product_tag?post=35727"}],"curies":[{"name":"wp","href":"https:\/\/api.w.org\/{rel}","templated":true}]}}