{"id":35730,"date":"2019-06-10T23:22:08","date_gmt":"2019-06-10T23:22:08","guid":{"rendered":"http:\/\/travelsafe.nl\/assortiment\/unkategorisiert\/mosquitonet-cube-1-2-sitzer\/"},"modified":"2023-05-11T08:14:47","modified_gmt":"2023-05-11T08:14:47","slug":"mosquitonet-cube-1-2-sitzer","status":"publish","type":"product","link":"https:\/\/travelsafe.nl\/de\/assortiment\/moskitonetz\/basic-moskitonetz\/zwei-personen\/mosquitonet-cube-1-2-sitzer\/","title":{"rendered":"Moskitonetz Cube \u2013 2 Pers."},"content":{"rendered":"<p>Dieses neues Model Moskitonetzmodell verf\u00fcgt \u00fcber einen speziellen Kreuzrahmen in Top, sodass es als Pyramidenmodell verwendet werden kann, jedoch mit allen Vorteilen eines Box-Model mit steilen W\u00e4nden. Der Fiberglasstangen k\u00f6nnen oben durch die speziellen Schlaufen befestigt werden. Mit dem mitgelieferten Schraubenhaken und Seil kann das Moskitonetz wie ein Pyramidenmodell mit dem Mittelhaken aufgeh\u00e4ngt werden. Die steilen W\u00e4nde eines Box-Modells helfen Ihnen, nachts nicht am Netz zu liegen. Der Rahmen und das Netz k\u00f6nnen sehr klein gefaltet werden, so dass es ideal f\u00fcr den Koffer oder Rucksack ist.<\/p>\n<p>TravelSafe bietet ein komplettes Sortiment an Moskitonetzen. F\u00fcr jede Kategorie von Reisenden hat TravelSafe das passende Moskitonetz. F\u00fcr Reisen in die Tropen sollten Sie sich immer f\u00fcr das Tropical Moskitonetz entscheiden. Bleiben Sie in Europa, w\u00e4hlen Sie das klassische Moskitonetz, und wenn Sie in Richtung Skandinavien \/ Schottland verreisen, ist ein besonders feinmaschiges Moskitonetz das Richtige. Alle Netze von TravelSafe erf\u00fcllen die h\u00f6chsten Qualit\u00e4tsanforderungen, sind rundum geschlossen und feinmaschig, und bestimmte Modelle verf\u00fcgen \u00fcberdies \u00fcber einen besonders robusten Einstiegsstreifen.<br \/>\nDas einzigartige Farbcodesystem erleichtert Ihnen die Wahl. Bei den in blauen Taschen verpackten Netzen handelt es sich um die klassischen Moskitonetze f\u00fcr Reisen innerhalb Europas; die in gr\u00fcnen Taschen verpackten Netze sind besonders feinmaschig und sch\u00fctzen Sie vor den allerkleinsten Insekten, wie die Midges, die in Skandinavien\/Schottland vorkommen. Die in orangefarbenen Taschen verpackten Netze sind speziell f\u00fcr die Benutzung in den Tropen konzipiert.<\/p>\n<p>Abmessungen: \u00a0220 x 160 x 250 cm<br \/>\nGewicht:\u00a0 \u00a0 \u00a0 \u00a0 \u00a0 \u00a0560 g<br \/>\nMaterial:\u00a0 \u00a0 \u00a0 \u00a0 \u00a0 \u00a0100% Polyester \/ Mesh \/ Fiberglasstange<br \/>\nPersonen:\u00a0 \u00a0 \u00a0 \u00a0 \u00a02<br \/>\nDichte:\u00a0 \u00a0 \u00a0 \u00a0 \u00a0 \u00a0 \u00a0 225 L\u00f6cher \/ Inch\u00b2<\/p>\n","protected":false},"excerpt":{"rendered":"<p>Dieses neues Model Moskitonetzmodell verf\u00fcgt \u00fcber einen speziellen Kreuzrahmen in Top, sodass es als Pyramidenmodell verwendet werden kann, jedoch mit allen Vorteilen&hellip;<\/p>\n","protected":false},"featured_media":32620,"template":"","meta":{"_acf_changed":false},"product_brand":[],"product_cat":[2306,2526,2363,2529],"product_tag":[],"class_list":{"0":"post-35730","1":"product","2":"type-product","3":"status-publish","4":"has-post-thumbnail","6":"product_cat-basic","7":"product_cat-basic-moskitonetz","8":"product_cat-moskitonetz","9":"product_cat-zwei-personen","11":"first","12":"onbackorder","13":"purchasable","14":"product-type-simple"},"acf":[],"_links":{"self":[{"href":"https:\/\/travelsafe.nl\/de\/wp-json\/wp\/v2\/product\/35730","targetHints":{"allow":["GET"]}}],"collection":[{"href":"https:\/\/travelsafe.nl\/de\/wp-json\/wp\/v2\/product"}],"about":[{"href":"https:\/\/travelsafe.nl\/de\/wp-json\/wp\/v2\/types\/product"}],"wp:featuredmedia":[{"embeddable":true,"href":"https:\/\/travelsafe.nl\/de\/wp-json\/wp\/v2\/media\/32620"}],"wp:attachment":[{"href":"https:\/\/travelsafe.nl\/de\/wp-json\/wp\/v2\/media?parent=35730"}],"wp:term":[{"taxonomy":"product_brand","embeddable":true,"href":"https:\/\/travelsafe.nl\/de\/wp-json\/wp\/v2\/product_brand?post=35730"},{"taxonomy":"product_cat","embeddable":true,"href":"https:\/\/travelsafe.nl\/de\/wp-json\/wp\/v2\/product_cat?post=35730"},{"taxonomy":"product_tag","embeddable":true,"href":"https:\/\/travelsafe.nl\/de\/wp-json\/wp\/v2\/product_tag?post=35730"}],"curies":[{"name":"wp","href":"https:\/\/api.w.org\/{rel}","templated":true}]}}