{"id":35732,"date":"2019-06-10T23:22:11","date_gmt":"2019-06-10T23:22:11","guid":{"rendered":"http:\/\/travelsafe.nl\/assortiment\/unkategorisiert\/moskitonetz-fr-schlafsacke\/"},"modified":"2023-04-07T14:01:04","modified_gmt":"2023-04-07T14:01:04","slug":"moskitonetz-fr-schlafsacke","status":"publish","type":"product","link":"https:\/\/travelsafe.nl\/de\/assortiment\/insektenschutz\/anderes-insektenschutz\/moskitonetz-fr-schlafsacke\/","title":{"rendered":"Pillow Net \u2013 Kopf Moskitonetz Schlafsack"},"content":{"rendered":"<p>Mit diesem Moskitonetz k\u00f6nnen Sie im Freien insektenfrei bleiben. Es sch\u00fctzt Sie vor verschiedenen Insekten. Das Netz ist gut verschlie\u00dfbar durch ein verstellbares Gummiband an der Unterseite. Es ist klein und kompakt, ideal f\u00fcr den Backpacker.<\/p>\n<p>Abmessungen: \u00a060 x 70 cm<br \/>\nGewicht:\u00a0 \u00a0 \u00a0 \u00a0 \u00a0 \u00a0 57 g<br \/>\nMaterial:\u00a0 \u00a0 \u00a0 \u00a0 \u00a0 \u00a0 Polyester<br \/>\nPersonen:\u00a0 \u00a0 \u00a0 \u00a0 \u00a0 1<br \/>\nDichte:\u00a0 \u00a0 \u00a0 \u00a0 \u00a0 \u00a0 \u00a0 \u00b1800 L\u00f6cher \/ Inch\u00b2<\/p>\n","protected":false},"excerpt":{"rendered":"<p>Mit diesem Moskitonetz k\u00f6nnen Sie im Freien insektenfrei bleiben. Es sch\u00fctzt Sie vor verschiedenen Insekten. Das Netz ist gut verschlie\u00dfbar durch ein&hellip;<\/p>\n","protected":false},"featured_media":32257,"template":"","meta":{"_acf_changed":false},"product_brand":[],"product_cat":[2362,2531],"product_tag":[],"class_list":{"0":"post-35732","1":"product","2":"type-product","3":"status-publish","4":"has-post-thumbnail","6":"product_cat-insektenschutz","7":"product_cat-anderes-insektenschutz","9":"first","10":"instock","11":"purchasable","12":"product-type-simple"},"acf":[],"_links":{"self":[{"href":"https:\/\/travelsafe.nl\/de\/wp-json\/wp\/v2\/product\/35732","targetHints":{"allow":["GET"]}}],"collection":[{"href":"https:\/\/travelsafe.nl\/de\/wp-json\/wp\/v2\/product"}],"about":[{"href":"https:\/\/travelsafe.nl\/de\/wp-json\/wp\/v2\/types\/product"}],"wp:featuredmedia":[{"embeddable":true,"href":"https:\/\/travelsafe.nl\/de\/wp-json\/wp\/v2\/media\/32257"}],"wp:attachment":[{"href":"https:\/\/travelsafe.nl\/de\/wp-json\/wp\/v2\/media?parent=35732"}],"wp:term":[{"taxonomy":"product_brand","embeddable":true,"href":"https:\/\/travelsafe.nl\/de\/wp-json\/wp\/v2\/product_brand?post=35732"},{"taxonomy":"product_cat","embeddable":true,"href":"https:\/\/travelsafe.nl\/de\/wp-json\/wp\/v2\/product_cat?post=35732"},{"taxonomy":"product_tag","embeddable":true,"href":"https:\/\/travelsafe.nl\/de\/wp-json\/wp\/v2\/product_tag?post=35732"}],"curies":[{"name":"wp","href":"https:\/\/api.w.org\/{rel}","templated":true}]}}