{"id":35735,"date":"2019-06-10T23:22:13","date_gmt":"2019-06-10T23:22:13","guid":{"rendered":"http:\/\/travelsafe.nl\/assortiment\/unkategorisiert\/traelsafe-mckennetz-pyramide-tropical-proof-1-bis-2-pers\/"},"modified":"2023-07-27T14:40:56","modified_gmt":"2023-07-27T14:40:56","slug":"traelsafe-mckennetz-pyramide-tropical-proof-1-bis-2-pers","status":"publish","type":"product","link":"https:\/\/travelsafe.nl\/de\/assortiment\/moskitonetz\/tropic-moskitonetz\/1-2-person-tropic-moskitonetz\/traelsafe-mckennetz-pyramide-tropical-proof-1-bis-2-pers\/","title":{"rendered":"Moskitonetz  Pyramide &#8211; Tropical Proof \u2013 1-2-Personen"},"content":{"rendered":"<p>Dieses Pyramidenmodell f\u00fcr 1 bis 2 Personen passt f\u00fcr die meisten Doppelbetten (Zweifler) und wird inklusive H\u00fclle, Schraubring und 10 Meter\u00a0Befestigungstau geliefert. Diese Modelle sind einfach am Ring aufzuh\u00e4ngen.\u00a0Die Konstruktion sorgt daf\u00fcr, dass das M\u00fcckennetz sich sch\u00f6n \u00fcber Ihren Schlafplatz\u00a0drapieren l\u00e4sst.\u00a0Dieses Moskitonetz ist f\u00fcr Reisen in Risikol\u00e4ndern geeignet.<\/p>\n<p>TravelSafe bietet ein komplettes Sortiment an Moskitonetzen. F\u00fcr jede Kategorie von Reisenden hat TravelSafe das passende Moskitonetz. F\u00fcr Reisen in die Tropen sollten Sie sich immer f\u00fcr das Tropical Moskitonetz entscheiden. Bleiben Sie in Europa, w\u00e4hlen Sie das klassische Moskitonetz, und wenn Sie in Richtung Skandinavien \/ Schottland verreisen, ist ein besonders feinmaschiges Moskitonetz das Richtige. Alle Netze von TravelSafe erf\u00fcllen die h\u00f6chsten Qualit\u00e4tsanforderungen, sind rundum geschlossen und feinmaschig, und bestimmte Modelle verf\u00fcgen \u00fcberdies \u00fcber einen besonders robusten Einstiegsstreifen.<br \/>\nDas einzigartige Farbcodesystem erleichtert Ihnen die Wahl. Bei den in blauen Taschen verpackten Netzen handelt es sich um die klassischen Moskitonetze f\u00fcr Reisen innerhalb Europas; die in gr\u00fcnen Taschen verpackten Netze sind besonders feinmaschig und sch\u00fctzen Sie vor den allerkleinsten Insekten, wie die Midges, die in Skandinavien\/Schottland vorkommen. Die in orangefarbenen Taschen verpackten Netze sind speziell f\u00fcr die Benutzung in den Tropen konzipiert.<\/p>\n<p>Abmessungen:\u00a0 \u00d8 850 x 240 cm<br \/>\nGewicht:\u00a0 \u00a0 \u00a0 \u00a0 \u00a0 \u00a0 555 g<br \/>\nMaterial:\u00a0 \u00a0 \u00a0 \u00a0 \u00a0 \u00a0100% Polyester \/ Mesh<br \/>\nPersonen:\u00a0 \u00a0 \u00a0 \u00a0 \u00a0 1-2<br \/>\nDichte:\u00a0 \u00a0 \u00a0 \u00a0 \u00a0 \u00a0 \u00a0 \u00a0225 L\u00f6cher \/ Inch\u00b2<\/p>\n","protected":false},"excerpt":{"rendered":"<p>Dieses Pyramidenmodell f\u00fcr 1 bis 2 Personen passt f\u00fcr die meisten Doppelbetten (Zweifler) und wird inklusive H\u00fclle, Schraubring und 10 Meter\u00a0Befestigungstau geliefert.&hellip;<\/p>\n","protected":false},"featured_media":32292,"template":"","meta":{"_acf_changed":false},"product_brand":[],"product_cat":[2535,2315,2532,2363],"product_tag":[],"class_list":{"0":"post-35735","1":"product","2":"type-product","3":"status-publish","4":"has-post-thumbnail","6":"product_cat-1-2-person-tropic-moskitonetz","7":"product_cat-1-2-persoons-tropic","8":"product_cat-tropic-moskitonetz","9":"product_cat-moskitonetz","11":"first","12":"onbackorder","13":"purchasable","14":"product-type-simple"},"acf":[],"_links":{"self":[{"href":"https:\/\/travelsafe.nl\/de\/wp-json\/wp\/v2\/product\/35735","targetHints":{"allow":["GET"]}}],"collection":[{"href":"https:\/\/travelsafe.nl\/de\/wp-json\/wp\/v2\/product"}],"about":[{"href":"https:\/\/travelsafe.nl\/de\/wp-json\/wp\/v2\/types\/product"}],"wp:featuredmedia":[{"embeddable":true,"href":"https:\/\/travelsafe.nl\/de\/wp-json\/wp\/v2\/media\/32292"}],"wp:attachment":[{"href":"https:\/\/travelsafe.nl\/de\/wp-json\/wp\/v2\/media?parent=35735"}],"wp:term":[{"taxonomy":"product_brand","embeddable":true,"href":"https:\/\/travelsafe.nl\/de\/wp-json\/wp\/v2\/product_brand?post=35735"},{"taxonomy":"product_cat","embeddable":true,"href":"https:\/\/travelsafe.nl\/de\/wp-json\/wp\/v2\/product_cat?post=35735"},{"taxonomy":"product_tag","embeddable":true,"href":"https:\/\/travelsafe.nl\/de\/wp-json\/wp\/v2\/product_tag?post=35735"}],"curies":[{"name":"wp","href":"https:\/\/api.w.org\/{rel}","templated":true}]}}