{"id":35738,"date":"2019-06-10T23:22:16","date_gmt":"2019-06-10T23:22:16","guid":{"rendered":"http:\/\/travelsafe.nl\/assortiment\/unkategorisiert\/mckennetz-multi-style-tropical-1-person\/"},"modified":"2024-09-12T11:59:48","modified_gmt":"2024-09-12T11:59:48","slug":"mckennetz-multi-style-tropical-1-person","status":"publish","type":"product","link":"https:\/\/travelsafe.nl\/de\/assortiment\/moskitonetz\/tropic-moskitonetz\/eine-person-tropic-moskitonetz\/mckennetz-multi-style-tropical-1-person\/","title":{"rendered":"TravelSafe  Moskitonetz  &#8211; Multi Stil &#8211; Impr\u00e4gniert\u2013 1-Person"},"content":{"rendered":"<p>Dieses multifunktionale 1-Personen-Moskitonetz von TravelSafe ist f\u00fcr den Reisenden gemacht, der nicht im Voraus wei\u00df, wo und wie er schlafen wird. Das Moskitonetz ist an der Unterseite mit einem Verst\u00e4rkungsstreifen versehen, damit es richtig unter die Matte oder Matratze gesteckt werden kann. Aufgrund der verschiedenen Aufh\u00e4ngepunkte k\u00f6nnen Sie das Moskitonetz mit den mitgelieferten Aufh\u00e4ngehaken und dem Seil auf 3 verschiedene Arten aufh\u00e4ngen. Dieses Moskitonetz ist impr\u00e4gniert, leicht und hat ein sehr kleines Packma\u00df, wodurch es ideal f\u00fcr L\u00e4nder mit erh\u00f6htem Malaria- und Dengue-Risiko ist.<\/p>\n<p><strong>EU-zertifizierte impr\u00e4gnierte Moskitonetze.<\/strong> TravelSafe impr\u00e4gnierte Netze bieten optimalen Schutz vor M\u00fccken (Malaria) und anderen stechenden Insekten. Die Netze werden nach WHO-Richtlinien hergestellt und von den EU-Beh\u00f6rden zertifiziert, nur dies garantiert die Funktion und Wirksamkeit des Moskitonetzes.<\/p>\n<p>TravelSafe bietet ein komplettes Sortiment an Moskitonetzen. TravelSafe hat f\u00fcr jede Reisekategorie das passende Moskitonetz. Wenn Sie in die Tropen reisen, w\u00e4hlen Sie immer das tropische Moskitonetz. Wenn Sie innerhalb Europas bleiben, w\u00e4hlen Sie das Basic-Moskitonetz und wenn Sie nach Skandinavien oder Schottland reisen, w\u00e4hlen Sie das nordische Moskitonetz mit extra feinen Maschen. Alle TravelSafe Netze erf\u00fcllen h\u00f6chste Qualit\u00e4tsanspr\u00fcche, sind rundum geschlossen, feinmaschig und bei einigen Modellen zus\u00e4tzlich mit einem extra stabilen Einsteckband ausgestattet. Das einzigartige Farbleitsystem erleichtert Ihnen die Auswahl. Alle Netze in blauer H\u00fclle sind die in Europa verwendbaren Basis-Moskitonetze, die in gr\u00fcner H\u00fclle verpackten Netze sind extra feinmaschig und sch\u00fctzen Sie vor kleinsten Insekten wie M\u00fccken, kleinen Bremsen, die in Skandinavien \/ Schottland vorkommen. Die in orangefarbenen H\u00fcllen verpackten Netze sind speziell f\u00fcr den Einsatz in den Tropen konzipiert.<\/p>\n<p>Abmessungen: 225 x 120 x150 cm<br \/>\nGewicht: 395 g<br \/>\nMaterial: 100% Polyester \/ Mesh<br \/>\nPersonen: 1<br \/>\nDichte: 225 L\u00f6cher \/ Inch\u00b2<br \/>\nPackma\u00df: 16 x 22 x 7 cm<\/p>\n","protected":false},"excerpt":{"rendered":"<p>Dieses multifunktionale 1-Personen-Moskitonetz von TravelSafe ist f\u00fcr den Reisenden gemacht, der nicht im Voraus wei\u00df, wo und wie er schlafen wird. Das&hellip;<\/p>\n","protected":false},"featured_media":44996,"template":"","meta":{"_acf_changed":false},"product_brand":[],"product_cat":[2533,2532,2363],"product_tag":[],"class_list":{"0":"post-35738","1":"product","2":"type-product","3":"status-publish","4":"has-post-thumbnail","6":"product_cat-eine-person-tropic-moskitonetz","7":"product_cat-tropic-moskitonetz","8":"product_cat-moskitonetz","10":"first","11":"instock","12":"purchasable","13":"product-type-simple"},"acf":[],"_links":{"self":[{"href":"https:\/\/travelsafe.nl\/de\/wp-json\/wp\/v2\/product\/35738","targetHints":{"allow":["GET"]}}],"collection":[{"href":"https:\/\/travelsafe.nl\/de\/wp-json\/wp\/v2\/product"}],"about":[{"href":"https:\/\/travelsafe.nl\/de\/wp-json\/wp\/v2\/types\/product"}],"wp:featuredmedia":[{"embeddable":true,"href":"https:\/\/travelsafe.nl\/de\/wp-json\/wp\/v2\/media\/44996"}],"wp:attachment":[{"href":"https:\/\/travelsafe.nl\/de\/wp-json\/wp\/v2\/media?parent=35738"}],"wp:term":[{"taxonomy":"product_brand","embeddable":true,"href":"https:\/\/travelsafe.nl\/de\/wp-json\/wp\/v2\/product_brand?post=35738"},{"taxonomy":"product_cat","embeddable":true,"href":"https:\/\/travelsafe.nl\/de\/wp-json\/wp\/v2\/product_cat?post=35738"},{"taxonomy":"product_tag","embeddable":true,"href":"https:\/\/travelsafe.nl\/de\/wp-json\/wp\/v2\/product_tag?post=35738"}],"curies":[{"name":"wp","href":"https:\/\/api.w.org\/{rel}","templated":true}]}}