{"id":35740,"date":"2019-06-10T23:22:19","date_gmt":"2019-06-10T23:22:19","guid":{"rendered":"http:\/\/travelsafe.nl\/assortiment\/unkategorisiert\/mckennetz-pop-out-pyramide-tropical-1-2-person\/"},"modified":"2023-05-11T08:24:44","modified_gmt":"2023-05-11T08:24:44","slug":"mckennetz-pop-out-pyramide-tropical-1-2-person","status":"publish","type":"product","link":"https:\/\/travelsafe.nl\/de\/assortiment\/moskitonetz\/tropic-moskitonetz\/1-2-person-tropic-moskitonetz\/mckennetz-pop-out-pyramide-tropical-1-2-person\/","title":{"rendered":"TravelSafe Moskitonetz &#8211; Pop-Out &#8211; Pyramide &#8211; Impr\u00e4gniert &#8211; 1-2 Personen"},"content":{"rendered":"<p>Dieses TravelSafe-Moskitonetz ist f\u00fcr 1 bis 2 Personen geeignet und wurde speziell f\u00fcr Personen entwickelt, die leicht und kompakt reisen m\u00f6chten, wie Rucksacktouristen, Weltreisende usw. Das Moskitonetz enth\u00e4lt einen Ring, der beim Herausnehmen aufspringt der Verpackung. Dieser Ring hat einen Durchmesser von 55 cm, was daf\u00fcr sorgt, dass er gerade herunterf\u00e4llt und nicht so schr\u00e4g, damit er Ihren K\u00f6rper nicht ber\u00fchrt. Au\u00dferdem bietet dieser mehr Innenraum und ist weniger dr\u00fcckend als andere Netze mit kleinerem Ring. Das Moskitonetz hat eine H\u00f6he von 280 cm, sodass Sie das Netz \u00fcberall an jeder Decke aufh\u00e4ngen k\u00f6nnen und genug Stoff lassen, um es unter die Matratze zu legen, damit Sie einen gut abgedichteten Schlafbereich frei von M\u00fccken haben.<\/p>\n<p>Dieses Pyramidenmodell l\u00e4sst sich dank des mitgelieferten Seils und der Befestigungshaken sehr einfach aufh\u00e4ngen. Wenn Sie das Moskitonetz wieder verstauen m\u00f6chten, l\u00e4sst sich der Ring mit einer einfachen Bewegung wieder zu einem kleinen Paket zusammenfalten. Dieses impr\u00e4gnierte Moskitonetz eignet sich hervorragend f\u00fcr L\u00e4nder mit erh\u00f6htem Risiko f\u00fcr Malaria, Dengue etc., ist aber auch sehr widerstandsf\u00e4hig gegen kleine M\u00fccken (Skandinavien).<\/p>\n<p><strong>EU-zertifizierte impr\u00e4gnierte Moskitonetze<\/strong>. TravelSafe impr\u00e4gnierte Netze bieten optimalen Schutz vor M\u00fccken (Malaria) und anderen stechenden Insekten. Die Netze werden nach WHO-Richtlinien hergestellt und von den EU-Beh\u00f6rden zertifiziert, nur dies garantiert die Funktion und Wirksamkeit des Moskitonetzes.<\/p>\n<p>TravelSafe bietet ein komplettes Sortiment an Moskitonetzen. TravelSafe hat f\u00fcr jede Reisekategorie das passende Moskitonetz. Wenn Sie in die Tropen reisen, w\u00e4hlen Sie immer das impr\u00e4gnierte Moskitonetz. Wenn Sie innerhalb Europas bleiben, w\u00e4hlen Sie das Basic-Moskitonetz und wenn Sie nach Skandinavien oder Schottland reisen, w\u00e4hlen Sie das nordische Moskitonetz mit extra feinen Maschen. Alle TravelSafe Netze erf\u00fcllen h\u00f6chste Qualit\u00e4tsanspr\u00fcche, sind rundum geschlossen, feinmaschig und bei einigen Modellen zus\u00e4tzlich mit einem extra stabilen Einsteckband ausgestattet. Das einzigartige Farbleitsystem erleichtert Ihnen die Auswahl. Alle Netze in blauer H\u00fclle sind die in Europa verwendbaren Basis-Moskitonetze, die in gr\u00fcner H\u00fclle verpackten Netze sind extra feinmaschig und sch\u00fctzen Sie vor kleinsten Insekten wie M\u00fccken, kleinen Bremsen, die in Skandinavien \/ Schottland vorkommen. Die in orangefarbenen H\u00fcllen verpackten Netze sind speziell f\u00fcr den Einsatz in den Tropen konzipiert.<\/p>\n<p>Abmessungen:\u00d8\u00a0850 x 280 cm<br \/>\nGewicht: 660 gr<br \/>\nMaterial:\u00a0 \u00a0\u00a0 \u00a0Polyester \/ Mesh<br \/>\nPersonen: 1-2<br \/>\nDichte: 225 L\u00f6cher \/ Zoll\u00b2<br \/>\nGefaltete Gr\u00f6\u00dfe: 26 x 26 x 6,5 cm<\/p>\n","protected":false},"excerpt":{"rendered":"<p>Dieses TravelSafe-Moskitonetz ist f\u00fcr 1 bis 2 Personen geeignet und wurde speziell f\u00fcr Personen entwickelt, die leicht und kompakt reisen m\u00f6chten, wie&hellip;<\/p>\n","protected":false},"featured_media":45041,"template":"","meta":{"_acf_changed":false},"product_brand":[],"product_cat":[2535,2315,2532,2363],"product_tag":[],"class_list":{"0":"post-35740","1":"product","2":"type-product","3":"status-publish","4":"has-post-thumbnail","6":"product_cat-1-2-person-tropic-moskitonetz","7":"product_cat-1-2-persoons-tropic","8":"product_cat-tropic-moskitonetz","9":"product_cat-moskitonetz","11":"first","12":"instock","13":"purchasable","14":"product-type-simple"},"acf":[],"_links":{"self":[{"href":"https:\/\/travelsafe.nl\/de\/wp-json\/wp\/v2\/product\/35740","targetHints":{"allow":["GET"]}}],"collection":[{"href":"https:\/\/travelsafe.nl\/de\/wp-json\/wp\/v2\/product"}],"about":[{"href":"https:\/\/travelsafe.nl\/de\/wp-json\/wp\/v2\/types\/product"}],"wp:featuredmedia":[{"embeddable":true,"href":"https:\/\/travelsafe.nl\/de\/wp-json\/wp\/v2\/media\/45041"}],"wp:attachment":[{"href":"https:\/\/travelsafe.nl\/de\/wp-json\/wp\/v2\/media?parent=35740"}],"wp:term":[{"taxonomy":"product_brand","embeddable":true,"href":"https:\/\/travelsafe.nl\/de\/wp-json\/wp\/v2\/product_brand?post=35740"},{"taxonomy":"product_cat","embeddable":true,"href":"https:\/\/travelsafe.nl\/de\/wp-json\/wp\/v2\/product_cat?post=35740"},{"taxonomy":"product_tag","embeddable":true,"href":"https:\/\/travelsafe.nl\/de\/wp-json\/wp\/v2\/product_tag?post=35740"}],"curies":[{"name":"wp","href":"https:\/\/api.w.org\/{rel}","templated":true}]}}