{"id":35744,"date":"2019-06-10T23:22:21","date_gmt":"2019-06-10T23:22:21","guid":{"rendered":"http:\/\/travelsafe.nl\/assortiment\/unkategorisiert\/montage-machen-set-mosquitonet\/"},"modified":"2023-04-07T14:01:06","modified_gmt":"2023-04-07T14:01:06","slug":"montage-machen-set-mosquitonet","status":"publish","type":"product","link":"https:\/\/travelsafe.nl\/de\/assortiment\/moskitonetz\/moskitonetz-zubehr\/montage-machen-set-mosquitonet\/","title":{"rendered":"Moskitonetz-Montageset"},"content":{"rendered":"<p>Mit diesem Montageset haben Sie einige zus\u00e4tzliche Werkzeuge zur Hand, mit denen Sie Ihr Moskitonetz \u00fcberall aufh\u00e4ngen k\u00f6nnen. Dar\u00fcber hinaus kann der Inhalt des Sets f\u00fcr verschiedene Zwecke verwendet werden und ist f\u00fcr Ihre Outdoor-Ausr\u00fcstung unverzichtbar. Der scharfe Inhalt des Sets ist in einer abschlie\u00dfbaren Box verpackt, damit Ihr Gep\u00e4ck nicht besch\u00e4digt wird.<\/p>\n<p>Gewicht: 80 g<br \/>\nBestandteile:<br \/>\n4 x Dreilochspanner (Dreieck)<br \/>\n4 x Saugnapf<br \/>\n4 x Schraubhaken<br \/>\n8 x gro\u00dfer Stecknadel<br \/>\n8 x Sicherheitsnadel<br \/>\n1 x 20m Spannschnur<br \/>\n1 x Aufbewahrungstasche<\/p>\n","protected":false},"excerpt":{"rendered":"<p>Mit diesem Montageset haben Sie einige zus\u00e4tzliche Werkzeuge zur Hand, mit denen Sie Ihr Moskitonetz \u00fcberall aufh\u00e4ngen k\u00f6nnen. Dar\u00fcber hinaus kann der&hellip;<\/p>\n","protected":false},"featured_media":32444,"template":"","meta":{"_acf_changed":false},"product_brand":[],"product_cat":[2363,2536],"product_tag":[],"class_list":{"0":"post-35744","1":"product","2":"type-product","3":"status-publish","4":"has-post-thumbnail","6":"product_cat-moskitonetz","7":"product_cat-moskitonetz-zubehr","9":"first","10":"outofstock","11":"purchasable","12":"product-type-simple"},"acf":[],"_links":{"self":[{"href":"https:\/\/travelsafe.nl\/de\/wp-json\/wp\/v2\/product\/35744","targetHints":{"allow":["GET"]}}],"collection":[{"href":"https:\/\/travelsafe.nl\/de\/wp-json\/wp\/v2\/product"}],"about":[{"href":"https:\/\/travelsafe.nl\/de\/wp-json\/wp\/v2\/types\/product"}],"wp:featuredmedia":[{"embeddable":true,"href":"https:\/\/travelsafe.nl\/de\/wp-json\/wp\/v2\/media\/32444"}],"wp:attachment":[{"href":"https:\/\/travelsafe.nl\/de\/wp-json\/wp\/v2\/media?parent=35744"}],"wp:term":[{"taxonomy":"product_brand","embeddable":true,"href":"https:\/\/travelsafe.nl\/de\/wp-json\/wp\/v2\/product_brand?post=35744"},{"taxonomy":"product_cat","embeddable":true,"href":"https:\/\/travelsafe.nl\/de\/wp-json\/wp\/v2\/product_cat?post=35744"},{"taxonomy":"product_tag","embeddable":true,"href":"https:\/\/travelsafe.nl\/de\/wp-json\/wp\/v2\/product_tag?post=35744"}],"curies":[{"name":"wp","href":"https:\/\/api.w.org\/{rel}","templated":true}]}}