{"id":35745,"date":"2019-06-10T23:22:21","date_gmt":"2019-06-10T23:22:21","guid":{"rendered":"http:\/\/travelsafe.nl\/assortiment\/unkategorisiert\/mosquitonet-zelt-pop-up\/"},"modified":"2023-05-11T08:16:45","modified_gmt":"2023-05-11T08:16:45","slug":"mosquitonet-zelt-pop-up","status":"publish","type":"product","link":"https:\/\/travelsafe.nl\/de\/assortiment\/moskitonetz\/basic-moskitonetz\/eine-person\/mosquitonet-zelt-pop-up\/","title":{"rendered":"Moskitonetz Zelt \u2013 Pop Up \u2013 1-Person"},"content":{"rendered":"<p>Reisen Sie an einen Ort, an dem Sie keine Aufh\u00e4ngepunkte f\u00fcr Ihr Moskitonetz finden, oder schlafen Sie in Freien? Dann ist dieses Popup-Moskitonetzzelt ideal f\u00fcr Sie. Das Moskitonetzzelt entfaltet sich automatisch, wenn Sie es aus der Verpackung nehmen, steht selbst\u00e4ndig und bietet einen hohen Liegekomfort. Dank des innovativen Popup-Systems auf beiden Seiten (auch am Fu\u00dfende) hat das \u201cZelt\u201d eine angenehme H\u00f6he und vermittelt kein stickiges Gef\u00fchl. F\u00fcr noch mehr Komfort k\u00f6nnen Sie dieses Moskitonetzzelt auch auf ein (Feld-)Bett stellen (siehe Bild).<\/p>\n<p>Abmessungen: \u00a0214 x 70 x 60 cm \/ \u00d8 45 cm<br \/>\nGefaltet:\u00a0 \u00a0 \u00a0 \u00a0 \u00a0 \u00a0 50 x 8 x 50 cm<br \/>\nGewicht:\u00a0 \u00a0 \u00a0 \u00a0 \u00a0 \u00a0 795 g<br \/>\nMaterial:\u00a0 \u00a0 \u00a0 \u00a0 \u00a0 \u00a0 100% Polyester \/ Mesh<br \/>\nPersonen:\u00a0 \u00a0 \u00a0 \u00a0 \u00a0 1<br \/>\nDichte:\u00a0 \u00a0 \u00a0 \u00a0 \u00a0 \u00a0 \u00a0 1000 L\u00f6cher \/ Inch\u00b2<\/p>\n<p>&nbsp;<\/p>\n<p>Sehen Sie das Video unten an, um zu erkl\u00e4ren, wie das Zelt zusammengelegt wird:<\/p>\n<div class=\"video-container\"><iframe loading=\"lazy\" title=\"TS0132 instruction | Mosquitonet tent\" width=\"500\" height=\"281\" src=\"https:\/\/www.youtube.com\/embed\/f3w5f6nQ8q0?feature=oembed\" frameborder=\"0\" allow=\"accelerometer; autoplay; clipboard-write; encrypted-media; gyroscope; picture-in-picture; web-share\" referrerpolicy=\"strict-origin-when-cross-origin\" allowfullscreen><\/iframe><\/div>\n","protected":false},"excerpt":{"rendered":"<p>Reisen Sie an einen Ort, an dem Sie keine Aufh\u00e4ngepunkte f\u00fcr Ihr Moskitonetz finden, oder schlafen Sie in Freien? Dann ist dieses&hellip;<\/p>\n","protected":false},"featured_media":32465,"template":"","meta":{"_acf_changed":false},"product_brand":[],"product_cat":[2526,2528,2363],"product_tag":[],"class_list":{"0":"post-35745","1":"product","2":"type-product","3":"status-publish","4":"has-post-thumbnail","6":"product_cat-basic-moskitonetz","7":"product_cat-eine-person","8":"product_cat-moskitonetz","10":"first","11":"instock","12":"purchasable","13":"product-type-simple"},"acf":[],"_links":{"self":[{"href":"https:\/\/travelsafe.nl\/de\/wp-json\/wp\/v2\/product\/35745","targetHints":{"allow":["GET"]}}],"collection":[{"href":"https:\/\/travelsafe.nl\/de\/wp-json\/wp\/v2\/product"}],"about":[{"href":"https:\/\/travelsafe.nl\/de\/wp-json\/wp\/v2\/types\/product"}],"wp:featuredmedia":[{"embeddable":true,"href":"https:\/\/travelsafe.nl\/de\/wp-json\/wp\/v2\/media\/32465"}],"wp:attachment":[{"href":"https:\/\/travelsafe.nl\/de\/wp-json\/wp\/v2\/media?parent=35745"}],"wp:term":[{"taxonomy":"product_brand","embeddable":true,"href":"https:\/\/travelsafe.nl\/de\/wp-json\/wp\/v2\/product_brand?post=35745"},{"taxonomy":"product_cat","embeddable":true,"href":"https:\/\/travelsafe.nl\/de\/wp-json\/wp\/v2\/product_cat?post=35745"},{"taxonomy":"product_tag","embeddable":true,"href":"https:\/\/travelsafe.nl\/de\/wp-json\/wp\/v2\/product_tag?post=35745"}],"curies":[{"name":"wp","href":"https:\/\/api.w.org\/{rel}","templated":true}]}}