{"id":35747,"date":"2019-06-10T23:22:24","date_gmt":"2019-06-10T23:22:24","guid":{"rendered":"http:\/\/travelsafe.nl\/assortiment\/unkategorisiert\/bed-bug-bedbezug-2-personen\/"},"modified":"2023-09-05T09:10:07","modified_gmt":"2023-09-05T09:10:07","slug":"bed-bug-bedbezug-2-personen","status":"publish","type":"product","link":"https:\/\/travelsafe.nl\/de\/assortiment\/moskitonetz\/tropic-moskitonetz\/zwei-personen-tropic-moskitonetz\/bed-bug-bedbezug-2-personen\/","title":{"rendered":"Bed Bug Bettwanzen-Laken \u2013 2-Personen"},"content":{"rendered":"<p>Dieses TravelSafe Bettwanzenlaken von 220 x 160 cm mit 2 Kissenbez\u00fcgen\u00a0 eignet sich f\u00fcr ein Doppelbett und ist ideal, wenn Sie in einem Apartment, Hotel oder Hostel \u00fcbernachten. Sie sollten dieses Laken immer unter Ihrem Schlafsack oder Laken verwenden und es niemals in direktem Kontakt mit Ihrer Haut bringen. Das Bettwanzenlaken bietet Schutz vor Hausstaubmilben\/Bettwanzen und anderen stechenden\/bei\u00dfenden Insekten. Das Laken kann f\u00fcr verschiedene Zwecke verwendet werden, z. B. als Laken unter Ihrer Picknickdecke, als Moskitonetz f\u00fcr ein Fenster oder zur Reparatur von Moskitonetzen. Das Bugsheet wird mit einem Kissenbezug geliefert. \u00a0Gr\u00f6\u00dfe: 75cm * 50cm<\/p>\n<p>Achtung: Vermeiden Sie w\u00e4hrend der Anwendung den direkten Kontakt mit der Haut. Um eine optimale Wirksamkeit des Produktes zu gew\u00e4hrleisten und die Umwelt zu schonen, darf das Produkt nicht gewaschen werden. Tipp: L\u00fcften Sie das Bugsheet niemals im Sonnenlicht und lagern Sie das Blatt an einem k\u00fchlen, dunklen Ort, verpackt in der Originalverpackung.<\/p>\n<p>TravelSafe bietet ein komplettes Sortiment an Moskitonetzen. F\u00fcr jede Kategorie von Reisenden hat TravelSafe das passende Moskitonetz. F\u00fcr Reisen in die Tropen sollten Sie sich immer f\u00fcr das Tropical Moskitonetz entscheiden. Bleiben Sie in Europa, w\u00e4hlen Sie das klassische Moskitonetz, und wenn Sie in Richtung Skandinavien \/ Schottland verreisen, ist ein besonders feinmaschiges Moskitonetz das Richtige. Alle Netze von TravelSafe erf\u00fcllen die h\u00f6chsten Qualit\u00e4tsanforderungen, sind rundum geschlossen und feinmaschig, und bestimmte Modelle verf\u00fcgen \u00fcberdies \u00fcber einen besonders robusten Einstiegsstreifen.<br \/>\nDas einzigartige Farbcodesystem erleichtert Ihnen die Wahl. Bei den in blauen Taschen verpackten Netzen handelt es sich um die klassischen Moskitonetze f\u00fcr Reisen innerhalb Europas; die in gr\u00fcnen Taschen verpackten Netze sind besonders feinmaschig und sch\u00fctzen Sie vor den allerkleinsten Insekten, wie die Midges, die in Skandinavien\/Schottland vorkommen. Die in orangefarbenen Taschen verpackten Netze sind speziell f\u00fcr die Benutzung in den Tropen konzipiert.<\/p>\n<p>Abmessungen:\u00a0 220 x 160 cm<br \/>\nGewicht:\u00a0 \u00a0 \u00a0 \u00a0 \u00a0 \u00a0 296 g<br \/>\nMaterial:\u00a0 \u00a0 \u00a0 \u00a0 \u00a0 \u00a0 100% Polyester \/ Mesh<br \/>\nPersonen:\u00a0 \u00a0 \u00a0 \u00a0\u00a0 \u00a02<br \/>\nDichte:\u00a0 \u00a0 \u00a0 \u00a0 \u00a0 \u00a0 \u00a0 225 L\u00f6cher \/ Inch\u00b2<br \/>\nInbegriffen :\u00a0 \u00a0 \u00a0 2 Kissenbez\u00fcgen<\/p>\n","protected":false},"excerpt":{"rendered":"<p>Dieses TravelSafe Bettwanzenlaken von 220 x 160 cm mit 2 Kissenbez\u00fcgen\u00a0 eignet sich f\u00fcr ein Doppelbett und ist ideal, wenn Sie in&hellip;<\/p>\n","protected":false},"featured_media":32492,"template":"","meta":{"_acf_changed":false},"product_brand":[],"product_cat":[2532,2362,2531,2534],"product_tag":[],"class_list":{"0":"post-35747","1":"product","2":"type-product","3":"status-publish","4":"has-post-thumbnail","6":"product_cat-tropic-moskitonetz","7":"product_cat-insektenschutz","8":"product_cat-anderes-insektenschutz","9":"product_cat-zwei-personen-tropic-moskitonetz","11":"first","12":"instock","13":"purchasable","14":"product-type-simple"},"acf":[],"_links":{"self":[{"href":"https:\/\/travelsafe.nl\/de\/wp-json\/wp\/v2\/product\/35747","targetHints":{"allow":["GET"]}}],"collection":[{"href":"https:\/\/travelsafe.nl\/de\/wp-json\/wp\/v2\/product"}],"about":[{"href":"https:\/\/travelsafe.nl\/de\/wp-json\/wp\/v2\/types\/product"}],"wp:featuredmedia":[{"embeddable":true,"href":"https:\/\/travelsafe.nl\/de\/wp-json\/wp\/v2\/media\/32492"}],"wp:attachment":[{"href":"https:\/\/travelsafe.nl\/de\/wp-json\/wp\/v2\/media?parent=35747"}],"wp:term":[{"taxonomy":"product_brand","embeddable":true,"href":"https:\/\/travelsafe.nl\/de\/wp-json\/wp\/v2\/product_brand?post=35747"},{"taxonomy":"product_cat","embeddable":true,"href":"https:\/\/travelsafe.nl\/de\/wp-json\/wp\/v2\/product_cat?post=35747"},{"taxonomy":"product_tag","embeddable":true,"href":"https:\/\/travelsafe.nl\/de\/wp-json\/wp\/v2\/product_tag?post=35747"}],"curies":[{"name":"wp","href":"https:\/\/api.w.org\/{rel}","templated":true}]}}