{"id":35750,"date":"2019-06-10T23:22:27","date_gmt":"2019-06-10T23:22:27","guid":{"rendered":"http:\/\/travelsafe.nl\/assortiment\/unkategorisiert\/40-deet-xl-spray-200-ml\/"},"modified":"2026-02-19T10:12:20","modified_gmt":"2026-02-19T10:12:20","slug":"deet-40-xl-spray-200-ml","status":"publish","type":"product","link":"https:\/\/travelsafe.nl\/de\/assortiment\/insektenschutz\/insektenschutzmittel\/traveldeet-insektenschutzmittel\/deet-40-xl-spray-200-ml\/","title":{"rendered":"TravelDEET 40% XL &#8211; Spray 200ml"},"content":{"rendered":"<p>TravelDeet ist ein insektenabwehrendes Mittel (Repellent), das dem Schutz gegen Mucken, Zecken und viele andere stechende Fliegen und Insekten dient. Der in TravelDeet eingesetzte Wirkstoff hei\u00dft Diethyl-m-Toluamid (Deet) und sorgt f\u00fcr einen lang anhaltenden Schutz von 6-10 Stunden. Lieferbar als Spray (40%\/50% DEET).<\/p>\n<p>TravelDEET 40% ist jetzt auch in einer 200 ml gro\u00dfen XL-Flasche erh\u00e4ltlich (TS0207). Diese Flasche ist ideal f\u00fcr eine Verwendung auf langen Reisen und\/oder f\u00fcr die ganze Familie.<\/p>\n<p>Es gibt verschiedene Krankheiten, die durch M\u00fccken \u00fcbertragen werden. Sie k\u00f6nnen sich daf\u00fcr sch\u00fctzen, durch die Anwendung von Antim\u00fcckenmitteln, Schutzkleidung und M\u00fcckennetzen w\u00e4hrend der Mittags- und Nachtruhe.<\/p>\n<p>Inhalt:\u00a0 \u00a0 \u00a0 \u00a0 \u00a0 200 ml<br \/>\nBestandteil: 40% Diethyl-m-Toluamid (DEET)<\/p>\n","protected":false},"excerpt":{"rendered":"<p>TravelDeet ist ein insektenabwehrendes Mittel (Repellent), das dem Schutz gegen Mucken, Zecken und viele andere stechende Fliegen und Insekten dient. Der in&hellip;<\/p>\n","protected":false},"featured_media":36324,"template":"","meta":{"_acf_changed":false},"product_brand":[],"product_cat":[2362,2540,2541],"product_tag":[],"class_list":{"0":"post-35750","1":"product","2":"type-product","3":"status-publish","4":"has-post-thumbnail","6":"product_cat-insektenschutz","7":"product_cat-insektenschutzmittel","8":"product_cat-traveldeet-insektenschutzmittel","10":"first","11":"instock","12":"purchasable","13":"product-type-simple"},"acf":[],"_links":{"self":[{"href":"https:\/\/travelsafe.nl\/de\/wp-json\/wp\/v2\/product\/35750","targetHints":{"allow":["GET"]}}],"collection":[{"href":"https:\/\/travelsafe.nl\/de\/wp-json\/wp\/v2\/product"}],"about":[{"href":"https:\/\/travelsafe.nl\/de\/wp-json\/wp\/v2\/types\/product"}],"wp:featuredmedia":[{"embeddable":true,"href":"https:\/\/travelsafe.nl\/de\/wp-json\/wp\/v2\/media\/36324"}],"wp:attachment":[{"href":"https:\/\/travelsafe.nl\/de\/wp-json\/wp\/v2\/media?parent=35750"}],"wp:term":[{"taxonomy":"product_brand","embeddable":true,"href":"https:\/\/travelsafe.nl\/de\/wp-json\/wp\/v2\/product_brand?post=35750"},{"taxonomy":"product_cat","embeddable":true,"href":"https:\/\/travelsafe.nl\/de\/wp-json\/wp\/v2\/product_cat?post=35750"},{"taxonomy":"product_tag","embeddable":true,"href":"https:\/\/travelsafe.nl\/de\/wp-json\/wp\/v2\/product_tag?post=35750"}],"curies":[{"name":"wp","href":"https:\/\/api.w.org\/{rel}","templated":true}]}}