{"id":35757,"date":"2019-06-10T23:22:35","date_gmt":"2019-06-10T23:22:35","guid":{"rendered":"http:\/\/travelsafe.nl\/assortiment\/unkategorisiert\/moskitonetz-cube-tropical-proof-1-2-personen\/"},"modified":"2023-12-21T12:18:46","modified_gmt":"2023-12-21T12:18:46","slug":"moskitonetz-cube-tropical-proof-1-2-personen","status":"publish","type":"product","link":"https:\/\/travelsafe.nl\/de\/assortiment\/moskitonetz\/tropic-moskitonetz\/zwei-personen-tropic-moskitonetz\/moskitonetz-cube-tropical-proof-1-2-personen\/","title":{"rendered":"Moskitonetz Cube &#8211; Impr\u00e4gniert \u2013 2-Personen"},"content":{"rendered":"<p>Dieses Moskitonetz in neuen Stil hat oben einen speziellen Kreuzrahmen, sodass Sie es als Pyramidenstil verwenden k\u00f6nnen, aber alle Vorteile eines Box-Model Netz mit geraden W\u00e4nden nutzen k\u00f6nnen. Der Fiberglasstange kann durch die speziellen Schlaufen platziert werden, und mit die Haken kann es wie eine Pyramide Model in einem zentralen Punkt montiert werden. Der Rahmen und das Netz k\u00f6nnen zu einem kleinen Paket zusammengefaltet werden, das in jeden Koffer oder Rucksack passt. Diese Netz ist geeignet f\u00fcr die Tropics.<\/p>\n<p>TravelSafe bietet ein komplettes Sortiment an Moskitonetzen. F\u00fcr jede Kategorie von Reisenden hat TravelSafe das passende Moskitonetz. F\u00fcr Reisen in die Tropen sollten Sie sich immer f\u00fcr das Tropical Moskitonetz entscheiden. Bleiben Sie in Europa, w\u00e4hlen Sie das klassische Moskitonetz, und wenn Sie in Richtung Skandinavien \/ Schottland verreisen, ist ein besonders feinmaschiges Moskitonetz das Richtige. Alle Netze von TravelSafe erf\u00fcllen die h\u00f6chsten Qualit\u00e4tsanforderungen, sind rundum geschlossen und feinmaschig, und bestimmte Modelle verf\u00fcgen \u00fcberdies \u00fcber einen besonders robusten Einstiegsstreifen.<br \/>\nDas einzigartige Farbcodesystem erleichtert Ihnen die Wahl. Bei den in blauen Taschen verpackten Netzen handelt es sich um die klassischen Moskitonetze f\u00fcr Reisen innerhalb Europas; die in gr\u00fcnen Taschen verpackten Netze sind besonders feinmaschig und sch\u00fctzen Sie vor den allerkleinsten Insekten, wie die Midges, die in Skandinavien\/Schottland vorkommen. Die in orangefarbenen Taschen verpackten Netze sind speziell f\u00fcr die Benutzung in den Tropen konzipiert.<\/p>\n<p>&nbsp;<\/p>\n<p>Abmessungen: Unten 250&#215;250, oben 150x120cm, hoch 250cm<br \/>\nGewicht:\u00a0 \u00a0 \u00a0 \u00a0 \u00a0 \u00a0 828 g<br \/>\nMaterial:\u00a0 \u00a0 \u00a0 \u00a0 \u00a0 \u00a0100% Polyester \/ Fiberglasstange<br \/>\nPersonen:\u00a0 \u00a0 \u00a0 \u00a0 \u00a0 2<br \/>\nDichte:\u00a0 \u00a0 \u00a0 \u00a0 \u00a0 \u00a0 \u00a0 225 L\u00f6cher \/ Inch\u00b2<\/p>\n<p>&nbsp;<\/p>\n","protected":false},"excerpt":{"rendered":"<p>Dieses Moskitonetz in neuen Stil hat oben einen speziellen Kreuzrahmen, sodass Sie es als Pyramidenstil verwenden k\u00f6nnen, aber alle Vorteile eines Box-Model&hellip;<\/p>\n","protected":false},"featured_media":32620,"template":"","meta":{"_acf_changed":false},"product_brand":[],"product_cat":[2532,2363,2534],"product_tag":[],"class_list":{"0":"post-35757","1":"product","2":"type-product","3":"status-publish","4":"has-post-thumbnail","6":"product_cat-tropic-moskitonetz","7":"product_cat-moskitonetz","8":"product_cat-zwei-personen-tropic-moskitonetz","10":"first","11":"instock","12":"product-type-simple"},"acf":[],"_links":{"self":[{"href":"https:\/\/travelsafe.nl\/de\/wp-json\/wp\/v2\/product\/35757","targetHints":{"allow":["GET"]}}],"collection":[{"href":"https:\/\/travelsafe.nl\/de\/wp-json\/wp\/v2\/product"}],"about":[{"href":"https:\/\/travelsafe.nl\/de\/wp-json\/wp\/v2\/types\/product"}],"wp:featuredmedia":[{"embeddable":true,"href":"https:\/\/travelsafe.nl\/de\/wp-json\/wp\/v2\/media\/32620"}],"wp:attachment":[{"href":"https:\/\/travelsafe.nl\/de\/wp-json\/wp\/v2\/media?parent=35757"}],"wp:term":[{"taxonomy":"product_brand","embeddable":true,"href":"https:\/\/travelsafe.nl\/de\/wp-json\/wp\/v2\/product_brand?post=35757"},{"taxonomy":"product_cat","embeddable":true,"href":"https:\/\/travelsafe.nl\/de\/wp-json\/wp\/v2\/product_cat?post=35757"},{"taxonomy":"product_tag","embeddable":true,"href":"https:\/\/travelsafe.nl\/de\/wp-json\/wp\/v2\/product_tag?post=35757"}],"curies":[{"name":"wp","href":"https:\/\/api.w.org\/{rel}","templated":true}]}}