{"id":35758,"date":"2019-06-10T23:22:37","date_gmt":"2019-06-10T23:22:37","guid":{"rendered":"http:\/\/travelsafe.nl\/assortiment\/unkategorisiert\/anti-insect-spray-60ml\/"},"modified":"2023-05-11T08:50:45","modified_gmt":"2023-05-11T08:50:45","slug":"anti-insect-spray-60ml","status":"publish","type":"product","link":"https:\/\/travelsafe.nl\/de\/assortiment\/insektenschutz\/insektenschutzmittel\/travelsafe-anti-insekt-citrodiol\/anti-insect-spray-60ml\/","title":{"rendered":"Anti-insect Spray &#8211; 60ml"},"content":{"rendered":"<p>Ein verantwortungsvoller Anti-Moskito-Abwehrmittel als Alternative zu DEET. Das Repellent von TravelSafe ist basiert auf Citriodiol\u00ae und bietet Schutz gegen Moskitos, Zecken und Knoten bis zu 6 Stunden. Das Spray eignet sich auch f\u00fcr die Anwendung w\u00e4hrend der Schwangerschaft und des Stillens und f\u00fcr Kinder ab 3 Monaten. Diese 60 ml Flasche gen\u00fcgt f\u00fcr eine Person f\u00fcr 2 Wochen t\u00e4glich.<\/p>\n<p>Es gibt verschiedene Krankheiten, die durch M\u00fccken \u00fcbertragen werden. Sie k\u00f6nnen sich daf\u00fcr sch\u00fctzen, durch die Anwendung von Antim\u00fcckenmitteln, Schutzkleidung und M\u00fcckennetzen w\u00e4hrend der Mittags- und Nachtruhe.<\/p>\n<p>Inhalt:\u00a0 \u00a0 \u00a0 \u00a0 \u00a0 \u00a060 ml<br \/>\nBestandteil: \u00a0Citriodiol\u00ae<\/p>\n","protected":false},"excerpt":{"rendered":"<p>Ein verantwortungsvoller Anti-Moskito-Abwehrmittel als Alternative zu DEET. Das Repellent von TravelSafe ist basiert auf Citriodiol\u00ae und bietet Schutz gegen Moskitos, Zecken und&hellip;<\/p>\n","protected":false},"featured_media":32631,"template":"","meta":{"_acf_changed":false},"product_brand":[],"product_cat":[2320,2362,2540,2546],"product_tag":[],"class_list":{"0":"post-35758","1":"product","2":"type-product","3":"status-publish","4":"has-post-thumbnail","6":"product_cat-insectwerende-middelen","7":"product_cat-insektenschutz","8":"product_cat-insektenschutzmittel","9":"product_cat-travelsafe-anti-insekt-citrodiol","11":"first","12":"instock","13":"purchasable","14":"product-type-simple"},"acf":[],"_links":{"self":[{"href":"https:\/\/travelsafe.nl\/de\/wp-json\/wp\/v2\/product\/35758","targetHints":{"allow":["GET"]}}],"collection":[{"href":"https:\/\/travelsafe.nl\/de\/wp-json\/wp\/v2\/product"}],"about":[{"href":"https:\/\/travelsafe.nl\/de\/wp-json\/wp\/v2\/types\/product"}],"wp:featuredmedia":[{"embeddable":true,"href":"https:\/\/travelsafe.nl\/de\/wp-json\/wp\/v2\/media\/32631"}],"wp:attachment":[{"href":"https:\/\/travelsafe.nl\/de\/wp-json\/wp\/v2\/media?parent=35758"}],"wp:term":[{"taxonomy":"product_brand","embeddable":true,"href":"https:\/\/travelsafe.nl\/de\/wp-json\/wp\/v2\/product_brand?post=35758"},{"taxonomy":"product_cat","embeddable":true,"href":"https:\/\/travelsafe.nl\/de\/wp-json\/wp\/v2\/product_cat?post=35758"},{"taxonomy":"product_tag","embeddable":true,"href":"https:\/\/travelsafe.nl\/de\/wp-json\/wp\/v2\/product_tag?post=35758"}],"curies":[{"name":"wp","href":"https:\/\/api.w.org\/{rel}","templated":true}]}}