{"id":35762,"date":"2019-06-10T23:22:40","date_gmt":"2019-06-10T23:22:40","guid":{"rendered":"http:\/\/travelsafe.nl\/assortiment\/unkategorisiert\/erste-hilfe-kit-sterile-dental\/"},"modified":"2023-04-07T14:01:08","modified_gmt":"2023-04-07T14:01:08","slug":"erste-hilfe-kit-sterile-dental","status":"publish","type":"product","link":"https:\/\/travelsafe.nl\/de\/assortiment\/apotheker\/sterile-sets\/erste-hilfe-kit-sterile-dental\/","title":{"rendered":"Medizin &#038; Zahnmedizin &#8211; Erste-Hilfe-Set"},"content":{"rendered":"<p>Dieses Set enth\u00e4lt au\u00dfer einer umfangreichen Sortierung steriler Hilfsmittel auch eine provisorische Verschlussmasse. Durch die Druck- und\/oder Temperaturunterschiede (beim Tauchen, Klettern) k\u00f6nnen alte Plombe sich l\u00f6sen.<\/p>\n<p>Wenn Sie unter Umst\u00e4nden nicht direkt ad\u00e4quate medizinische Hilfe erhalten k\u00f6nnen, kann dies zu gef\u00e4hrlichen Situationen f\u00fchren. Darum sollten Sie eine gute Ausr\u00fcstung mit sich f\u00fchren. TravelSafe hat f\u00fcr jedes Reiseziel und jede Aktivit\u00e4t. Das Fluor\/Orange Sterile-Set ist anzuraten, wenn Sie L\u00e4nder mit Risiko auf Hepatitis B\/HIV bereisen. Hierbei sollte man an Afrika, S\u00fcdamerika und Asien, also die Sub-Tropen denken.<\/p>\n<p>Abmessungen:\u00a0 9 x 15 x 6 cm<br \/>\nGewicht:\u00a0 \u00a0 \u00a0 \u00a0 \u00a0 \u00a0155 g<br \/>\nMaterial:\u00a0 \u00a0 \u00a0 \u00a0 \u00a0 \u00a0100% Polyester<br \/>\nArtikel:\u00a0 \u00a0 \u00a0 \u00a0 \u00a0 \u00a0 \u00a0 39<\/p>\n","protected":false},"excerpt":{"rendered":"<p>Dieses Set enth\u00e4lt au\u00dfer einer umfangreichen Sortierung steriler Hilfsmittel auch eine provisorische Verschlussmasse. Durch die Druck- und\/oder Temperaturunterschiede (beim Tauchen, Klettern) k\u00f6nnen&hellip;<\/p>\n","protected":false},"featured_media":36713,"template":"","meta":{"_acf_changed":false},"product_brand":[],"product_cat":[2361,2539],"product_tag":[],"class_list":{"0":"post-35762","1":"product","2":"type-product","3":"status-publish","4":"has-post-thumbnail","6":"product_cat-apotheker","7":"product_cat-sterile-sets","9":"first","10":"onbackorder","11":"purchasable","12":"product-type-simple"},"acf":[],"_links":{"self":[{"href":"https:\/\/travelsafe.nl\/de\/wp-json\/wp\/v2\/product\/35762","targetHints":{"allow":["GET"]}}],"collection":[{"href":"https:\/\/travelsafe.nl\/de\/wp-json\/wp\/v2\/product"}],"about":[{"href":"https:\/\/travelsafe.nl\/de\/wp-json\/wp\/v2\/types\/product"}],"wp:featuredmedia":[{"embeddable":true,"href":"https:\/\/travelsafe.nl\/de\/wp-json\/wp\/v2\/media\/36713"}],"wp:attachment":[{"href":"https:\/\/travelsafe.nl\/de\/wp-json\/wp\/v2\/media?parent=35762"}],"wp:term":[{"taxonomy":"product_brand","embeddable":true,"href":"https:\/\/travelsafe.nl\/de\/wp-json\/wp\/v2\/product_brand?post=35762"},{"taxonomy":"product_cat","embeddable":true,"href":"https:\/\/travelsafe.nl\/de\/wp-json\/wp\/v2\/product_cat?post=35762"},{"taxonomy":"product_tag","embeddable":true,"href":"https:\/\/travelsafe.nl\/de\/wp-json\/wp\/v2\/product_tag?post=35762"}],"curies":[{"name":"wp","href":"https:\/\/api.w.org\/{rel}","templated":true}]}}