{"id":35763,"date":"2019-06-10T23:22:40","date_gmt":"2019-06-10T23:22:40","guid":{"rendered":"http:\/\/travelsafe.nl\/assortiment\/unkategorisiert\/mikrofaser-schlafsack-einlage-mummien-1pers-wei\/"},"modified":"2023-04-07T14:01:09","modified_gmt":"2023-04-07T14:01:09","slug":"mikrofaser-schlafsack-einlage-mummien-1pers-wei","status":"publish","type":"product","link":"https:\/\/travelsafe.nl\/de\/assortiment\/reise-zubehr\/mikrofaser-schlafsack-einlage-mummien-1pers-wei\/","title":{"rendered":"Mikrofaser Schlafsackeinlage &#8211; Mumie"},"content":{"rendered":"<p>Dieser Ultra d\u00fcnne, leichtgewichtige und kompakte Schlafsack-Einlage kann im Schlafsack f\u00fcr extra Isolation benutzt werden und ist einzeln ideal f\u00fcr hei\u00dfes Sommer Klima.<\/p>\n<p>Auch als Decke Modell lieferbar.<\/p>\n<p>Abmessungen:\u00a0240 x 85\/52 cm<br \/>\nGewicht:\u00a0 \u00a0 \u00a0 \u00a0 \u00a0 \u00a0240 g<br \/>\nMaterial:\u00a0 \u00a0 \u00a0 \u00a0 \u00a0 \u00a0Mikrofaser<br \/>\nFarbe: \u00a0\u00a0\u00a0\u00a0\u00a0\u00a0\u00a0\u00a0\u00a0\u00a0\u00a0\u00a0\u00a0\u00a0Weiss<\/p>\n","protected":false},"excerpt":{"rendered":"<p>Dieser Ultra d\u00fcnne, leichtgewichtige und kompakte Schlafsack-Einlage kann im Schlafsack f\u00fcr extra Isolation benutzt werden und ist einzeln ideal f\u00fcr hei\u00dfes Sommer&hellip;<\/p>\n","protected":false},"featured_media":32688,"template":"","meta":{"_acf_changed":false},"product_brand":[],"product_cat":[2364,2548],"product_tag":[],"class_list":{"0":"post-35763","1":"product","2":"type-product","3":"status-publish","4":"has-post-thumbnail","6":"product_cat-reise-zubehr","7":"product_cat-schlafen","9":"first","10":"instock","11":"purchasable","12":"product-type-simple"},"acf":[],"_links":{"self":[{"href":"https:\/\/travelsafe.nl\/de\/wp-json\/wp\/v2\/product\/35763","targetHints":{"allow":["GET"]}}],"collection":[{"href":"https:\/\/travelsafe.nl\/de\/wp-json\/wp\/v2\/product"}],"about":[{"href":"https:\/\/travelsafe.nl\/de\/wp-json\/wp\/v2\/types\/product"}],"wp:featuredmedia":[{"embeddable":true,"href":"https:\/\/travelsafe.nl\/de\/wp-json\/wp\/v2\/media\/32688"}],"wp:attachment":[{"href":"https:\/\/travelsafe.nl\/de\/wp-json\/wp\/v2\/media?parent=35763"}],"wp:term":[{"taxonomy":"product_brand","embeddable":true,"href":"https:\/\/travelsafe.nl\/de\/wp-json\/wp\/v2\/product_brand?post=35763"},{"taxonomy":"product_cat","embeddable":true,"href":"https:\/\/travelsafe.nl\/de\/wp-json\/wp\/v2\/product_cat?post=35763"},{"taxonomy":"product_tag","embeddable":true,"href":"https:\/\/travelsafe.nl\/de\/wp-json\/wp\/v2\/product_tag?post=35763"}],"curies":[{"name":"wp","href":"https:\/\/api.w.org\/{rel}","templated":true}]}}