{"id":35771,"date":"2019-06-10T23:22:48","date_gmt":"2019-06-10T23:22:48","guid":{"rendered":"http:\/\/travelsafe.nl\/assortiment\/unkategorisiert\/reiseschloss-tsa\/"},"modified":"2023-08-01T08:30:43","modified_gmt":"2023-08-01T08:30:43","slug":"reiseschloss-tsa","status":"publish","type":"product","link":"https:\/\/travelsafe.nl\/de\/assortiment\/reise-zubehr\/reisezubehr-reise-zubehr\/schlsser\/reiseschloss-tsa\/","title":{"rendered":"TSA Kombination-Reiseschloss"},"content":{"rendered":"<p>TSA Gep\u00e4ckschloss mit Schl\u00fcssel. Dieses Vorh\u00e4ngeschloss tr\u00e4gt zur Sicherung ihres Gep\u00e4cks bei. Das Schloss ist Travel Sentry Approved (TSA). Wenn der Zoll ihr Gep\u00e4ck kontrollieren will kann das Schloss mit einem `Dietrich\u2019, ohne einige Besch\u00e4digung, ge\u00f6ffnet werden.<\/p>\n<p>Gewicht:\u00a061 g<\/p>\n","protected":false},"excerpt":{"rendered":"<p>TSA Gep\u00e4ckschloss mit Schl\u00fcssel. Dieses Vorh\u00e4ngeschloss tr\u00e4gt zur Sicherung ihres Gep\u00e4cks bei. Das Schloss ist Travel Sentry Approved (TSA). Wenn der Zoll&hellip;<\/p>\n","protected":false},"featured_media":32792,"template":"","meta":{"_acf_changed":false},"product_brand":[],"product_cat":[2364,2296,2518,2550],"product_tag":[],"class_list":{"0":"post-35771","1":"product","2":"type-product","3":"status-publish","4":"has-post-thumbnail","6":"product_cat-reise-zubehr","7":"product_cat-reis-accessoires-reisbenodigdheden","8":"product_cat-reisezubehr-reise-zubehr","9":"product_cat-schlsser","11":"first","12":"instock","13":"purchasable","14":"product-type-simple"},"acf":[],"_links":{"self":[{"href":"https:\/\/travelsafe.nl\/de\/wp-json\/wp\/v2\/product\/35771","targetHints":{"allow":["GET"]}}],"collection":[{"href":"https:\/\/travelsafe.nl\/de\/wp-json\/wp\/v2\/product"}],"about":[{"href":"https:\/\/travelsafe.nl\/de\/wp-json\/wp\/v2\/types\/product"}],"wp:featuredmedia":[{"embeddable":true,"href":"https:\/\/travelsafe.nl\/de\/wp-json\/wp\/v2\/media\/32792"}],"wp:attachment":[{"href":"https:\/\/travelsafe.nl\/de\/wp-json\/wp\/v2\/media?parent=35771"}],"wp:term":[{"taxonomy":"product_brand","embeddable":true,"href":"https:\/\/travelsafe.nl\/de\/wp-json\/wp\/v2\/product_brand?post=35771"},{"taxonomy":"product_cat","embeddable":true,"href":"https:\/\/travelsafe.nl\/de\/wp-json\/wp\/v2\/product_cat?post=35771"},{"taxonomy":"product_tag","embeddable":true,"href":"https:\/\/travelsafe.nl\/de\/wp-json\/wp\/v2\/product_tag?post=35771"}],"curies":[{"name":"wp","href":"https:\/\/api.w.org\/{rel}","templated":true}]}}