{"id":35772,"date":"2019-06-10T23:22:48","date_gmt":"2019-06-10T23:22:48","guid":{"rendered":"http:\/\/travelsafe.nl\/assortiment\/unkategorisiert\/tsa-reiseschloss-mit-kabel\/"},"modified":"2023-05-12T11:34:46","modified_gmt":"2023-05-12T11:34:46","slug":"tsa-reiseschloss-mit-kabel","status":"publish","type":"product","link":"https:\/\/travelsafe.nl\/de\/assortiment\/reise-zubehr\/reisezubehr-reise-zubehr\/schlsser\/tsa-reiseschloss-mit-kabel\/","title":{"rendered":"TSA Kombination-Reiseschloss mit Kabel"},"content":{"rendered":"<p>TSA Gep\u00e4ckschloss mit Schl\u00fcssel. Dieses Vorh\u00e4ngeschloss tr\u00e4gt zur Sicherung ihres\u00a0Gep\u00e4cks bei. Das Schloss ist Travel Sentry Approved\u00a0(TSA). Wenn der Zoll ihr Gep\u00e4ck kontrollieren will\u00a0kann das Schloss mit einem `Dietrich\u2019, ohne einige\u00a0Besch\u00e4digung, ge\u00f6ffnet werden.<\/p>\n<p>Gewicht:\u00a055 g<\/p>\n","protected":false},"excerpt":{"rendered":"<p>TSA Gep\u00e4ckschloss mit Schl\u00fcssel. Dieses Vorh\u00e4ngeschloss tr\u00e4gt zur Sicherung ihres\u00a0Gep\u00e4cks bei. Das Schloss ist Travel Sentry Approved\u00a0(TSA). Wenn der Zoll ihr Gep\u00e4ck&hellip;<\/p>\n","protected":false},"featured_media":32809,"template":"","meta":{"_acf_changed":false},"product_brand":[],"product_cat":[2296,2290,2518,2550],"product_tag":[],"class_list":{"0":"post-35772","1":"product","2":"type-product","3":"status-publish","4":"has-post-thumbnail","6":"product_cat-reis-accessoires-reisbenodigdheden","7":"product_cat-reisbenodigdheden","8":"product_cat-reisezubehr-reise-zubehr","9":"product_cat-schlsser","11":"first","12":"instock","13":"purchasable","14":"product-type-simple"},"acf":[],"_links":{"self":[{"href":"https:\/\/travelsafe.nl\/de\/wp-json\/wp\/v2\/product\/35772","targetHints":{"allow":["GET"]}}],"collection":[{"href":"https:\/\/travelsafe.nl\/de\/wp-json\/wp\/v2\/product"}],"about":[{"href":"https:\/\/travelsafe.nl\/de\/wp-json\/wp\/v2\/types\/product"}],"wp:featuredmedia":[{"embeddable":true,"href":"https:\/\/travelsafe.nl\/de\/wp-json\/wp\/v2\/media\/32809"}],"wp:attachment":[{"href":"https:\/\/travelsafe.nl\/de\/wp-json\/wp\/v2\/media?parent=35772"}],"wp:term":[{"taxonomy":"product_brand","embeddable":true,"href":"https:\/\/travelsafe.nl\/de\/wp-json\/wp\/v2\/product_brand?post=35772"},{"taxonomy":"product_cat","embeddable":true,"href":"https:\/\/travelsafe.nl\/de\/wp-json\/wp\/v2\/product_cat?post=35772"},{"taxonomy":"product_tag","embeddable":true,"href":"https:\/\/travelsafe.nl\/de\/wp-json\/wp\/v2\/product_tag?post=35772"}],"curies":[{"name":"wp","href":"https:\/\/api.w.org\/{rel}","templated":true}]}}