{"id":35774,"date":"2019-06-10T23:22:51","date_gmt":"2019-06-10T23:22:51","guid":{"rendered":"http:\/\/travelsafe.nl\/assortiment\/unkategorisiert\/nhset\/"},"modified":"2023-05-12T11:38:05","modified_gmt":"2023-05-12T11:38:05","slug":"nhset","status":"publish","type":"product","link":"https:\/\/travelsafe.nl\/de\/assortiment\/reise-zubehr\/reisezubehr-reise-zubehr\/briges-reisezubehr-reise-zubehr\/nhset\/","title":{"rendered":"N\u00e4hset f\u00fcr unterwegs"},"content":{"rendered":"<p>Dieses kleine, praktische N\u00e4hzeug ist auf Reisen ideal f\u00fcr kleine Reparaturen an ihrer Kleidung.<\/p>\n<p>Abmessungen:\u00a015 x 65 x 70 mm<br \/>\nGewicht:\u00a0 \u00a0 \u00a0 \u00a0 \u00a0 \u00a050 g<\/p>\n","protected":false},"excerpt":{"rendered":"<p>Dieses kleine, praktische N\u00e4hzeug ist auf Reisen ideal f\u00fcr kleine Reparaturen an ihrer Kleidung. Abmessungen:\u00a015 x 65 x 70 mm Gewicht:\u00a0 \u00a0&hellip;<\/p>\n","protected":false},"featured_media":32843,"template":"","meta":{"_acf_changed":false},"product_brand":[],"product_cat":[2524,2364,2302,2296,2290,2518],"product_tag":[],"class_list":{"0":"post-35774","1":"product","2":"type-product","3":"status-publish","4":"has-post-thumbnail","6":"product_cat-briges-reisezubehr-reise-zubehr","7":"product_cat-reise-zubehr","8":"product_cat-overige-reis-accesoires-reisbenodigdheden","9":"product_cat-reis-accessoires-reisbenodigdheden","10":"product_cat-reisbenodigdheden","11":"product_cat-reisezubehr-reise-zubehr","13":"first","14":"instock","15":"purchasable","16":"product-type-simple"},"acf":[],"_links":{"self":[{"href":"https:\/\/travelsafe.nl\/de\/wp-json\/wp\/v2\/product\/35774","targetHints":{"allow":["GET"]}}],"collection":[{"href":"https:\/\/travelsafe.nl\/de\/wp-json\/wp\/v2\/product"}],"about":[{"href":"https:\/\/travelsafe.nl\/de\/wp-json\/wp\/v2\/types\/product"}],"wp:featuredmedia":[{"embeddable":true,"href":"https:\/\/travelsafe.nl\/de\/wp-json\/wp\/v2\/media\/32843"}],"wp:attachment":[{"href":"https:\/\/travelsafe.nl\/de\/wp-json\/wp\/v2\/media?parent=35774"}],"wp:term":[{"taxonomy":"product_brand","embeddable":true,"href":"https:\/\/travelsafe.nl\/de\/wp-json\/wp\/v2\/product_brand?post=35774"},{"taxonomy":"product_cat","embeddable":true,"href":"https:\/\/travelsafe.nl\/de\/wp-json\/wp\/v2\/product_cat?post=35774"},{"taxonomy":"product_tag","embeddable":true,"href":"https:\/\/travelsafe.nl\/de\/wp-json\/wp\/v2\/product_tag?post=35774"}],"curies":[{"name":"wp","href":"https:\/\/api.w.org\/{rel}","templated":true}]}}