{"id":35778,"date":"2019-06-10T23:22:54","date_gmt":"2019-06-10T23:22:54","guid":{"rendered":"http:\/\/travelsafe.nl\/assortiment\/unkategorisiert\/geldgrtel-skin-waist-pouch-beige\/"},"modified":"2023-04-07T14:01:11","modified_gmt":"2023-04-07T14:01:11","slug":"geldgrtel-skin-waist-pouch-beige","status":"publish","type":"product","link":"https:\/\/travelsafe.nl\/de\/assortiment\/reise-zubehr\/dokumententasche\/polyester-dokumententasche\/geldgrtel-skin-waist-pouch-beige\/","title":{"rendered":"Skin Waist Pouch &#8211; Geldg\u00fcrtel &#8211; Beige"},"content":{"rendered":"<p>Detaillierte H\u00fcft-Dokumententasche mit Organizer\u00a0und verschiedenen F\u00e4chern. Mit verstellbarem,\u00a0elastischem Bauchgurt. Weiche Kanten und S\u00e4ume.\u00a0R\u00fcckseite CoolMax\u00ae gef\u00fcttert f\u00fcr einen Hoher Tragekomfort.\u00a0Unter der Abdeckklappe: 2-Rei\u00dfverschlussfachen, Kreditkartenfachen und zus\u00e4tzliche Steckfach. Eine zus\u00e4tzliche Rei\u00dfverschlussfache an der Klappe.<\/p>\n<p>Auch in der Farbe Schwarz (TS0353.0001) erh\u00e4ltlich.<\/p>\n<p>Abmessungen:\u00a0\u00a0 \u00a022 x 12 cm<br \/>\nGewicht:\u00a0 \u00a0 \u00a0 \u00a0 \u00a0 \u00a0 \u00a057 g<br \/>\nMaterial:\u00a0 \u00a0 \u00a0 \u00a0 \u00a0 \u00a0 \u00a0100% Polyester<br \/>\nFarbe: \u00a0\u00a0\u00a0\u00a0\u00a0\u00a0\u00a0\u00a0\u00a0\u00a0\u00a0\u00a0\u00a0\u00a0\u00a0\u00a0 Beige<\/p>\n","protected":false},"excerpt":{"rendered":"<p>Detaillierte H\u00fcft-Dokumententasche mit Organizer\u00a0und verschiedenen F\u00e4chern. Mit verstellbarem,\u00a0elastischem Bauchgurt. Weiche Kanten und S\u00e4ume.\u00a0R\u00fcckseite CoolMax\u00ae gef\u00fcttert f\u00fcr einen Hoher Tragekomfort.\u00a0Unter der Abdeckklappe: 2-Rei\u00dfverschlussfachen,&hellip;<\/p>\n","protected":false},"featured_media":32899,"template":"","meta":{"_acf_changed":false},"product_brand":[],"product_cat":[2551,2364,2552],"product_tag":[],"class_list":{"0":"post-35778","1":"product","2":"type-product","3":"status-publish","4":"has-post-thumbnail","6":"product_cat-dokumententasche","7":"product_cat-reise-zubehr","8":"product_cat-polyester-dokumententasche","10":"first","11":"instock","12":"purchasable","13":"product-type-simple"},"acf":[],"_links":{"self":[{"href":"https:\/\/travelsafe.nl\/de\/wp-json\/wp\/v2\/product\/35778","targetHints":{"allow":["GET"]}}],"collection":[{"href":"https:\/\/travelsafe.nl\/de\/wp-json\/wp\/v2\/product"}],"about":[{"href":"https:\/\/travelsafe.nl\/de\/wp-json\/wp\/v2\/types\/product"}],"wp:featuredmedia":[{"embeddable":true,"href":"https:\/\/travelsafe.nl\/de\/wp-json\/wp\/v2\/media\/32899"}],"wp:attachment":[{"href":"https:\/\/travelsafe.nl\/de\/wp-json\/wp\/v2\/media?parent=35778"}],"wp:term":[{"taxonomy":"product_brand","embeddable":true,"href":"https:\/\/travelsafe.nl\/de\/wp-json\/wp\/v2\/product_brand?post=35778"},{"taxonomy":"product_cat","embeddable":true,"href":"https:\/\/travelsafe.nl\/de\/wp-json\/wp\/v2\/product_cat?post=35778"},{"taxonomy":"product_tag","embeddable":true,"href":"https:\/\/travelsafe.nl\/de\/wp-json\/wp\/v2\/product_tag?post=35778"}],"curies":[{"name":"wp","href":"https:\/\/api.w.org\/{rel}","templated":true}]}}