{"id":35779,"date":"2019-06-10T23:22:56","date_gmt":"2019-06-10T23:22:56","guid":{"rendered":"http:\/\/travelsafe.nl\/assortiment\/unkategorisiert\/geldgrtel-skin-id-tasche-beige\/"},"modified":"2023-04-07T14:01:11","modified_gmt":"2023-04-07T14:01:11","slug":"geldgrtel-skin-id-tasche-beige","status":"publish","type":"product","link":"https:\/\/travelsafe.nl\/de\/assortiment\/reise-zubehr\/dokumententasche\/polyester-dokumententasche\/geldgrtel-skin-id-tasche-beige\/","title":{"rendered":"Geldg\u00fcrtel \u2013 ID Tasche &#8211; Beige"},"content":{"rendered":"<p>Sicherheitstasche mit Rei\u00dfverschluss. F\u00fcr ID-Karte oder\u00a0Bankkarten. Weiche kanten und Saume. Der Ruckseite besteht aus\u00a0Coolmax\u00ae, dass angenehm f\u00fcr die Haut ist und daf\u00fcr sorgt, dass Ihre Haut eine Optimale Feuchtigkeitsregulierung genie\u00dft. Die Tasche hat 1 Rei\u00dfverschlussfach und eine Steckerfach.<\/p>\n<p>Abmessungen:\u00a0\u00a0 \u00a013 x 10 cm<br \/>\nGewicht:\u00a0 \u00a0 \u00a0 \u00a0 \u00a0 \u00a0 \u00a011 g<br \/>\nMaterial:\u00a0 \u00a0 \u00a0 \u00a0 \u00a0 \u00a0 \u00a0100% Polyester<br \/>\nFarbe: \u00a0\u00a0\u00a0\u00a0\u00a0\u00a0\u00a0\u00a0\u00a0\u00a0\u00a0\u00a0\u00a0\u00a0\u00a0\u00a0 Beige<\/p>\n","protected":false},"excerpt":{"rendered":"<p>Sicherheitstasche mit Rei\u00dfverschluss. F\u00fcr ID-Karte oder\u00a0Bankkarten. Weiche kanten und Saume. Der Ruckseite besteht aus\u00a0Coolmax\u00ae, dass angenehm f\u00fcr die Haut ist und daf\u00fcr&hellip;<\/p>\n","protected":false},"featured_media":32916,"template":"","meta":{"_acf_changed":false},"product_brand":[],"product_cat":[2551,2364,2552],"product_tag":[],"class_list":{"0":"post-35779","1":"product","2":"type-product","3":"status-publish","4":"has-post-thumbnail","6":"product_cat-dokumententasche","7":"product_cat-reise-zubehr","8":"product_cat-polyester-dokumententasche","10":"first","11":"instock","12":"purchasable","13":"product-type-simple"},"acf":[],"_links":{"self":[{"href":"https:\/\/travelsafe.nl\/de\/wp-json\/wp\/v2\/product\/35779","targetHints":{"allow":["GET"]}}],"collection":[{"href":"https:\/\/travelsafe.nl\/de\/wp-json\/wp\/v2\/product"}],"about":[{"href":"https:\/\/travelsafe.nl\/de\/wp-json\/wp\/v2\/types\/product"}],"wp:featuredmedia":[{"embeddable":true,"href":"https:\/\/travelsafe.nl\/de\/wp-json\/wp\/v2\/media\/32916"}],"wp:attachment":[{"href":"https:\/\/travelsafe.nl\/de\/wp-json\/wp\/v2\/media?parent=35779"}],"wp:term":[{"taxonomy":"product_brand","embeddable":true,"href":"https:\/\/travelsafe.nl\/de\/wp-json\/wp\/v2\/product_brand?post=35779"},{"taxonomy":"product_cat","embeddable":true,"href":"https:\/\/travelsafe.nl\/de\/wp-json\/wp\/v2\/product_cat?post=35779"},{"taxonomy":"product_tag","embeddable":true,"href":"https:\/\/travelsafe.nl\/de\/wp-json\/wp\/v2\/product_tag?post=35779"}],"curies":[{"name":"wp","href":"https:\/\/api.w.org\/{rel}","templated":true}]}}