{"id":35783,"date":"2019-06-10T23:22:59","date_gmt":"2019-06-10T23:22:59","guid":{"rendered":"http:\/\/travelsafe.nl\/assortiment\/unkategorisiert\/geldgrtel-city-safe-polyester-beige\/"},"modified":"2023-04-07T14:01:11","modified_gmt":"2023-04-07T14:01:11","slug":"geldgrtel-city-safe-polyester-beige","status":"publish","type":"product","link":"https:\/\/travelsafe.nl\/de\/assortiment\/reise-zubehr\/dokumententasche\/polyester-dokumententasche\/geldgrtel-city-safe-polyester-beige\/","title":{"rendered":"City Safe \u2013 G\u00fcrteltasche \u2013 Beige"},"content":{"rendered":"<p>Die Citys Safe ist eine Sicherheitstasche mit Rei\u00dfverschlussfache und wasserdichter Tasche. Ideal zum Aufbewahren aller Reisedokumente. Am G\u00fcrtel befestigen und in die Hose zur\u00fcckfalten, damit niemand die Tasche sehen kann.\u00a0Weiche Kanten und S\u00e4ume. Hoher Tragekomfort\u00a0und optimale Feuchtigkeitsregulierung durch atmungsaktives\u00a0R\u00fcckenmaterial (CoolMax\u00ae). Der City Safe besteht aus Ripstop-Nylon \/ PU Material.<\/p>\n<p>Auch in Schwarz erh\u00e4ltlich (TS0357.0001).<\/p>\n<p>Abmessungen:\u00a0\u00a0 \u00a019 x 13 cm<br \/>\nGewicht:\u00a0 \u00a0 \u00a0 \u00a0 \u00a0 \u00a0 \u00a025 g<br \/>\nMaterial:\u00a0 \u00a0 \u00a0 \u00a0 \u00a0 \u00a0 \u00a0Ripstop Nylon \/ PU<br \/>\nFarbe: \u00a0\u00a0\u00a0\u00a0\u00a0\u00a0\u00a0\u00a0\u00a0\u00a0\u00a0\u00a0\u00a0\u00a0\u00a0 Beige<\/p>\n","protected":false},"excerpt":{"rendered":"<p>Die Citys Safe ist eine Sicherheitstasche mit Rei\u00dfverschlussfache und wasserdichter Tasche. Ideal zum Aufbewahren aller Reisedokumente. Am G\u00fcrtel befestigen und in die&hellip;<\/p>\n","protected":false},"featured_media":32984,"template":"","meta":{"_acf_changed":false},"product_brand":[],"product_cat":[2551,2364,2552],"product_tag":[],"class_list":{"0":"post-35783","1":"product","2":"type-product","3":"status-publish","4":"has-post-thumbnail","6":"product_cat-dokumententasche","7":"product_cat-reise-zubehr","8":"product_cat-polyester-dokumententasche","10":"first","11":"instock","12":"purchasable","13":"product-type-simple"},"acf":[],"_links":{"self":[{"href":"https:\/\/travelsafe.nl\/de\/wp-json\/wp\/v2\/product\/35783","targetHints":{"allow":["GET"]}}],"collection":[{"href":"https:\/\/travelsafe.nl\/de\/wp-json\/wp\/v2\/product"}],"about":[{"href":"https:\/\/travelsafe.nl\/de\/wp-json\/wp\/v2\/types\/product"}],"wp:featuredmedia":[{"embeddable":true,"href":"https:\/\/travelsafe.nl\/de\/wp-json\/wp\/v2\/media\/32984"}],"wp:attachment":[{"href":"https:\/\/travelsafe.nl\/de\/wp-json\/wp\/v2\/media?parent=35783"}],"wp:term":[{"taxonomy":"product_brand","embeddable":true,"href":"https:\/\/travelsafe.nl\/de\/wp-json\/wp\/v2\/product_brand?post=35783"},{"taxonomy":"product_cat","embeddable":true,"href":"https:\/\/travelsafe.nl\/de\/wp-json\/wp\/v2\/product_cat?post=35783"},{"taxonomy":"product_tag","embeddable":true,"href":"https:\/\/travelsafe.nl\/de\/wp-json\/wp\/v2\/product_tag?post=35783"}],"curies":[{"name":"wp","href":"https:\/\/api.w.org\/{rel}","templated":true}]}}