{"id":35784,"date":"2019-06-10T23:22:59","date_gmt":"2019-06-10T23:22:59","guid":{"rendered":"http:\/\/travelsafe.nl\/assortiment\/unkategorisiert\/pillbox-2-boxen-mit-zeitplan\/"},"modified":"2023-05-12T07:30:26","modified_gmt":"2023-05-12T07:30:26","slug":"pillbox-2-boxen-mit-zeitplan","status":"publish","type":"product","link":"https:\/\/travelsafe.nl\/de\/assortiment\/reise-zubehr\/gesundheit-reise-zubehr\/briges-gesundheit-reise-zubehr\/pillbox-2-boxen-mit-zeitplan\/","title":{"rendered":"Pillendosen \u2013 mit Tagesplan"},"content":{"rendered":"<p>Die TravelSafe Pillendosen haben 8 F\u00e4cher mit Deckel, auf denen der erste Buchstabe des Tages angegeben ist. Auf diese Weise k\u00f6nnen Sie sehen, an welchem Tag Sie Ihre Medizin noch einnehmen m\u00fcssen.<\/p>\n<p>Abmessungen: 75 x 60 x 20 cm<br \/>\nGewicht:\u00a0 \u00a0 \u00a0 \u00a0 \u00a0 \u00a02 Boxen x 27 g<\/p>\n","protected":false},"excerpt":{"rendered":"<p>Die TravelSafe Pillendosen haben 8 F\u00e4cher mit Deckel, auf denen der erste Buchstabe des Tages angegeben ist. Auf diese Weise k\u00f6nnen Sie&hellip;<\/p>\n","protected":false},"featured_media":33001,"template":"","meta":{"_acf_changed":false},"product_brand":[],"product_cat":[2522,2524,2516,2294,2364,2518],"product_tag":[],"class_list":{"0":"post-35784","1":"product","2":"type-product","3":"status-publish","4":"has-post-thumbnail","6":"product_cat-briges-gesundheit-reise-zubehr","7":"product_cat-briges-reisezubehr-reise-zubehr","8":"product_cat-gesundheit-reise-zubehr","9":"product_cat-gezondheid-reisbenodigdheden","10":"product_cat-reise-zubehr","11":"product_cat-reisezubehr-reise-zubehr","13":"first","14":"instock","15":"purchasable","16":"product-type-simple"},"acf":[],"_links":{"self":[{"href":"https:\/\/travelsafe.nl\/de\/wp-json\/wp\/v2\/product\/35784","targetHints":{"allow":["GET"]}}],"collection":[{"href":"https:\/\/travelsafe.nl\/de\/wp-json\/wp\/v2\/product"}],"about":[{"href":"https:\/\/travelsafe.nl\/de\/wp-json\/wp\/v2\/types\/product"}],"wp:featuredmedia":[{"embeddable":true,"href":"https:\/\/travelsafe.nl\/de\/wp-json\/wp\/v2\/media\/33001"}],"wp:attachment":[{"href":"https:\/\/travelsafe.nl\/de\/wp-json\/wp\/v2\/media?parent=35784"}],"wp:term":[{"taxonomy":"product_brand","embeddable":true,"href":"https:\/\/travelsafe.nl\/de\/wp-json\/wp\/v2\/product_brand?post=35784"},{"taxonomy":"product_cat","embeddable":true,"href":"https:\/\/travelsafe.nl\/de\/wp-json\/wp\/v2\/product_cat?post=35784"},{"taxonomy":"product_tag","embeddable":true,"href":"https:\/\/travelsafe.nl\/de\/wp-json\/wp\/v2\/product_tag?post=35784"}],"curies":[{"name":"wp","href":"https:\/\/api.w.org\/{rel}","templated":true}]}}