{"id":35785,"date":"2019-06-10T23:23:02","date_gmt":"2019-06-10T23:23:02","guid":{"rendered":"http:\/\/travelsafe.nl\/assortiment\/unkategorisiert\/travelcup-flatbare-tasse\/"},"modified":"2023-05-12T10:31:03","modified_gmt":"2023-05-12T10:31:03","slug":"travelcup-flatbare-tasse","status":"publish","type":"product","link":"https:\/\/travelsafe.nl\/de\/assortiment\/reise-zubehr\/gesundheit-reise-zubehr\/briges-gesundheit-reise-zubehr\/travelcup-flatbare-tasse\/","title":{"rendered":"Travel Cup \u2013 Faltbare Tasse"},"content":{"rendered":"<p>Der Travel Cup mit Pillendose nimmt kaum Platz ein. Es ist faltbar und daher kann die H\u00f6he halbiert werden. Ideal zur Einnahme \/ Aufl\u00f6sung von Medikamenten w\u00e4hrend der Reise. Ideal f\u00fcr Backpackers Ausr\u00fcstung.<\/p>\n<p>Abmessungen: \u00f8 70 x 25 x \/ 80 mm \u2013 150 ml<br \/>\nGewicht:\u00a0 \u00a0 \u00a0 \u00a0 \u00a0 \u00a032 g<\/p>\n","protected":false},"excerpt":{"rendered":"<p>Der Travel Cup mit Pillendose nimmt kaum Platz ein. Es ist faltbar und daher kann die H\u00f6he halbiert werden. Ideal zur Einnahme&hellip;<\/p>\n","protected":false},"featured_media":33017,"template":"","meta":{"_acf_changed":false},"product_brand":[],"product_cat":[2522,2516,2364,2302,2296],"product_tag":[],"class_list":{"0":"post-35785","1":"product","2":"type-product","3":"status-publish","4":"has-post-thumbnail","6":"product_cat-briges-gesundheit-reise-zubehr","7":"product_cat-gesundheit-reise-zubehr","8":"product_cat-reise-zubehr","9":"product_cat-overige-reis-accesoires-reisbenodigdheden","10":"product_cat-reis-accessoires-reisbenodigdheden","12":"first","13":"onbackorder","14":"purchasable","15":"product-type-simple"},"acf":[],"_links":{"self":[{"href":"https:\/\/travelsafe.nl\/de\/wp-json\/wp\/v2\/product\/35785","targetHints":{"allow":["GET"]}}],"collection":[{"href":"https:\/\/travelsafe.nl\/de\/wp-json\/wp\/v2\/product"}],"about":[{"href":"https:\/\/travelsafe.nl\/de\/wp-json\/wp\/v2\/types\/product"}],"wp:featuredmedia":[{"embeddable":true,"href":"https:\/\/travelsafe.nl\/de\/wp-json\/wp\/v2\/media\/33017"}],"wp:attachment":[{"href":"https:\/\/travelsafe.nl\/de\/wp-json\/wp\/v2\/media?parent=35785"}],"wp:term":[{"taxonomy":"product_brand","embeddable":true,"href":"https:\/\/travelsafe.nl\/de\/wp-json\/wp\/v2\/product_brand?post=35785"},{"taxonomy":"product_cat","embeddable":true,"href":"https:\/\/travelsafe.nl\/de\/wp-json\/wp\/v2\/product_cat?post=35785"},{"taxonomy":"product_tag","embeddable":true,"href":"https:\/\/travelsafe.nl\/de\/wp-json\/wp\/v2\/product_tag?post=35785"}],"curies":[{"name":"wp","href":"https:\/\/api.w.org\/{rel}","templated":true}]}}