{"id":35787,"date":"2019-06-10T23:23:02","date_gmt":"2019-06-10T23:23:02","guid":{"rendered":"http:\/\/travelsafe.nl\/assortiment\/unkategorisiert\/ohrstopfen-mit-alu-lagerungtube\/"},"modified":"2023-05-12T11:05:50","modified_gmt":"2023-05-12T11:05:50","slug":"ohrstopfen-mit-alu-lagerungtube","status":"publish","type":"product","link":"https:\/\/travelsafe.nl\/de\/assortiment\/reise-zubehr\/gesundheit-reise-zubehr\/briges-gesundheit-reise-zubehr\/ohrstopfen-mit-alu-lagerungtube\/","title":{"rendered":"Ohrst\u00f6psel in luxuri\u00f6ser Lagerung Tube"},"content":{"rendered":"<p>Diese Ohrstopfen sind sehr bequem, weich und d\u00e4mpfen haupts\u00e4chlich die st\u00f6renden Ger\u00e4usche um Sie herum.\u00a0Mit diesen TravelSafe-Ohrst\u00f6pseln k\u00f6nnen Sie\u00a0ruhig und ungest\u00f6rt schlafen.\u00a0Verpackt in einem luxuri\u00f6sen Aufbewahrungsrohr.<\/p>\n<p>Gewicht:\u00a020 g<br \/>\nMaterial: Aluminium &amp; Schaum<\/p>\n","protected":false},"excerpt":{"rendered":"<p>Diese Ohrstopfen sind sehr bequem, weich und d\u00e4mpfen haupts\u00e4chlich die st\u00f6renden Ger\u00e4usche um Sie herum.\u00a0Mit diesen TravelSafe-Ohrst\u00f6pseln k\u00f6nnen Sie\u00a0ruhig und ungest\u00f6rt schlafen.\u00a0Verpackt&hellip;<\/p>\n","protected":false},"featured_media":33036,"template":"","meta":{"_acf_changed":false},"product_brand":[],"product_cat":[2522,2516,2364,2302,2296],"product_tag":[],"class_list":{"0":"post-35787","1":"product","2":"type-product","3":"status-publish","4":"has-post-thumbnail","6":"product_cat-briges-gesundheit-reise-zubehr","7":"product_cat-gesundheit-reise-zubehr","8":"product_cat-reise-zubehr","9":"product_cat-overige-reis-accesoires-reisbenodigdheden","10":"product_cat-reis-accessoires-reisbenodigdheden","12":"first","13":"instock","14":"purchasable","15":"product-type-simple"},"acf":[],"_links":{"self":[{"href":"https:\/\/travelsafe.nl\/de\/wp-json\/wp\/v2\/product\/35787","targetHints":{"allow":["GET"]}}],"collection":[{"href":"https:\/\/travelsafe.nl\/de\/wp-json\/wp\/v2\/product"}],"about":[{"href":"https:\/\/travelsafe.nl\/de\/wp-json\/wp\/v2\/types\/product"}],"wp:featuredmedia":[{"embeddable":true,"href":"https:\/\/travelsafe.nl\/de\/wp-json\/wp\/v2\/media\/33036"}],"wp:attachment":[{"href":"https:\/\/travelsafe.nl\/de\/wp-json\/wp\/v2\/media?parent=35787"}],"wp:term":[{"taxonomy":"product_brand","embeddable":true,"href":"https:\/\/travelsafe.nl\/de\/wp-json\/wp\/v2\/product_brand?post=35787"},{"taxonomy":"product_cat","embeddable":true,"href":"https:\/\/travelsafe.nl\/de\/wp-json\/wp\/v2\/product_cat?post=35787"},{"taxonomy":"product_tag","embeddable":true,"href":"https:\/\/travelsafe.nl\/de\/wp-json\/wp\/v2\/product_tag?post=35787"}],"curies":[{"name":"wp","href":"https:\/\/api.w.org\/{rel}","templated":true}]}}