{"id":35788,"date":"2019-06-10T23:23:05","date_gmt":"2019-06-10T23:23:05","guid":{"rendered":"http:\/\/travelsafe.nl\/assortiment\/unkategorisiert\/wscheleine-und-sple-stopfen\/"},"modified":"2023-05-12T11:42:31","modified_gmt":"2023-05-12T11:42:31","slug":"wscheleine-und-sple-stopfen","status":"publish","type":"product","link":"https:\/\/travelsafe.nl\/de\/assortiment\/reise-zubehr\/reisezubehr-reise-zubehr\/briges-reisezubehr-reise-zubehr\/wscheleine-und-sple-stopfen\/","title":{"rendered":"Elastische W\u00e4scheleine &#038; Sp\u00fclen Stopfen"},"content":{"rendered":"<p>Die zwei, ineinander gedrehten Gummib\u00e4nder erm\u00f6glichen\u00a0es um die W\u00e4sche ohne Klammern auf\u00a0zu h\u00e4ngen. Die W\u00e4scheleine kann von 1,5m bis\u00a02,5m gereckt werden. Der universelle Sp\u00fclen Stopfen\u00a0k\u00f6nnen Sie \u00fcberall und jederzeit gebrauchen.<\/p>\n<p>Abmessungen:\u00a0150 &#x2194; 250 m<br \/>\nGewicht:\u00a0 \u00a0 \u00a0 \u00a0 \u00a0 103 g<\/p>\n","protected":false},"excerpt":{"rendered":"<p>Die zwei, ineinander gedrehten Gummib\u00e4nder erm\u00f6glichen\u00a0es um die W\u00e4sche ohne Klammern auf\u00a0zu h\u00e4ngen. Die W\u00e4scheleine kann von 1,5m bis\u00a02,5m gereckt werden. Der&hellip;<\/p>\n","protected":false},"featured_media":33045,"template":"","meta":{"_acf_changed":false},"product_brand":[],"product_cat":[2524,2364,2302,2296,2518],"product_tag":[],"class_list":{"0":"post-35788","1":"product","2":"type-product","3":"status-publish","4":"has-post-thumbnail","6":"product_cat-briges-reisezubehr-reise-zubehr","7":"product_cat-reise-zubehr","8":"product_cat-overige-reis-accesoires-reisbenodigdheden","9":"product_cat-reis-accessoires-reisbenodigdheden","10":"product_cat-reisezubehr-reise-zubehr","12":"first","13":"instock","14":"purchasable","15":"product-type-simple"},"acf":[],"_links":{"self":[{"href":"https:\/\/travelsafe.nl\/de\/wp-json\/wp\/v2\/product\/35788","targetHints":{"allow":["GET"]}}],"collection":[{"href":"https:\/\/travelsafe.nl\/de\/wp-json\/wp\/v2\/product"}],"about":[{"href":"https:\/\/travelsafe.nl\/de\/wp-json\/wp\/v2\/types\/product"}],"wp:featuredmedia":[{"embeddable":true,"href":"https:\/\/travelsafe.nl\/de\/wp-json\/wp\/v2\/media\/33045"}],"wp:attachment":[{"href":"https:\/\/travelsafe.nl\/de\/wp-json\/wp\/v2\/media?parent=35788"}],"wp:term":[{"taxonomy":"product_brand","embeddable":true,"href":"https:\/\/travelsafe.nl\/de\/wp-json\/wp\/v2\/product_brand?post=35788"},{"taxonomy":"product_cat","embeddable":true,"href":"https:\/\/travelsafe.nl\/de\/wp-json\/wp\/v2\/product_cat?post=35788"},{"taxonomy":"product_tag","embeddable":true,"href":"https:\/\/travelsafe.nl\/de\/wp-json\/wp\/v2\/product_tag?post=35788"}],"curies":[{"name":"wp","href":"https:\/\/api.w.org\/{rel}","templated":true}]}}