{"id":35789,"date":"2019-06-10T23:23:05","date_gmt":"2019-06-10T23:23:05","guid":{"rendered":"http:\/\/travelsafe.nl\/assortiment\/unkategorisiert\/waschlappen-4-stck\/"},"modified":"2023-05-23T07:21:27","modified_gmt":"2023-05-23T07:21:27","slug":"waschlappen-4-stck","status":"publish","type":"product","link":"https:\/\/travelsafe.nl\/de\/assortiment\/reise-zubehr\/gesundheit-reise-zubehr\/waschlappen-4-stck\/","title":{"rendered":"Waschlappen &#8211; 4 Stk."},"content":{"rendered":"<p>Die reisesicheren \u201eBody Gloves sind sehr n\u00fctzlich f\u00fcr die pers\u00f6nliche Hygiene. Diese impr\u00e4gnierten Einwegwaschlappen machen die Verwendung von Wasser, Seife, Waschsch\u00fcsseln, Handt\u00fcchern usw. unn\u00f6tig. Mit diesen Waschlappen\u00a0kann man sich erfrischen, wann immer man m\u00f6chte.\u00a0Die Waschlappen sind dermatologisch getestet,\u00a0f\u00fcr den einmaligen Gebrauch, biologisch abbaubar\u00a0und geeignet f\u00fcr jeden Haut-Typ.<\/p>\n<p>Abmessungen: 14 x23 cm<br \/>\nGewicht:\u00a0 \u00a0 \u00a0 \u00a0 \u00a0 \u00a04 Waschlappen x 20 g<\/p>\n","protected":false},"excerpt":{"rendered":"<p>Die reisesicheren \u201eBody Gloves sind sehr n\u00fctzlich f\u00fcr die pers\u00f6nliche Hygiene. Diese impr\u00e4gnierten Einwegwaschlappen machen die Verwendung von Wasser, Seife, Waschsch\u00fcsseln, Handt\u00fcchern&hellip;<\/p>\n","protected":false},"featured_media":33062,"template":"","meta":{"_acf_changed":false},"product_brand":[],"product_cat":[2516,2364,2296],"product_tag":[],"class_list":{"0":"post-35789","1":"product","2":"type-product","3":"status-publish","4":"has-post-thumbnail","6":"product_cat-gesundheit-reise-zubehr","7":"product_cat-reise-zubehr","8":"product_cat-reis-accessoires-reisbenodigdheden","10":"first","11":"instock","12":"purchasable","13":"product-type-simple"},"acf":[],"_links":{"self":[{"href":"https:\/\/travelsafe.nl\/de\/wp-json\/wp\/v2\/product\/35789","targetHints":{"allow":["GET"]}}],"collection":[{"href":"https:\/\/travelsafe.nl\/de\/wp-json\/wp\/v2\/product"}],"about":[{"href":"https:\/\/travelsafe.nl\/de\/wp-json\/wp\/v2\/types\/product"}],"wp:featuredmedia":[{"embeddable":true,"href":"https:\/\/travelsafe.nl\/de\/wp-json\/wp\/v2\/media\/33062"}],"wp:attachment":[{"href":"https:\/\/travelsafe.nl\/de\/wp-json\/wp\/v2\/media?parent=35789"}],"wp:term":[{"taxonomy":"product_brand","embeddable":true,"href":"https:\/\/travelsafe.nl\/de\/wp-json\/wp\/v2\/product_brand?post=35789"},{"taxonomy":"product_cat","embeddable":true,"href":"https:\/\/travelsafe.nl\/de\/wp-json\/wp\/v2\/product_cat?post=35789"},{"taxonomy":"product_tag","embeddable":true,"href":"https:\/\/travelsafe.nl\/de\/wp-json\/wp\/v2\/product_tag?post=35789"}],"curies":[{"name":"wp","href":"https:\/\/api.w.org\/{rel}","templated":true}]}}