{"id":35790,"date":"2019-06-10T23:23:05","date_gmt":"2019-06-10T23:23:05","guid":{"rendered":"http:\/\/travelsafe.nl\/assortiment\/unkategorisiert\/safe-travel-zahnbrste-sleeve-4-stck\/"},"modified":"2023-05-12T11:51:53","modified_gmt":"2023-05-12T11:51:53","slug":"safe-travel-zahnbrste-sleeve-4-stck","status":"publish","type":"product","link":"https:\/\/travelsafe.nl\/de\/assortiment\/reise-zubehr\/reisezubehr-reise-zubehr\/briges-reisezubehr-reise-zubehr\/safe-travel-zahnbrste-sleeve-4-stck\/","title":{"rendered":"Zahnb\u00fcrstenbox &#8211; 4 Stk."},"content":{"rendered":"<p>Diese TravelSafe Zahnb\u00fcrste Abdeckungen sch\u00fctzen Ihre Zahnb\u00fcrste gegen Bakterien und Schmutz. Die bel\u00fcfte Abdeckung h\u00e4lt b\u00fcrste sauber und trocken. Passend f\u00fcr die meisten Arten von Zahnb\u00fcrsten. Einfach zu bedienen. Enth\u00e4lt 4 Abdeckungen.<\/p>\n<p>Abmessungen: 35 x 19 x 15 cm<br \/>\nGewicht:\u00a0 \u00a0 \u00a0 \u00a0 \u00a0 \u00a04 Abdeckungen x 2 g<\/p>\n","protected":false},"excerpt":{"rendered":"<p>Diese TravelSafe Zahnb\u00fcrste Abdeckungen sch\u00fctzen Ihre Zahnb\u00fcrste gegen Bakterien und Schmutz. Die bel\u00fcfte Abdeckung h\u00e4lt b\u00fcrste sauber und trocken. Passend f\u00fcr die&hellip;<\/p>\n","protected":false},"featured_media":33075,"template":"","meta":{"_acf_changed":false},"product_brand":[],"product_cat":[2524,2364,2302,2296,2518],"product_tag":[],"class_list":{"0":"post-35790","1":"product","2":"type-product","3":"status-publish","4":"has-post-thumbnail","6":"product_cat-briges-reisezubehr-reise-zubehr","7":"product_cat-reise-zubehr","8":"product_cat-overige-reis-accesoires-reisbenodigdheden","9":"product_cat-reis-accessoires-reisbenodigdheden","10":"product_cat-reisezubehr-reise-zubehr","12":"first","13":"instock","14":"purchasable","15":"product-type-simple"},"acf":[],"_links":{"self":[{"href":"https:\/\/travelsafe.nl\/de\/wp-json\/wp\/v2\/product\/35790","targetHints":{"allow":["GET"]}}],"collection":[{"href":"https:\/\/travelsafe.nl\/de\/wp-json\/wp\/v2\/product"}],"about":[{"href":"https:\/\/travelsafe.nl\/de\/wp-json\/wp\/v2\/types\/product"}],"wp:featuredmedia":[{"embeddable":true,"href":"https:\/\/travelsafe.nl\/de\/wp-json\/wp\/v2\/media\/33075"}],"wp:attachment":[{"href":"https:\/\/travelsafe.nl\/de\/wp-json\/wp\/v2\/media?parent=35790"}],"wp:term":[{"taxonomy":"product_brand","embeddable":true,"href":"https:\/\/travelsafe.nl\/de\/wp-json\/wp\/v2\/product_brand?post=35790"},{"taxonomy":"product_cat","embeddable":true,"href":"https:\/\/travelsafe.nl\/de\/wp-json\/wp\/v2\/product_cat?post=35790"},{"taxonomy":"product_tag","embeddable":true,"href":"https:\/\/travelsafe.nl\/de\/wp-json\/wp\/v2\/product_tag?post=35790"}],"curies":[{"name":"wp","href":"https:\/\/api.w.org\/{rel}","templated":true}]}}