{"id":35794,"date":"2019-06-10T23:23:11","date_gmt":"2019-06-10T23:23:11","guid":{"rendered":"http:\/\/travelsafe.nl\/assortiment\/unkategorisiert\/druck-socken-s-35-38\/"},"modified":"2023-05-12T10:46:29","modified_gmt":"2023-05-12T10:46:29","slug":"druck-socken-s-35-38","status":"publish","type":"product","link":"https:\/\/travelsafe.nl\/de\/assortiment\/reise-zubehr\/reisezubehr-reise-zubehr\/kompressionsstruempfe\/druck-socken-s-35-38\/","title":{"rendered":"Kompressionsstr\u00fcmpfe \u2013 S 35-38"},"content":{"rendered":"<p>Diese Druck-Socken helfen geschwollenen Beinen\/\u00a0Kn\u00f6cheln und Thrombosen der Venen (DVT)\u00a0vorzubeugen und stimulieren die Blutzirkulation\u00a0w\u00e4hrend langer Reisen. Klinisch getestet (komplett\u00a0mit BS 7563:1999). Die Druck-Socken garantieren\u00a0keinen Schutz vor Medizinischen Problemen.<\/p>\n<p>Verf\u00fcgbare Gr\u00f6\u00dfen: S-35\/38 M- 39\/42 L- 43\/46<\/p>\n<p>Abmessungen:\u00a0\u00a0 \u00a0S- 35\/38<br \/>\nGewicht:\u00a0 \u00a0 \u00a0 \u00a0 \u00a0 \u00a0 \u00a053 g<br \/>\nMaterial:\u00a0 \u00a0 \u00a0 \u00a0 \u00a0 \u00a0 \u00a077% Baumwolle \u2013 18% Lycra \u2013 5% Polyamid<br \/>\nFarbe: \u00a0\u00a0\u00a0\u00a0\u00a0\u00a0\u00a0\u00a0\u00a0\u00a0\u00a0\u00a0\u00a0\u00a0\u00a0 \u00a0Marine<\/p>\n","protected":false},"excerpt":{"rendered":"<p>Diese Druck-Socken helfen geschwollenen Beinen\/\u00a0Kn\u00f6cheln und Thrombosen der Venen (DVT)\u00a0vorzubeugen und stimulieren die Blutzirkulation\u00a0w\u00e4hrend langer Reisen. Klinisch getestet (komplett\u00a0mit BS 7563:1999). Die&hellip;<\/p>\n","protected":false},"featured_media":33115,"template":"","meta":{"_acf_changed":false},"product_brand":[],"product_cat":[2883,2364,2518],"product_tag":[],"class_list":{"0":"post-35794","1":"product","2":"type-product","3":"status-publish","4":"has-post-thumbnail","6":"product_cat-kompressionsstruempfe","7":"product_cat-reise-zubehr","8":"product_cat-reisezubehr-reise-zubehr","10":"first","11":"instock","12":"purchasable","13":"product-type-simple"},"acf":[],"_links":{"self":[{"href":"https:\/\/travelsafe.nl\/de\/wp-json\/wp\/v2\/product\/35794","targetHints":{"allow":["GET"]}}],"collection":[{"href":"https:\/\/travelsafe.nl\/de\/wp-json\/wp\/v2\/product"}],"about":[{"href":"https:\/\/travelsafe.nl\/de\/wp-json\/wp\/v2\/types\/product"}],"wp:featuredmedia":[{"embeddable":true,"href":"https:\/\/travelsafe.nl\/de\/wp-json\/wp\/v2\/media\/33115"}],"wp:attachment":[{"href":"https:\/\/travelsafe.nl\/de\/wp-json\/wp\/v2\/media?parent=35794"}],"wp:term":[{"taxonomy":"product_brand","embeddable":true,"href":"https:\/\/travelsafe.nl\/de\/wp-json\/wp\/v2\/product_brand?post=35794"},{"taxonomy":"product_cat","embeddable":true,"href":"https:\/\/travelsafe.nl\/de\/wp-json\/wp\/v2\/product_cat?post=35794"},{"taxonomy":"product_tag","embeddable":true,"href":"https:\/\/travelsafe.nl\/de\/wp-json\/wp\/v2\/product_tag?post=35794"}],"curies":[{"name":"wp","href":"https:\/\/api.w.org\/{rel}","templated":true}]}}