{"id":35796,"date":"2019-06-10T23:23:13","date_gmt":"2019-06-10T23:23:13","guid":{"rendered":"http:\/\/travelsafe.nl\/assortiment\/unkategorisiert\/nackenkissen-blau\/"},"modified":"2023-05-12T11:30:59","modified_gmt":"2023-05-12T11:30:59","slug":"nackenkissen-blau","status":"publish","type":"product","link":"https:\/\/travelsafe.nl\/de\/assortiment\/reise-zubehr\/reisezubehr-reise-zubehr\/nackenkissen\/nackenkissen-blau\/","title":{"rendered":"Reise-Nackenkissen \u2013 Blau"},"content":{"rendered":"<p>Wenn Sie w\u00e4hrend Ihrer Reise ein sch\u00f6nes weiches und bequemes Nackenkissen w\u00fcnschen, dann haben wir zus\u00e4tzlich zu dem praktischen kompakten aufblasbaren Nackenkissen das weich gepolsterte Fleece-Nackenkissen f\u00fcr Sie. Dass Kissen ist mit elastischen, synthetischen Kugeln f\u00fcr maximalen Komfort gef\u00fcllt.<\/p>\n<p>Abmessungen:\u00a0\u00a0 30 x 28 x 8 cm<br \/>\nGewicht:\u00a0 \u00a0 \u00a0 \u00a0 \u00a0 \u00a0 \u00a0 153 g<br \/>\nMaterial:\u00a0\u00a0 \u00a0 \u00a0 \u00a0 \u00a0\u00a0 \u00a0Polyester-Spandex<br \/>\nFarbe : \u00a0\u00a0\u00a0\u00a0\u00a0\u00a0\u00a0\u00a0\u00a0\u00a0\u00a0\u00a0\u00a0\u00a0\u00a0\u00a0Blau<\/p>\n","protected":false},"excerpt":{"rendered":"<p>Wenn Sie w\u00e4hrend Ihrer Reise ein sch\u00f6nes weiches und bequemes Nackenkissen w\u00fcnschen, dann haben wir zus\u00e4tzlich zu dem praktischen kompakten aufblasbaren Nackenkissen&hellip;<\/p>\n","protected":false},"featured_media":33133,"template":"","meta":{"_acf_changed":false},"product_brand":[],"product_cat":[2556,2337,2364,2518],"product_tag":[],"class_list":{"0":"post-35796","1":"product","2":"type-product","3":"status-publish","4":"has-post-thumbnail","6":"product_cat-nackenkissen","7":"product_cat-nekkussens","8":"product_cat-reise-zubehr","9":"product_cat-reisezubehr-reise-zubehr","11":"first","12":"instock","13":"purchasable","14":"product-type-simple"},"acf":[],"_links":{"self":[{"href":"https:\/\/travelsafe.nl\/de\/wp-json\/wp\/v2\/product\/35796","targetHints":{"allow":["GET"]}}],"collection":[{"href":"https:\/\/travelsafe.nl\/de\/wp-json\/wp\/v2\/product"}],"about":[{"href":"https:\/\/travelsafe.nl\/de\/wp-json\/wp\/v2\/types\/product"}],"wp:featuredmedia":[{"embeddable":true,"href":"https:\/\/travelsafe.nl\/de\/wp-json\/wp\/v2\/media\/33133"}],"wp:attachment":[{"href":"https:\/\/travelsafe.nl\/de\/wp-json\/wp\/v2\/media?parent=35796"}],"wp:term":[{"taxonomy":"product_brand","embeddable":true,"href":"https:\/\/travelsafe.nl\/de\/wp-json\/wp\/v2\/product_brand?post=35796"},{"taxonomy":"product_cat","embeddable":true,"href":"https:\/\/travelsafe.nl\/de\/wp-json\/wp\/v2\/product_cat?post=35796"},{"taxonomy":"product_tag","embeddable":true,"href":"https:\/\/travelsafe.nl\/de\/wp-json\/wp\/v2\/product_tag?post=35796"}],"curies":[{"name":"wp","href":"https:\/\/api.w.org\/{rel}","templated":true}]}}