{"id":35800,"date":"2019-06-10T23:23:17","date_gmt":"2019-06-10T23:23:17","guid":{"rendered":"http:\/\/travelsafe.nl\/assortiment\/unkategorisiert\/nackenkissen-kinder-giraffe\/"},"modified":"2023-05-12T11:32:52","modified_gmt":"2023-05-12T11:32:52","slug":"nackenkissen-kinder-giraffe","status":"publish","type":"product","link":"https:\/\/travelsafe.nl\/de\/assortiment\/reise-zubehr\/reisezubehr-reise-zubehr\/nackenkissen\/nackenkissen-kinder-giraffe\/","title":{"rendered":"Nackenkissen Kinder &#8211; Giraffe"},"content":{"rendered":"<p>Neben den bereits erh\u00e4ltlichen Nackenkissen aus der Comfort-serie, bietet TravelSafe auch einer KIDS-serie an! Diese Nackenkissen sind besonders bequem und weich. Die Kissenf\u00fcllung besteht aus elastischen Synthetik K\u00fcgelchen f\u00fcr optimalen Komfort. Kinder k\u00f6nnen mit diesen Kissen unterwegs nicht nur gut schlafen, sondern sie dar\u00fcber hinaus auch als nette, weiche Kuscheltiere benutzen.<\/p>\n<p>Auch als Delfin, Marienk\u00e4fer und Pinguin erh\u00e4ltlich.<\/p>\n<p>Abmessungen:\u00a0\u00a031 x 27 x 15 cm<br \/>\nGewicht:\u00a0 \u00a0 \u00a0 \u00a0 \u00a0 \u00a0160 g<br \/>\nMaterial:\u00a0 \u00a0 \u00a0 \u00a0 \u00a0 \u00a0Polyester\/Spandex<br \/>\nTier: \u00a0\u00a0 \u00a0\u00a0\u00a0\u00a0\u00a0\u00a0\u00a0\u00a0\u00a0\u00a0\u00a0\u00a0\u00a0\u00a0Giraffe<\/p>\n","protected":false},"excerpt":{"rendered":"<p>Neben den bereits erh\u00e4ltlichen Nackenkissen aus der Comfort-serie, bietet TravelSafe auch einer KIDS-serie an! Diese Nackenkissen sind besonders bequem und weich. Die&hellip;<\/p>\n","protected":false},"featured_media":33161,"template":"","meta":{"_acf_changed":false},"product_brand":[],"product_cat":[2556,2337,2364,2518],"product_tag":[],"class_list":{"0":"post-35800","1":"product","2":"type-product","3":"status-publish","4":"has-post-thumbnail","6":"product_cat-nackenkissen","7":"product_cat-nekkussens","8":"product_cat-reise-zubehr","9":"product_cat-reisezubehr-reise-zubehr","11":"first","12":"instock","13":"purchasable","14":"product-type-simple"},"acf":[],"_links":{"self":[{"href":"https:\/\/travelsafe.nl\/de\/wp-json\/wp\/v2\/product\/35800","targetHints":{"allow":["GET"]}}],"collection":[{"href":"https:\/\/travelsafe.nl\/de\/wp-json\/wp\/v2\/product"}],"about":[{"href":"https:\/\/travelsafe.nl\/de\/wp-json\/wp\/v2\/types\/product"}],"wp:featuredmedia":[{"embeddable":true,"href":"https:\/\/travelsafe.nl\/de\/wp-json\/wp\/v2\/media\/33161"}],"wp:attachment":[{"href":"https:\/\/travelsafe.nl\/de\/wp-json\/wp\/v2\/media?parent=35800"}],"wp:term":[{"taxonomy":"product_brand","embeddable":true,"href":"https:\/\/travelsafe.nl\/de\/wp-json\/wp\/v2\/product_brand?post=35800"},{"taxonomy":"product_cat","embeddable":true,"href":"https:\/\/travelsafe.nl\/de\/wp-json\/wp\/v2\/product_cat?post=35800"},{"taxonomy":"product_tag","embeddable":true,"href":"https:\/\/travelsafe.nl\/de\/wp-json\/wp\/v2\/product_tag?post=35800"}],"curies":[{"name":"wp","href":"https:\/\/api.w.org\/{rel}","templated":true}]}}