{"id":35807,"date":"2019-06-10T23:23:22","date_gmt":"2019-06-10T23:23:22","guid":{"rendered":"http:\/\/travelsafe.nl\/assortiment\/unkategorisiert\/apotheker-adventure\/"},"modified":"2023-04-07T14:01:15","modified_gmt":"2023-04-07T14:01:15","slug":"apotheker-adventure","status":"publish","type":"product","link":"https:\/\/travelsafe.nl\/de\/assortiment\/apotheker\/erste-hilfe-sets\/apotheker-adventure\/","title":{"rendered":"Apotheker &#8211; Adventure"},"content":{"rendered":"<p>Ein Erste-Hilfe-Set, ideal f\u00fcr den Reisenden, der Abenteuer im Urlaub erleben m\u00f6chte. Au\u00dfer einer Reihe Verbandmaterials, enth\u00e4lt dieses Set u.a. eine Rettungsdecke, die Sie gegen Unterk\u00fchlung oder \u00dcberhitzung verwenden k\u00f6nnen.<\/p>\n<p>Inhalt: siehe Bild<br \/>\nGr\u00f6\u00dfe: 130 x 200 x 65 mm<br \/>\nGewicht: 475 g<\/p>\n","protected":false},"excerpt":{"rendered":"<p>Ein Erste-Hilfe-Set, ideal f\u00fcr den Reisenden, der Abenteuer im Urlaub erleben m\u00f6chte. Au\u00dfer einer Reihe Verbandmaterials, enth\u00e4lt dieses Set u.a. eine Rettungsdecke,&hellip;<\/p>\n","protected":false},"featured_media":33256,"template":"","meta":{"_acf_changed":false},"product_brand":[],"product_cat":[2361,2512],"product_tag":[],"class_list":{"0":"post-35807","1":"product","2":"type-product","3":"status-publish","4":"has-post-thumbnail","6":"product_cat-apotheker","7":"product_cat-erste-hilfe-sets","9":"first","10":"onbackorder","11":"purchasable","12":"product-type-simple"},"acf":[],"_links":{"self":[{"href":"https:\/\/travelsafe.nl\/de\/wp-json\/wp\/v2\/product\/35807","targetHints":{"allow":["GET"]}}],"collection":[{"href":"https:\/\/travelsafe.nl\/de\/wp-json\/wp\/v2\/product"}],"about":[{"href":"https:\/\/travelsafe.nl\/de\/wp-json\/wp\/v2\/types\/product"}],"wp:featuredmedia":[{"embeddable":true,"href":"https:\/\/travelsafe.nl\/de\/wp-json\/wp\/v2\/media\/33256"}],"wp:attachment":[{"href":"https:\/\/travelsafe.nl\/de\/wp-json\/wp\/v2\/media?parent=35807"}],"wp:term":[{"taxonomy":"product_brand","embeddable":true,"href":"https:\/\/travelsafe.nl\/de\/wp-json\/wp\/v2\/product_brand?post=35807"},{"taxonomy":"product_cat","embeddable":true,"href":"https:\/\/travelsafe.nl\/de\/wp-json\/wp\/v2\/product_cat?post=35807"},{"taxonomy":"product_tag","embeddable":true,"href":"https:\/\/travelsafe.nl\/de\/wp-json\/wp\/v2\/product_tag?post=35807"}],"curies":[{"name":"wp","href":"https:\/\/api.w.org\/{rel}","templated":true}]}}