{"id":35808,"date":"2019-06-10T23:23:25","date_gmt":"2019-06-10T23:23:25","guid":{"rendered":"http:\/\/travelsafe.nl\/assortiment\/unkategorisiert\/silikon-spritzflasche-89ml-orange\/"},"modified":"2023-05-12T11:44:39","modified_gmt":"2023-05-12T11:44:39","slug":"silikon-spritzflasche-89ml-orange","status":"publish","type":"product","link":"https:\/\/travelsafe.nl\/de\/assortiment\/reise-zubehr\/reisezubehr-reise-zubehr\/briges-reisezubehr-reise-zubehr\/silikon-spritzflasche-89ml-orange\/","title":{"rendered":"Silikon-Spritzflasche \u2013 Orange"},"content":{"rendered":"<p>Mit diesen weichen, Silikonfl\u00e4schchen k\u00f6nnen Sie Ihre\u00a0Fl\u00fcssigkeiten einfach mit auf die Reise nehmen. Die tropffreie, abgestimmte Kappe sorgt daf\u00fcr, dass Sie keine Fl\u00fcssigkeit verschwenden und die Kappe Sauber bleibt. Mit dem Saugnapf an der Flasche k\u00f6nnen Sie die Quetschflasche einfach an einer glatten Wand befestigen.<\/p>\n<p>Auch in hellblau erh\u00e4ltlich.<\/p>\n<p>Inhalt\u00a0\u00a0\u00a0\u00a0\u00a0 89 ml<br \/>\nGewicht:\u00a058 g<br \/>\nMaterial:\u00a0Silikon &#8211; Kunststoff<br \/>\nFarben: \u00a0\u00a0\u00a0Orange<\/p>\n","protected":false},"excerpt":{"rendered":"<p>Mit diesen weichen, Silikonfl\u00e4schchen k\u00f6nnen Sie Ihre\u00a0Fl\u00fcssigkeiten einfach mit auf die Reise nehmen. Die tropffreie, abgestimmte Kappe sorgt daf\u00fcr, dass Sie keine&hellip;<\/p>\n","protected":false},"featured_media":33273,"template":"","meta":{"_acf_changed":false},"product_brand":[],"product_cat":[2524,2364,2518],"product_tag":[],"class_list":{"0":"post-35808","1":"product","2":"type-product","3":"status-publish","4":"has-post-thumbnail","6":"product_cat-briges-reisezubehr-reise-zubehr","7":"product_cat-reise-zubehr","8":"product_cat-reisezubehr-reise-zubehr","10":"first","11":"onbackorder","12":"purchasable","13":"product-type-simple"},"acf":[],"_links":{"self":[{"href":"https:\/\/travelsafe.nl\/de\/wp-json\/wp\/v2\/product\/35808","targetHints":{"allow":["GET"]}}],"collection":[{"href":"https:\/\/travelsafe.nl\/de\/wp-json\/wp\/v2\/product"}],"about":[{"href":"https:\/\/travelsafe.nl\/de\/wp-json\/wp\/v2\/types\/product"}],"wp:featuredmedia":[{"embeddable":true,"href":"https:\/\/travelsafe.nl\/de\/wp-json\/wp\/v2\/media\/33273"}],"wp:attachment":[{"href":"https:\/\/travelsafe.nl\/de\/wp-json\/wp\/v2\/media?parent=35808"}],"wp:term":[{"taxonomy":"product_brand","embeddable":true,"href":"https:\/\/travelsafe.nl\/de\/wp-json\/wp\/v2\/product_brand?post=35808"},{"taxonomy":"product_cat","embeddable":true,"href":"https:\/\/travelsafe.nl\/de\/wp-json\/wp\/v2\/product_cat?post=35808"},{"taxonomy":"product_tag","embeddable":true,"href":"https:\/\/travelsafe.nl\/de\/wp-json\/wp\/v2\/product_tag?post=35808"}],"curies":[{"name":"wp","href":"https:\/\/api.w.org\/{rel}","templated":true}]}}