{"id":35814,"date":"2019-06-10T23:23:30","date_gmt":"2019-06-10T23:23:30","guid":{"rendered":"http:\/\/travelsafe.nl\/assortiment\/unkategorisiert\/safe-travel-bug-jacke\/"},"modified":"2023-04-07T14:01:16","modified_gmt":"2023-04-07T14:01:16","slug":"safe-travel-bug-jacke","status":"publish","type":"product","link":"https:\/\/travelsafe.nl\/de\/assortiment\/insektenschutz\/anderes-insektenschutz\/safe-travel-bug-jacke\/","title":{"rendered":"Insektensichere Reisejacke"},"content":{"rendered":"<p>Nichts kann eine Aktivit\u00e4t im Freien so schnell ruinieren wie nervige stechende M\u00fccken, Fliegen und\/oder andere Insekten. Keine Change mehr f\u00fcr l\u00e4stige Insekten! Moskito Jacke aus leicht Gewicht Netz. Diese Jacke sch\u00fctz Ihren Oberk\u00f6per und Gesicht gegen Ungeziefer und fliegende Nervt\u00f6ter dank einem fein massigen Moskitonetz.<\/p>\n<p>Abmessungen: \u00a0Eine Gr\u00f6\u00dfe<br \/>\nGewicht:\u00a0 \u00a0 \u00a0 \u00a0 \u00a0 \u00a0200 g<br \/>\nMaterial:\u00a0 \u00a0 \u00a0 \u00a0 \u00a0 \u00a0100% HD Polyester<br \/>\nDichte:\u00a0 \u00a0 \u00a0 \u00a0 \u00a0 \u00a0 \u00a0 1000 L\u00f6cher \/ Inch\u00b2<\/p>\n","protected":false},"excerpt":{"rendered":"<p>Nichts kann eine Aktivit\u00e4t im Freien so schnell ruinieren wie nervige stechende M\u00fccken, Fliegen und\/oder andere Insekten. Keine Change mehr f\u00fcr l\u00e4stige&hellip;<\/p>\n","protected":false},"featured_media":33386,"template":"","meta":{"_acf_changed":false},"product_brand":[],"product_cat":[2362,2531],"product_tag":[],"class_list":{"0":"post-35814","1":"product","2":"type-product","3":"status-publish","4":"has-post-thumbnail","6":"product_cat-insektenschutz","7":"product_cat-anderes-insektenschutz","9":"first","10":"onbackorder","11":"purchasable","12":"product-type-simple"},"acf":[],"_links":{"self":[{"href":"https:\/\/travelsafe.nl\/de\/wp-json\/wp\/v2\/product\/35814","targetHints":{"allow":["GET"]}}],"collection":[{"href":"https:\/\/travelsafe.nl\/de\/wp-json\/wp\/v2\/product"}],"about":[{"href":"https:\/\/travelsafe.nl\/de\/wp-json\/wp\/v2\/types\/product"}],"wp:featuredmedia":[{"embeddable":true,"href":"https:\/\/travelsafe.nl\/de\/wp-json\/wp\/v2\/media\/33386"}],"wp:attachment":[{"href":"https:\/\/travelsafe.nl\/de\/wp-json\/wp\/v2\/media?parent=35814"}],"wp:term":[{"taxonomy":"product_brand","embeddable":true,"href":"https:\/\/travelsafe.nl\/de\/wp-json\/wp\/v2\/product_brand?post=35814"},{"taxonomy":"product_cat","embeddable":true,"href":"https:\/\/travelsafe.nl\/de\/wp-json\/wp\/v2\/product_cat?post=35814"},{"taxonomy":"product_tag","embeddable":true,"href":"https:\/\/travelsafe.nl\/de\/wp-json\/wp\/v2\/product_tag?post=35814"}],"curies":[{"name":"wp","href":"https:\/\/api.w.org\/{rel}","templated":true}]}}