{"id":35816,"date":"2019-06-10T23:23:30","date_gmt":"2019-06-10T23:23:30","guid":{"rendered":"http:\/\/travelsafe.nl\/assortiment\/unkategorisiert\/gummiadressetikett-blau\/"},"modified":"2023-05-12T11:42:21","modified_gmt":"2023-05-12T11:42:21","slug":"gummiadressetikett-blau","status":"publish","type":"product","link":"https:\/\/travelsafe.nl\/de\/assortiment\/reise-zubehr\/reisezubehr-reise-zubehr\/gummiadressetikett-blau\/","title":{"rendered":"Gummiadressetikett &#8211; Blau"},"content":{"rendered":"<p>Original-Gummiadressetikett mit Stahlbefestigungskabel.\u00a0Kann durch jedes Band oder Schleife auf Ihr Gep\u00e4ck befestigt werden. Dauerhafte PVC-Geh\u00e4use,\u00a0um Besch\u00e4digung w\u00e4hrend des Transports zu verhindern.<\/p>\n<p>Verf\u00fcgbare Farben: schwarz, blau und orange<\/p>\n<p>Abmessungen:\u00a0\u00a010,5 x 6,5 cm<br \/>\nGewicht:\u00a0 \u00a0 \u00a0 \u00a0 \u00a0 \u00a0 48 g<br \/>\nMaterial:\u00a0 \u00a0 \u00a0 \u00a0 \u00a0 \u00a0 Gummi mit PVC und Stahlbefestigungskabel<br \/>\nFarbe:\u00a0 \u00a0 \u00a0 \u00a0 \u00a0 \u00a0 \u00a0 \u00a0 Blau<\/p>\n","protected":false},"excerpt":{"rendered":"<p>Original-Gummiadressetikett mit Stahlbefestigungskabel.\u00a0Kann durch jedes Band oder Schleife auf Ihr Gep\u00e4ck befestigt werden. Dauerhafte PVC-Geh\u00e4use,\u00a0um Besch\u00e4digung w\u00e4hrend des Transports zu verhindern. Verf\u00fcgbare&hellip;<\/p>\n","protected":false},"featured_media":33401,"template":"","meta":{"_acf_changed":false},"product_brand":[],"product_cat":[2364,2518],"product_tag":[],"class_list":{"0":"post-35816","1":"product","2":"type-product","3":"status-publish","4":"has-post-thumbnail","6":"product_cat-reise-zubehr","7":"product_cat-reisezubehr-reise-zubehr","9":"first","10":"onbackorder","11":"purchasable","12":"product-type-simple"},"acf":[],"_links":{"self":[{"href":"https:\/\/travelsafe.nl\/de\/wp-json\/wp\/v2\/product\/35816","targetHints":{"allow":["GET"]}}],"collection":[{"href":"https:\/\/travelsafe.nl\/de\/wp-json\/wp\/v2\/product"}],"about":[{"href":"https:\/\/travelsafe.nl\/de\/wp-json\/wp\/v2\/types\/product"}],"wp:featuredmedia":[{"embeddable":true,"href":"https:\/\/travelsafe.nl\/de\/wp-json\/wp\/v2\/media\/33401"}],"wp:attachment":[{"href":"https:\/\/travelsafe.nl\/de\/wp-json\/wp\/v2\/media?parent=35816"}],"wp:term":[{"taxonomy":"product_brand","embeddable":true,"href":"https:\/\/travelsafe.nl\/de\/wp-json\/wp\/v2\/product_brand?post=35816"},{"taxonomy":"product_cat","embeddable":true,"href":"https:\/\/travelsafe.nl\/de\/wp-json\/wp\/v2\/product_cat?post=35816"},{"taxonomy":"product_tag","embeddable":true,"href":"https:\/\/travelsafe.nl\/de\/wp-json\/wp\/v2\/product_tag?post=35816"}],"curies":[{"name":"wp","href":"https:\/\/api.w.org\/{rel}","templated":true}]}}