{"id":35817,"date":"2019-06-10T23:23:34","date_gmt":"2019-06-10T23:23:34","guid":{"rendered":"http:\/\/travelsafe.nl\/assortiment\/unkategorisiert\/gummiadressetikett-orange\/"},"modified":"2023-05-12T11:42:02","modified_gmt":"2023-05-12T11:42:02","slug":"gummiadressetikett-orange","status":"publish","type":"product","link":"https:\/\/travelsafe.nl\/de\/assortiment\/reise-zubehr\/reisezubehr-reise-zubehr\/gummiadressetikett-orange\/","title":{"rendered":"Gummiadressetikett  &#8211; Orange"},"content":{"rendered":"<p><span><span>Original-Gummiadressetikett mit Stahlbefestigungskabel.&nbsp;Kann durch jedes Band oder Schleife auf Ihr Gep\u00e4ck befestigt werden. Dauerhafte PVCGeh\u00e4use&nbsp;um Besch\u00e4digung w\u00e4hrend des Transports zu verhindern.<\/span><\/span><\/p>\n<p><span><span>Gr\u00f6\u00dfe: 10.5&#215;6.5cm<br \/>\nMaterial: Gummi, transparentes PVC, Stahlbefestigungskabel<br \/>\nErh\u00e4ltlich in den Farben: Schwarz, Blau und Orange<\/span><\/span><\/p>\n","protected":false},"excerpt":{"rendered":"<p>Original-Gummiadressetikett mit Stahlbefestigungskabel.&nbsp;Kann durch jedes Band oder Schleife auf Ihr Gep\u00e4ck befestigt werden. Dauerhafte PVCGeh\u00e4use&nbsp;um Besch\u00e4digung w\u00e4hrend des Transports zu verhindern. Gr\u00f6\u00dfe:&hellip;<\/p>\n","protected":false},"featured_media":33414,"template":"","meta":{"_acf_changed":false},"product_brand":[],"product_cat":[2364,2518],"product_tag":[],"class_list":{"0":"post-35817","1":"product","2":"type-product","3":"status-publish","4":"has-post-thumbnail","6":"product_cat-reise-zubehr","7":"product_cat-reisezubehr-reise-zubehr","9":"first","10":"onbackorder","11":"purchasable","12":"product-type-simple"},"acf":[],"_links":{"self":[{"href":"https:\/\/travelsafe.nl\/de\/wp-json\/wp\/v2\/product\/35817","targetHints":{"allow":["GET"]}}],"collection":[{"href":"https:\/\/travelsafe.nl\/de\/wp-json\/wp\/v2\/product"}],"about":[{"href":"https:\/\/travelsafe.nl\/de\/wp-json\/wp\/v2\/types\/product"}],"wp:featuredmedia":[{"embeddable":true,"href":"https:\/\/travelsafe.nl\/de\/wp-json\/wp\/v2\/media\/33414"}],"wp:attachment":[{"href":"https:\/\/travelsafe.nl\/de\/wp-json\/wp\/v2\/media?parent=35817"}],"wp:term":[{"taxonomy":"product_brand","embeddable":true,"href":"https:\/\/travelsafe.nl\/de\/wp-json\/wp\/v2\/product_brand?post=35817"},{"taxonomy":"product_cat","embeddable":true,"href":"https:\/\/travelsafe.nl\/de\/wp-json\/wp\/v2\/product_cat?post=35817"},{"taxonomy":"product_tag","embeddable":true,"href":"https:\/\/travelsafe.nl\/de\/wp-json\/wp\/v2\/product_tag?post=35817"}],"curies":[{"name":"wp","href":"https:\/\/api.w.org\/{rel}","templated":true}]}}