{"id":35820,"date":"2019-06-10T23:23:36","date_gmt":"2019-06-10T23:23:36","guid":{"rendered":"http:\/\/travelsafe.nl\/assortiment\/unkategorisiert\/leech-proof-socken\/"},"modified":"2026-02-19T10:21:10","modified_gmt":"2026-02-19T10:21:10","slug":"leech-proof-socken","status":"publish","type":"product","link":"https:\/\/travelsafe.nl\/de\/assortiment\/insektenschutz\/anderes-insektenschutz\/leech-proof-socken\/","title":{"rendered":"Anti-Blutegel-\/Zeckensocken"},"content":{"rendered":"<p>Gehen Sie auf der Heide, entlang von B\u00fcschen oder im Dschungel spazieren oder reisen Sie durch ein tropisches Gebiet? Dann sind Blutegel und Zecken ein echtes Risiko. Blutegel kommen weltweit vor, vor allem in pflanzenreichen Gebieten, in stehenden oder leicht flie\u00dfenden Gew\u00e4ssern und auf feuchtem Waldboden. Bei Dschungeltouren heften sie sich oft an Kn\u00f6chel und Unterschenkel und k\u00f6nnen sogar normale Socken durchbei\u00dfen. Die Bisse jucken stark und k\u00f6nnen, insbesondere in tropischem Klima, zu Infektionen f\u00fchren.<\/p>\n<p>Die TravelSafe Anti-Blutegel-\/Zeckensocken wurden entwickelt, um den unteren Teil des Beins gut abzudichten und so Bisse zu verhindern. Der Fu\u00dfbereich besteht aus Polyester\/Baumwolle, w\u00e4hrend der starke Nylon-Oberteil zus\u00e4tzlichen Schutz bietet. Diese Unisex-Socke ist in Einheitsgr\u00f6\u00dfe erh\u00e4ltlich und unverzichtbar in jeder Tropenausr\u00fcstung, aber auch f\u00fcr Gebiete, in denen viele Zecken vorkommen.<\/p>\n<p>Ma\u00dfe: Einheitsgr\u00f6\u00dfe<br \/>\nGewicht: 90 g<br \/>\nFu\u00dfl\u00e4nge: 30 cm<br \/>\nH\u00f6he: 30 cm<br \/>\nMaterial: Polyester\/Polyester-Baumwolle<\/p>\n","protected":false},"excerpt":{"rendered":"<p>Gehen Sie auf der Heide, entlang von B\u00fcschen oder im Dschungel spazieren oder reisen Sie durch ein tropisches Gebiet? Dann sind Blutegel und Zecken ein echtes Risiko.<\/p>\n","protected":false},"featured_media":33449,"template":"","meta":{"_acf_changed":false},"product_brand":[],"product_cat":[2362,2531],"product_tag":[],"class_list":{"0":"post-35820","1":"product","2":"type-product","3":"status-publish","4":"has-post-thumbnail","6":"product_cat-insektenschutz","7":"product_cat-anderes-insektenschutz","9":"first","10":"instock","11":"purchasable","12":"product-type-simple"},"acf":[],"_links":{"self":[{"href":"https:\/\/travelsafe.nl\/de\/wp-json\/wp\/v2\/product\/35820","targetHints":{"allow":["GET"]}}],"collection":[{"href":"https:\/\/travelsafe.nl\/de\/wp-json\/wp\/v2\/product"}],"about":[{"href":"https:\/\/travelsafe.nl\/de\/wp-json\/wp\/v2\/types\/product"}],"wp:featuredmedia":[{"embeddable":true,"href":"https:\/\/travelsafe.nl\/de\/wp-json\/wp\/v2\/media\/33449"}],"wp:attachment":[{"href":"https:\/\/travelsafe.nl\/de\/wp-json\/wp\/v2\/media?parent=35820"}],"wp:term":[{"taxonomy":"product_brand","embeddable":true,"href":"https:\/\/travelsafe.nl\/de\/wp-json\/wp\/v2\/product_brand?post=35820"},{"taxonomy":"product_cat","embeddable":true,"href":"https:\/\/travelsafe.nl\/de\/wp-json\/wp\/v2\/product_cat?post=35820"},{"taxonomy":"product_tag","embeddable":true,"href":"https:\/\/travelsafe.nl\/de\/wp-json\/wp\/v2\/product_tag?post=35820"}],"curies":[{"name":"wp","href":"https:\/\/api.w.org\/{rel}","templated":true}]}}