{"id":35826,"date":"2019-06-10T23:23:42","date_gmt":"2019-06-10T23:23:42","guid":{"rendered":"http:\/\/travelsafe.nl\/assortiment\/unkategorisiert\/faltbare-tasche-azuur\/"},"modified":"2023-05-12T11:14:31","modified_gmt":"2023-05-12T11:14:31","slug":"faltbare-tasche-azuur","status":"publish","type":"product","link":"https:\/\/travelsafe.nl\/de\/assortiment\/reise-zubehr\/reisetaschen\/faltbare-taschen\/faltbare-tasche-azuur\/","title":{"rendered":"Shopping Bag \u2013 Faltbar &#8211; Blau"},"content":{"rendered":"<p>Faltbare gro\u00dfe Schultertasche mit zus\u00e4tzlicher Rei\u00dfverschlusstasche auf der Innenseite. Der Shopper kann einfach auf ein kleines, besonders platzsparendes Format zusammengefaltet werden. Die 52 cm gro\u00dfe \u00d6ffnung bietet leichten Zugriff auf den Inhalt. Die Tasche wird oben komplett durch einen Rei\u00dfverschluss verschlossen. Gefertigt aus einem robusten und verschlei\u00dffesten Polyester und versehen mit praktischem Henkeln.<\/p>\n<p>Erh\u00e4ltlich in den Farben Blau und Schwarz.<\/p>\n<p>Abmessungen:\u00a0 52 x 32 x 20 cm<br \/>\nGefaltet:\u00a0 \u00a0 \u00a0 \u00a0 \u00a0 \u00a0 20,5 x 16,5 x 3 cm<br \/>\nGewicht:\u00a0 \u00a0 \u00a0 \u00a0 \u00a0 \u00a0 164 g<br \/>\nMaterial:\u00a0 \u00a0 \u00a0 \u00a0 \u00a0 \u00a0 420D Polyester<br \/>\nFarbe:\u00a0 \u00a0 \u00a0 \u00a0 \u00a0 \u00a0 \u00a0 \u00a0 Azurblau<\/p>\n","protected":false},"excerpt":{"rendered":"<p>Faltbare gro\u00dfe Schultertasche mit zus\u00e4tzlicher Rei\u00dfverschlusstasche auf der Innenseite. Der Shopper kann einfach auf ein kleines, besonders platzsparendes Format zusammengefaltet werden. Die&hellip;<\/p>\n","protected":false},"featured_media":29907,"template":"","meta":{"_acf_changed":false},"product_brand":[],"product_cat":[2562,2364,2561],"product_tag":[],"class_list":{"0":"post-35826","1":"product","2":"type-product","3":"status-publish","4":"has-post-thumbnail","6":"product_cat-faltbare-taschen","7":"product_cat-reise-zubehr","8":"product_cat-reisetaschen","10":"first","11":"instock","12":"purchasable","13":"product-type-simple"},"acf":[],"_links":{"self":[{"href":"https:\/\/travelsafe.nl\/de\/wp-json\/wp\/v2\/product\/35826","targetHints":{"allow":["GET"]}}],"collection":[{"href":"https:\/\/travelsafe.nl\/de\/wp-json\/wp\/v2\/product"}],"about":[{"href":"https:\/\/travelsafe.nl\/de\/wp-json\/wp\/v2\/types\/product"}],"wp:featuredmedia":[{"embeddable":true,"href":"https:\/\/travelsafe.nl\/de\/wp-json\/wp\/v2\/media\/29907"}],"wp:attachment":[{"href":"https:\/\/travelsafe.nl\/de\/wp-json\/wp\/v2\/media?parent=35826"}],"wp:term":[{"taxonomy":"product_brand","embeddable":true,"href":"https:\/\/travelsafe.nl\/de\/wp-json\/wp\/v2\/product_brand?post=35826"},{"taxonomy":"product_cat","embeddable":true,"href":"https:\/\/travelsafe.nl\/de\/wp-json\/wp\/v2\/product_cat?post=35826"},{"taxonomy":"product_tag","embeddable":true,"href":"https:\/\/travelsafe.nl\/de\/wp-json\/wp\/v2\/product_tag?post=35826"}],"curies":[{"name":"wp","href":"https:\/\/api.w.org\/{rel}","templated":true}]}}