{"id":35829,"date":"2019-06-10T23:23:44","date_gmt":"2019-06-10T23:23:44","guid":{"rendered":"http:\/\/travelsafe.nl\/assortiment\/unkategorisiert\/reisen-safe-mini-rucksack-schwarz\/"},"modified":"2023-05-12T11:05:09","modified_gmt":"2023-05-12T11:05:09","slug":"reisen-safe-mini-rucksack-schwarz","status":"publish","type":"product","link":"https:\/\/travelsafe.nl\/de\/assortiment\/reise-zubehr\/reisetaschen\/faltbare-taschen\/reisen-safe-mini-rucksack-schwarz\/","title":{"rendered":"Mini Rucksack \u2013 Faltbar &#8211; Schwarz"},"content":{"rendered":"<p>Leichter faltbarer Rucksack, ideal als Zusatztasche f\u00fcr die Reise. Der Rucksack ist robust, leicht, aus Polyester und l\u00e4sst sich zu einem kleinen Paket zusammenfalten. Die Tasche weist zwei Seitenf\u00e4cher auf, die leicht zug\u00e4nglich sind.<\/p>\n<p>Erh\u00e4ltlich in den Farben Blau und Schwarz.<\/p>\n<p>Abmessungen:\u00a0 36 x 34 x 13 cm<br \/>\nGefaltet:\u00a0 \u00a0 \u00a0 \u00a0 \u00a0 \u00a0 \u00a012 x 13 x 4 cm<br \/>\nGewicht:\u00a0 \u00a0 \u00a0 \u00a0 \u00a0 \u00a0 \u00a0140 g<br \/>\nMaterial:\u00a0 \u00a0 \u00a0 \u00a0 \u00a0 \u00a0\u00a0 100% Polyester<br \/>\nFarbe:\u00a0 \u00a0 \u00a0 \u00a0 \u00a0 \u00a0 \u00a0 \u00a0 \u00a0\u00a0Schwarz<\/p>\n","protected":false},"excerpt":{"rendered":"<p>Leichter faltbarer Rucksack, ideal als Zusatztasche f\u00fcr die Reise. Der Rucksack ist robust, leicht, aus Polyester und l\u00e4sst sich zu einem kleinen&hellip;<\/p>\n","protected":false},"featured_media":33578,"template":"","meta":{"_acf_changed":false},"product_brand":[],"product_cat":[2562,2364,2561],"product_tag":[],"class_list":{"0":"post-35829","1":"product","2":"type-product","3":"status-publish","4":"has-post-thumbnail","6":"product_cat-faltbare-taschen","7":"product_cat-reise-zubehr","8":"product_cat-reisetaschen","10":"first","11":"instock","12":"purchasable","13":"product-type-simple"},"acf":[],"_links":{"self":[{"href":"https:\/\/travelsafe.nl\/de\/wp-json\/wp\/v2\/product\/35829","targetHints":{"allow":["GET"]}}],"collection":[{"href":"https:\/\/travelsafe.nl\/de\/wp-json\/wp\/v2\/product"}],"about":[{"href":"https:\/\/travelsafe.nl\/de\/wp-json\/wp\/v2\/types\/product"}],"wp:featuredmedia":[{"embeddable":true,"href":"https:\/\/travelsafe.nl\/de\/wp-json\/wp\/v2\/media\/33578"}],"wp:attachment":[{"href":"https:\/\/travelsafe.nl\/de\/wp-json\/wp\/v2\/media?parent=35829"}],"wp:term":[{"taxonomy":"product_brand","embeddable":true,"href":"https:\/\/travelsafe.nl\/de\/wp-json\/wp\/v2\/product_brand?post=35829"},{"taxonomy":"product_cat","embeddable":true,"href":"https:\/\/travelsafe.nl\/de\/wp-json\/wp\/v2\/product_cat?post=35829"},{"taxonomy":"product_tag","embeddable":true,"href":"https:\/\/travelsafe.nl\/de\/wp-json\/wp\/v2\/product_tag?post=35829"}],"curies":[{"name":"wp","href":"https:\/\/api.w.org\/{rel}","templated":true}]}}