{"id":35835,"date":"2019-06-10T23:23:50","date_gmt":"2019-06-10T23:23:50","guid":{"rendered":"http:\/\/travelsafe.nl\/assortiment\/unkategorisiert\/drybag-40-ltr\/"},"modified":"2023-05-12T11:11:51","modified_gmt":"2023-05-12T11:11:51","slug":"drybag-40-ltr","status":"publish","type":"product","link":"https:\/\/travelsafe.nl\/de\/assortiment\/reise-zubehr\/reisetaschen\/wasserdichte-taschen\/drybag-40-ltr\/","title":{"rendered":"Dry Bags Regenschutz \u2013 40 Liter"},"content":{"rendered":"<p>Diese Trockentaschen von TravelSafe sch\u00fctzen Ihre Sachen vor Wasser, Staub und Sand. Dank des hochwertigen, leichten, silikonbeschichteten Cordura-Materials sind sie besonders leicht. Ideal f\u00fcr Strand, Boot, Outdoor-Aktivit\u00e4ten oder Schwimmbad. Der Inhalt dieses Dry Bags betr\u00e4gt 40 Liter.<\/p>\n<p>Auch in 7, 10, 15 und 20 Liter erh\u00e4ltlich.<\/p>\n<p>TravelSafe bietet eine Gro\u00dfe Auswahl an Schutzh\u00fcllen wie Transporth\u00fcllen, Kombih\u00fcllen, Regenh\u00fcllen und Ponchos. Unverzichtbare Gegenst\u00e4nde f\u00fcr jedes Abenteuer.<\/p>\n<p>Abmessungen:\u00a0 \u00f827 x 67 cm<br \/>\nInhalt:\u00a0 \u00a0 \u00a0 \u00a0 \u00a0 \u00a0 \u00a0 \u00a0 40 Liter<br \/>\nGewicht:\u00a0 \u00a0 \u00a0 \u00a0 \u00a0 \u00a0 86 g<br \/>\nMaterial:\u00a0 \u00a0 \u00a0 \u00a0 \u00a0 \u00a0Cordura<br \/>\nFarbe:\u00a0 \u00a0 \u00a0 \u00a0 \u00a0 \u00a0 \u00a0 \u00a0 Azurblau<\/p>\n","protected":false},"excerpt":{"rendered":"<p>Diese Trockentaschen von TravelSafe sch\u00fctzen Ihre Sachen vor Wasser, Staub und Sand. Dank des hochwertigen, leichten, silikonbeschichteten Cordura-Materials sind sie besonders leicht.&hellip;<\/p>\n","protected":false},"featured_media":33696,"template":"","meta":{"_acf_changed":false},"product_brand":[],"product_cat":[2364,2561,2564],"product_tag":[],"class_list":{"0":"post-35835","1":"product","2":"type-product","3":"status-publish","4":"has-post-thumbnail","6":"product_cat-reise-zubehr","7":"product_cat-reisetaschen","8":"product_cat-wasserdichte-taschen","10":"first","11":"instock","12":"purchasable","13":"product-type-simple"},"acf":[],"_links":{"self":[{"href":"https:\/\/travelsafe.nl\/de\/wp-json\/wp\/v2\/product\/35835","targetHints":{"allow":["GET"]}}],"collection":[{"href":"https:\/\/travelsafe.nl\/de\/wp-json\/wp\/v2\/product"}],"about":[{"href":"https:\/\/travelsafe.nl\/de\/wp-json\/wp\/v2\/types\/product"}],"wp:featuredmedia":[{"embeddable":true,"href":"https:\/\/travelsafe.nl\/de\/wp-json\/wp\/v2\/media\/33696"}],"wp:attachment":[{"href":"https:\/\/travelsafe.nl\/de\/wp-json\/wp\/v2\/media?parent=35835"}],"wp:term":[{"taxonomy":"product_brand","embeddable":true,"href":"https:\/\/travelsafe.nl\/de\/wp-json\/wp\/v2\/product_brand?post=35835"},{"taxonomy":"product_cat","embeddable":true,"href":"https:\/\/travelsafe.nl\/de\/wp-json\/wp\/v2\/product_cat?post=35835"},{"taxonomy":"product_tag","embeddable":true,"href":"https:\/\/travelsafe.nl\/de\/wp-json\/wp\/v2\/product_tag?post=35835"}],"curies":[{"name":"wp","href":"https:\/\/api.w.org\/{rel}","templated":true}]}}