{"id":35837,"date":"2019-06-10T23:23:50","date_gmt":"2019-06-10T23:23:50","guid":{"rendered":"http:\/\/travelsafe.nl\/assortiment\/unkategorisiert\/gepck-cube-set-3-stck\/"},"modified":"2023-05-12T11:50:33","modified_gmt":"2023-05-12T11:50:33","slug":"gepck-cube-set-3-stck","status":"publish","type":"product","link":"https:\/\/travelsafe.nl\/de\/assortiment\/reise-zubehr\/reisezubehr-reise-zubehr\/briges-reisezubehr-reise-zubehr\/gepck-cube-set-3-stck\/","title":{"rendered":"Gep\u00e4ck Cube Set &#8211; 3 St\u00fcck"},"content":{"rendered":"<p>Praktische Aufbewahrungsbeutel, Set von 3 St\u00fcck. Ideal f\u00fcr Ihr Gep\u00e4ck, alles bleibt sauber und ordentlich. 1 gro\u00dfe Kassette f\u00fcr Ihre Hemden oder Hosen, eine f\u00fcr Polos<br \/>\noder T-Shirts und eine f\u00fcr Ihre Unterw\u00e4sche oder Socken. Hergestellt aus einem Polyester.<\/p>\n<p>Abmessungen:\u00a0 23 x 9,5 x 8 cm \/ 34,5 x 24,5 x 9 cm \/ 43 x 32 x 10 cm<br \/>\nGewicht:\u00a0\u00a0\u00a0\u00a0\u00a0\u00a0\u00a0\u00a0\u00a0\u00a0\u00a0 196 g<br \/>\nMaterial:\u00a0\u00a0\u00a0\u00a0\u00a0\u00a0\u00a0\u00a0\u00a0\u00a0 \u00a0210D Ripstop-Polyester<br \/>\nFarben:\u00a0 \u00a0 \u00a0 \u00a0 \u00a0 \u00a0 \u00a0 Blau<\/p>\n","protected":false},"excerpt":{"rendered":"<p>Praktische Aufbewahrungsbeutel, Set von 3 St\u00fcck. Ideal f\u00fcr Ihr Gep\u00e4ck, alles bleibt sauber und ordentlich. 1 gro\u00dfe Kassette f\u00fcr Ihre Hemden oder&hellip;<\/p>\n","protected":false},"featured_media":33722,"template":"","meta":{"_acf_changed":false},"product_brand":[],"product_cat":[2524,2364,2518],"product_tag":[],"class_list":{"0":"post-35837","1":"product","2":"type-product","3":"status-publish","4":"has-post-thumbnail","6":"product_cat-briges-reisezubehr-reise-zubehr","7":"product_cat-reise-zubehr","8":"product_cat-reisezubehr-reise-zubehr","10":"first","11":"instock","12":"purchasable","13":"product-type-simple"},"acf":[],"_links":{"self":[{"href":"https:\/\/travelsafe.nl\/de\/wp-json\/wp\/v2\/product\/35837","targetHints":{"allow":["GET"]}}],"collection":[{"href":"https:\/\/travelsafe.nl\/de\/wp-json\/wp\/v2\/product"}],"about":[{"href":"https:\/\/travelsafe.nl\/de\/wp-json\/wp\/v2\/types\/product"}],"wp:featuredmedia":[{"embeddable":true,"href":"https:\/\/travelsafe.nl\/de\/wp-json\/wp\/v2\/media\/33722"}],"wp:attachment":[{"href":"https:\/\/travelsafe.nl\/de\/wp-json\/wp\/v2\/media?parent=35837"}],"wp:term":[{"taxonomy":"product_brand","embeddable":true,"href":"https:\/\/travelsafe.nl\/de\/wp-json\/wp\/v2\/product_brand?post=35837"},{"taxonomy":"product_cat","embeddable":true,"href":"https:\/\/travelsafe.nl\/de\/wp-json\/wp\/v2\/product_cat?post=35837"},{"taxonomy":"product_tag","embeddable":true,"href":"https:\/\/travelsafe.nl\/de\/wp-json\/wp\/v2\/product_tag?post=35837"}],"curies":[{"name":"wp","href":"https:\/\/api.w.org\/{rel}","templated":true}]}}