{"id":35838,"date":"2019-06-10T23:23:52","date_gmt":"2019-06-10T23:23:52","guid":{"rendered":"http:\/\/travelsafe.nl\/assortiment\/unkategorisiert\/safe-travel-beauty-bag-s-apfelgrn\/"},"modified":"2023-05-12T11:49:24","modified_gmt":"2023-05-12T11:49:24","slug":"safe-travel-beauty-bag-s-apfelgrn","status":"publish","type":"product","link":"https:\/\/travelsafe.nl\/de\/assortiment\/reise-zubehr\/reisezubehr-reise-zubehr\/briges-reisezubehr-reise-zubehr\/safe-travel-beauty-bag-s-apfelgrn\/","title":{"rendered":"Kosmetiktaschen \u2013 S &#8211; Apfelgr\u00fcn"},"content":{"rendered":"<p>Kleine Kosmetiktasche ideal f\u00fcr die Aufbewahrung von Make-up und kleinen Toilettenartikel.\u00a0Hauptfach mit Rei\u00dfverschluss und zus\u00e4tzlicher Fronttasche. Hergestellt aus Ripstop\u00a0Polyester mit originalem Globus-Print.<\/p>\n<p>Auch in den Gr\u00f6\u00dfen M und L erh\u00e4ltlich.<\/p>\n<p>Abmessungen: 16,5 x 11 x 7 cm<br \/>\nGewicht:\u00a0 \u00a0 \u00a0 \u00a0 \u00a0 \u00a038 g<br \/>\nMaterial:\u00a0 \u00a0 \u00a0 \u00a0 \u00a0 \u00a0210D Ripstop-Polyester<br \/>\nFarben:\u00a0 \u00a0 \u00a0 \u00a0 \u00a0 \u00a0 \u00a0Apfelgr\u00fcn<\/p>\n","protected":false},"excerpt":{"rendered":"<p>Kleine Kosmetiktasche ideal f\u00fcr die Aufbewahrung von Make-up und kleinen Toilettenartikel.\u00a0Hauptfach mit Rei\u00dfverschluss und zus\u00e4tzlicher Fronttasche. Hergestellt aus Ripstop\u00a0Polyester mit originalem Globus-Print.&hellip;<\/p>\n","protected":false},"featured_media":33743,"template":"","meta":{"_acf_changed":false},"product_brand":[],"product_cat":[2524,2364,2518],"product_tag":[],"class_list":{"0":"post-35838","1":"product","2":"type-product","3":"status-publish","4":"has-post-thumbnail","6":"product_cat-briges-reisezubehr-reise-zubehr","7":"product_cat-reise-zubehr","8":"product_cat-reisezubehr-reise-zubehr","10":"first","11":"instock","12":"purchasable","13":"product-type-simple"},"acf":[],"_links":{"self":[{"href":"https:\/\/travelsafe.nl\/de\/wp-json\/wp\/v2\/product\/35838","targetHints":{"allow":["GET"]}}],"collection":[{"href":"https:\/\/travelsafe.nl\/de\/wp-json\/wp\/v2\/product"}],"about":[{"href":"https:\/\/travelsafe.nl\/de\/wp-json\/wp\/v2\/types\/product"}],"wp:featuredmedia":[{"embeddable":true,"href":"https:\/\/travelsafe.nl\/de\/wp-json\/wp\/v2\/media\/33743"}],"wp:attachment":[{"href":"https:\/\/travelsafe.nl\/de\/wp-json\/wp\/v2\/media?parent=35838"}],"wp:term":[{"taxonomy":"product_brand","embeddable":true,"href":"https:\/\/travelsafe.nl\/de\/wp-json\/wp\/v2\/product_brand?post=35838"},{"taxonomy":"product_cat","embeddable":true,"href":"https:\/\/travelsafe.nl\/de\/wp-json\/wp\/v2\/product_cat?post=35838"},{"taxonomy":"product_tag","embeddable":true,"href":"https:\/\/travelsafe.nl\/de\/wp-json\/wp\/v2\/product_tag?post=35838"}],"curies":[{"name":"wp","href":"https:\/\/api.w.org\/{rel}","templated":true}]}}