{"id":35840,"date":"2019-06-10T23:23:52","date_gmt":"2019-06-10T23:23:52","guid":{"rendered":"http:\/\/travelsafe.nl\/assortiment\/unkategorisiert\/beauty-bag-m-apfelgrn\/"},"modified":"2023-05-12T11:49:42","modified_gmt":"2023-05-12T11:49:42","slug":"beauty-bag-m-apfelgrn","status":"publish","type":"product","link":"https:\/\/travelsafe.nl\/de\/assortiment\/reise-zubehr\/reisezubehr-reise-zubehr\/briges-reisezubehr-reise-zubehr\/beauty-bag-m-apfelgrn\/","title":{"rendered":"Kosmetiktaschen \u2013 M &#8211; Apfelgr\u00fcn"},"content":{"rendered":"<p>Medium Kosmetiktasche ideal f\u00fcr die Aufbewahrung von Make-up und Toilettenartikel.\u00a0Hauptfach mit Rei\u00dfverschluss und zus\u00e4tzlicher Fronttasche. Hergestellt aus Ripstop\u00a0Polyester mit originalem Globus-Print.<\/p>\n<p>Auch in den Gr\u00f6\u00dfen S und L erh\u00e4ltlich.<\/p>\n<p>Abmessungen: 21 x 12 x 7 cm<br \/>\nGewicht:\u00a0 \u00a0 \u00a0 \u00a0 \u00a0 \u00a034 g<br \/>\nMaterial:\u00a0 \u00a0 \u00a0 \u00a0 \u00a0 \u00a0210D Ripstop-Polyester<br \/>\nFarben:\u00a0 \u00a0 \u00a0 \u00a0 \u00a0 \u00a0 \u00a0Apfelgr\u00fcn<\/p>\n","protected":false},"excerpt":{"rendered":"<p>Medium Kosmetiktasche ideal f\u00fcr die Aufbewahrung von Make-up und Toilettenartikel.\u00a0Hauptfach mit Rei\u00dfverschluss und zus\u00e4tzlicher Fronttasche. Hergestellt aus Ripstop\u00a0Polyester mit originalem Globus-Print. Auch&hellip;<\/p>\n","protected":false},"featured_media":33761,"template":"","meta":{"_acf_changed":false},"product_brand":[],"product_cat":[2524,2364,2518],"product_tag":[],"class_list":{"0":"post-35840","1":"product","2":"type-product","3":"status-publish","4":"has-post-thumbnail","6":"product_cat-briges-reisezubehr-reise-zubehr","7":"product_cat-reise-zubehr","8":"product_cat-reisezubehr-reise-zubehr","10":"first","11":"instock","12":"purchasable","13":"product-type-simple"},"acf":[],"_links":{"self":[{"href":"https:\/\/travelsafe.nl\/de\/wp-json\/wp\/v2\/product\/35840","targetHints":{"allow":["GET"]}}],"collection":[{"href":"https:\/\/travelsafe.nl\/de\/wp-json\/wp\/v2\/product"}],"about":[{"href":"https:\/\/travelsafe.nl\/de\/wp-json\/wp\/v2\/types\/product"}],"wp:featuredmedia":[{"embeddable":true,"href":"https:\/\/travelsafe.nl\/de\/wp-json\/wp\/v2\/media\/33761"}],"wp:attachment":[{"href":"https:\/\/travelsafe.nl\/de\/wp-json\/wp\/v2\/media?parent=35840"}],"wp:term":[{"taxonomy":"product_brand","embeddable":true,"href":"https:\/\/travelsafe.nl\/de\/wp-json\/wp\/v2\/product_brand?post=35840"},{"taxonomy":"product_cat","embeddable":true,"href":"https:\/\/travelsafe.nl\/de\/wp-json\/wp\/v2\/product_cat?post=35840"},{"taxonomy":"product_tag","embeddable":true,"href":"https:\/\/travelsafe.nl\/de\/wp-json\/wp\/v2\/product_tag?post=35840"}],"curies":[{"name":"wp","href":"https:\/\/api.w.org\/{rel}","templated":true}]}}