{"id":35842,"date":"2019-06-10T23:23:55","date_gmt":"2019-06-10T23:23:55","guid":{"rendered":"http:\/\/travelsafe.nl\/assortiment\/unkategorisiert\/beauty-bag-l-apfelgrn\/"},"modified":"2023-07-21T07:39:42","modified_gmt":"2023-07-21T07:39:42","slug":"beauty-bag-l-apfelgrn","status":"publish","type":"product","link":"https:\/\/travelsafe.nl\/de\/assortiment\/reise-zubehr\/reisezubehr-reise-zubehr\/briges-reisezubehr-reise-zubehr\/beauty-bag-l-apfelgrn\/","title":{"rendered":"Kosmetiktaschen \u2013 L &#8211; Blau"},"content":{"rendered":"<p>Ger\u00e4umige Kosmetiktasche, ideal f\u00fcr die Lagerung von Toilettenartikel. 2 Hauptf\u00e4cher\u00a0mit Rei\u00dfverschluss und kleinen Lagerung Taschen, extra RV-Vordertasche. Hergestellt\u00a0aus Ripstop Polyester.<\/p>\n<p>Auch in den Gr\u00f6\u00dfen S und M erh\u00e4ltlich.<\/p>\n<p>Abmessungen: 21 x 12 x 7,5 cm<br \/>\nGewicht:\u00a0 \u00a0 \u00a0 \u00a0 \u00a0 \u00a0106 g<br \/>\nMaterial:\u00a0 \u00a0 \u00a0 \u00a0 \u00a0 \u00a0210D Ripstop-Polyester<br \/>\nFarben:\u00a0 \u00a0 \u00a0 \u00a0 \u00a0 \u00a0 \u00a0Blau<\/p>\n","protected":false},"excerpt":{"rendered":"<p>Ger\u00e4umige Kosmetiktasche, ideal f\u00fcr die Lagerung von Toilettenartikel. 2 Hauptf\u00e4cher\u00a0mit Rei\u00dfverschluss und kleinen Lagerung Taschen, extra RV-Vordertasche. Hergestellt\u00a0aus Ripstop Polyester. Auch in&hellip;<\/p>\n","protected":false},"featured_media":33779,"template":"","meta":{"_acf_changed":false},"product_brand":[],"product_cat":[2524,2364,2518],"product_tag":[],"class_list":{"0":"post-35842","1":"product","2":"type-product","3":"status-publish","4":"has-post-thumbnail","6":"product_cat-briges-reisezubehr-reise-zubehr","7":"product_cat-reise-zubehr","8":"product_cat-reisezubehr-reise-zubehr","10":"first","11":"instock","12":"purchasable","13":"product-type-simple"},"acf":[],"_links":{"self":[{"href":"https:\/\/travelsafe.nl\/de\/wp-json\/wp\/v2\/product\/35842","targetHints":{"allow":["GET"]}}],"collection":[{"href":"https:\/\/travelsafe.nl\/de\/wp-json\/wp\/v2\/product"}],"about":[{"href":"https:\/\/travelsafe.nl\/de\/wp-json\/wp\/v2\/types\/product"}],"wp:featuredmedia":[{"embeddable":true,"href":"https:\/\/travelsafe.nl\/de\/wp-json\/wp\/v2\/media\/33779"}],"wp:attachment":[{"href":"https:\/\/travelsafe.nl\/de\/wp-json\/wp\/v2\/media?parent=35842"}],"wp:term":[{"taxonomy":"product_brand","embeddable":true,"href":"https:\/\/travelsafe.nl\/de\/wp-json\/wp\/v2\/product_brand?post=35842"},{"taxonomy":"product_cat","embeddable":true,"href":"https:\/\/travelsafe.nl\/de\/wp-json\/wp\/v2\/product_cat?post=35842"},{"taxonomy":"product_tag","embeddable":true,"href":"https:\/\/travelsafe.nl\/de\/wp-json\/wp\/v2\/product_tag?post=35842"}],"curies":[{"name":"wp","href":"https:\/\/api.w.org\/{rel}","templated":true}]}}