{"id":35843,"date":"2019-06-10T23:23:55","date_gmt":"2019-06-10T23:23:55","guid":{"rendered":"http:\/\/travelsafe.nl\/assortiment\/unkategorisiert\/geldgrtel-geldgrtel-basic-beige\/"},"modified":"2023-04-07T14:01:20","modified_gmt":"2023-04-07T14:01:20","slug":"geldgrtel-geldgrtel-basic-beige","status":"publish","type":"product","link":"https:\/\/travelsafe.nl\/de\/assortiment\/reise-zubehr\/dokumententasche\/baumwolle\/geldgrtel-geldgrtel-basic-beige\/","title":{"rendered":"Geldg\u00fcrtel Basic &#8211; Beige"},"content":{"rendered":"<p>Flache H\u00fcft-Dokumententasche mit Rei\u00dfverschluss\u00a0f\u00fcr Reisdokument aus weicher Polyester\/Baumwolle. Hauptfach mit wasserdichtem\u00a0Beutel und zwei kleinen F\u00e4chern. Verstellbarer Bauchgurt\u00a0mit weichen Kanten und S\u00e4umen.\u00a0R\u00fcckseiten aus atmungsaktivem Material, angenehm\u00a0auf der Haut, f\u00fcr eine optimale Feuchtigkeitsregulierung.<\/p>\n<p>Abmessungen:\u00a0\u00a0 19 x 14 cm<br \/>\nGewicht:\u00a0 \u00a0 \u00a0 \u00a0 \u00a0 \u00a0 \u00a0 43 g<br \/>\nMaterial:\u00a0\u00a0 \u00a0 \u00a0 \u00a0 \u00a0\u00a0 \u00a0Baumwolle<br \/>\nFarbe : \u00a0\u00a0\u00a0\u00a0\u00a0\u00a0\u00a0\u00a0\u00a0\u00a0\u00a0\u00a0\u00a0\u00a0\u00a0\u00a0Beige<\/p>\n","protected":false},"excerpt":{"rendered":"<p>Flache H\u00fcft-Dokumententasche mit Rei\u00dfverschluss\u00a0f\u00fcr Reisdokument aus weicher Polyester\/Baumwolle. Hauptfach mit wasserdichtem\u00a0Beutel und zwei kleinen F\u00e4chern. Verstellbarer Bauchgurt\u00a0mit weichen Kanten und S\u00e4umen.\u00a0R\u00fcckseiten aus&hellip;<\/p>\n","protected":false},"featured_media":33796,"template":"","meta":{"_acf_changed":false},"product_brand":[],"product_cat":[2567,2551,2364],"product_tag":[],"class_list":{"0":"post-35843","1":"product","2":"type-product","3":"status-publish","4":"has-post-thumbnail","6":"product_cat-baumwolle","7":"product_cat-dokumententasche","8":"product_cat-reise-zubehr","10":"first","11":"instock","12":"purchasable","13":"product-type-simple"},"acf":[],"_links":{"self":[{"href":"https:\/\/travelsafe.nl\/de\/wp-json\/wp\/v2\/product\/35843","targetHints":{"allow":["GET"]}}],"collection":[{"href":"https:\/\/travelsafe.nl\/de\/wp-json\/wp\/v2\/product"}],"about":[{"href":"https:\/\/travelsafe.nl\/de\/wp-json\/wp\/v2\/types\/product"}],"wp:featuredmedia":[{"embeddable":true,"href":"https:\/\/travelsafe.nl\/de\/wp-json\/wp\/v2\/media\/33796"}],"wp:attachment":[{"href":"https:\/\/travelsafe.nl\/de\/wp-json\/wp\/v2\/media?parent=35843"}],"wp:term":[{"taxonomy":"product_brand","embeddable":true,"href":"https:\/\/travelsafe.nl\/de\/wp-json\/wp\/v2\/product_brand?post=35843"},{"taxonomy":"product_cat","embeddable":true,"href":"https:\/\/travelsafe.nl\/de\/wp-json\/wp\/v2\/product_cat?post=35843"},{"taxonomy":"product_tag","embeddable":true,"href":"https:\/\/travelsafe.nl\/de\/wp-json\/wp\/v2\/product_tag?post=35843"}],"curies":[{"name":"wp","href":"https:\/\/api.w.org\/{rel}","templated":true}]}}