{"id":35851,"date":"2019-06-10T23:24:03","date_gmt":"2019-06-10T23:24:03","guid":{"rendered":"http:\/\/travelsafe.nl\/assortiment\/unkategorisiert\/leak-proof-stuff-bags-large\/"},"modified":"2023-05-12T11:47:37","modified_gmt":"2023-05-12T11:47:37","slug":"leak-proof-stuff-bags-large","status":"publish","type":"product","link":"https:\/\/travelsafe.nl\/de\/assortiment\/reise-zubehr\/reisezubehr-reise-zubehr\/briges-reisezubehr-reise-zubehr\/leak-proof-stuff-bags-large\/","title":{"rendered":"Wasserdichte Aufbewahrungstaschen \u2013 3 St\u00fcck"},"content":{"rendered":"<p>3 St\u00fcck auslaufsichere Beutel mit spezieller Streifenverschluss. Das Set besteht aus 3 verschiedenen Gr\u00f6\u00dfen und eignet sich perfekt als Aufbewahrungsbeutel f\u00fcr Ihre Fl\u00fcssigkeiten im Handgep\u00e4ck. Das Material und der Verschluss sind auslaufsicher und stellen sicher, dass keine Fl\u00fcssigkeit in Ihr Gep\u00e4ck gelangen kann. Diese wiederverwendbaren Beutel ersetzen die Einwegplastikt\u00fcten.<\/p>\n<p>Abmessungen: 21 x 6,5 x 18,5 cm \/ 19,5 x 6 x 12 cm \/ 11,5 x 6 x 8 cm<br \/>\nGewicht:\u00a0\u00a0\u00a0\u00a0\u00a0\u00a0\u00a0\u00a0\u00a0\u00a0\u00a0 64 g (3 St\u00fcck)<br \/>\nMaterial:\u00a0\u00a0\u00a0\u00a0\u00a0\u00a0\u00a0\u00a0\u00a0\u00a0 \u00a0EVA, BPA frei<br \/>\nFarben: \u00a0\u00a0\u00a0\u00a0\u00a0\u00a0\u00a0\u00a0\u00a0\u00a0\u00a0\u00a0 Transparent<\/p>\n","protected":false},"excerpt":{"rendered":"<p>3 St\u00fcck auslaufsichere Beutel mit spezieller Streifenverschluss. Das Set besteht aus 3 verschiedenen Gr\u00f6\u00dfen und eignet sich perfekt als Aufbewahrungsbeutel f\u00fcr Ihre&hellip;<\/p>\n","protected":false},"featured_media":33920,"template":"","meta":{"_acf_changed":false},"product_brand":[],"product_cat":[2524,2364,2518],"product_tag":[],"class_list":{"0":"post-35851","1":"product","2":"type-product","3":"status-publish","4":"has-post-thumbnail","6":"product_cat-briges-reisezubehr-reise-zubehr","7":"product_cat-reise-zubehr","8":"product_cat-reisezubehr-reise-zubehr","10":"first","11":"onbackorder","12":"purchasable","13":"product-type-simple"},"acf":[],"_links":{"self":[{"href":"https:\/\/travelsafe.nl\/de\/wp-json\/wp\/v2\/product\/35851","targetHints":{"allow":["GET"]}}],"collection":[{"href":"https:\/\/travelsafe.nl\/de\/wp-json\/wp\/v2\/product"}],"about":[{"href":"https:\/\/travelsafe.nl\/de\/wp-json\/wp\/v2\/types\/product"}],"wp:featuredmedia":[{"embeddable":true,"href":"https:\/\/travelsafe.nl\/de\/wp-json\/wp\/v2\/media\/33920"}],"wp:attachment":[{"href":"https:\/\/travelsafe.nl\/de\/wp-json\/wp\/v2\/media?parent=35851"}],"wp:term":[{"taxonomy":"product_brand","embeddable":true,"href":"https:\/\/travelsafe.nl\/de\/wp-json\/wp\/v2\/product_brand?post=35851"},{"taxonomy":"product_cat","embeddable":true,"href":"https:\/\/travelsafe.nl\/de\/wp-json\/wp\/v2\/product_cat?post=35851"},{"taxonomy":"product_tag","embeddable":true,"href":"https:\/\/travelsafe.nl\/de\/wp-json\/wp\/v2\/product_tag?post=35851"}],"curies":[{"name":"wp","href":"https:\/\/api.w.org\/{rel}","templated":true}]}}